{"id":9,"date":"2008-06-09T07:26:05","date_gmt":"2008-06-09T05:26:05","guid":{"rendered":"http:\/\/www.pdgfc.de\/content\/?page_id=9"},"modified":"2020-06-24T17:09:11","modified_gmt":"2020-06-24T15:09:11","slug":"fbo-donnersberg-moltkefelsen-alderbogen","status":"publish","type":"page","link":"https:\/\/www.pdgfc.de\/content\/?page_id=9","title":{"rendered":"FBO Donnersberg Adlerbogen (Moltkefelsen)"},"content":{"rendered":"<header>\n<h2>Flugbetriebsordnung<\/h2>\n<\/header>\n<p>1. <strong>Erstfliegern<\/strong> wird dringend empfohlen, sich mit einem der unten genannten Einweisungs-Piloten in Verbindung zu setzen. Wer aufgrund von Unwissenheit oder mangelhafter Ger\u00e4tebeherrschung einen Rettungseinsatz hervorruft oder den Baumbestand sch\u00e4digt, schadet den Interessen derer, die dieses tolle Fluggebiet erm\u00f6glicht haben. Dasselbe gilt f\u00fcr die Nichteinhaltung der Zufahrts- und Parkregelungen.<\/p>\n<p>2. <strong>Bei starkem Flugbetrieb<\/strong> hat jeder Gleitschirmpilot max. 2 Startversuche (bei normalen Start- bedingungen). Danach haben die nachfolgenden Piloten Vorrang. Jeweils der \u00fcbern\u00e4chste Pilot hilft dem Starter beim Auslegen, w\u00e4hrend sich der n\u00e4chste Pilot komplett startfertig macht. So wird ein z\u00fcgiges Starten erm\u00f6glicht.<\/p>\n<p>F\u00fcr <strong>Gastflieger<\/strong> wird keine Geb\u00fchr erhoben. Bei starkem Andrang bitten wir jedoch um Verst\u00e4ndnis, dass Vereinsmitglieder der Haltergemeinschaft Donnersberg (<a title=\"1. Pf\u00e4lzer Drachen- und Gleitschirmflieger Club e.V.\" href=\"http:\/\/www.pdgfc.de\/\" target=\"_blank\" rel=\"noopener noreferrer\">1. PDGFC e.V.<\/a>, <a title=\"Pf\u00e4lzer Gleitschirmclub e.V.\" href=\"http:\/\/www.pfaelzergleitschirmclub.info\/\" target=\"_blank\" rel=\"noopener noreferrer\">Pf\u00e4lzer Gleitschirmclub e.V.<\/a> und <a title=\"Fliegergemeinschaft Stauf e.V.\" href=\"http:\/\/www.fg-stauf.de\/\" target=\"_blank\" rel=\"noopener noreferrer\">Fliegergemeinschaft Stauf e.V.<\/a>) Vorrang vor Gastfliegern haben. Jedes Vereinsmitglied ist berechtigt, f\u00fcr die Umsetzung zu sorgen.<\/p>\n<p>3. Das Mitf\u00fchren einer <strong>Bandschlinge<\/strong>, <strong>Sicherungskarabiner<\/strong> und <strong>Rettungsschnur<\/strong> ist Pflicht. Wir empfehlen die Lekt\u00fcre <a title=\"Verhalten bei Baumlandungen\" href=\"https:\/\/www.pdgfc.de\/content\/wp-download\/Baumlandung_Donnersberg.pdf\" target=\"_blank\" rel=\"noopener noreferrer\">Verhalten bei Baumlandungen<\/a> auf unserer Homepage.<\/p>\n<p>Sollte es zu einem Unfall oder zu einer Baumlandung kommen und kein Rettungseinsatz erforderlich sein, ist umgehend die zentrale Leitstelle der Polizei\/Feuerwehr zu informieren: Tel. 112. Unn\u00f6tige Rettungseins\u00e4tze k\u00f6nnen dadurch vermieden werden.<\/p>\n<p>4. Wer Sch\u00e4den irgendwelcher Art anrichtet, ist verpflichtet, den <a title=\"Kontakt\" href=\"https:\/\/www.pdgfc.de\/content\/?page_id=328\">Gel\u00e4ndewart<\/a> zu informieren.<\/p>\n<p>Happy Landings!!<\/p>\n<h3>Einweisungsberechtigte Piloten<\/h3>\n<h4>Gleitschirm<\/h4>\n<p>Georg Kreber, 0151-54854636<br \/>\nMarcus Brand, 0170-4117816<br \/>\nAndreas Dumke, 0173-3056675<br \/>\nHolger Tupath, 0160-90710775<br \/>\nRalph Tolksdorf, 0176-30498690<br \/>\nMartin Queck, 0160-7147313<br \/>\nJ\u00f6rg Enke, 0178-1899960<\/p>\n<h4>Drachen<\/h4>\n<p>Winfried Oswald, 0177-8661798<\/p>\n","protected":false},"excerpt":{"rendered":"<p>Flugbetriebsordnung 1. Erstfliegern wird dringend empfohlen, sich mit einem der unten genannten Einweisungs-Piloten in Verbindung zu setzen. Wer aufgrund von Unwissenheit oder mangelhafter Ger\u00e4tebeherrschung einen Rettungseinsatz hervorruft oder den Baumbestand sch\u00e4digt, schadet den Interessen derer, die dieses tolle Fluggebiet erm\u00f6glicht haben. Dasselbe gilt f\u00fcr die Nichteinhaltung der Zufahrts- und Parkregelungen. 2. Bei starkem Flugbetrieb hat &hellip; <a href=\"https:\/\/www.pdgfc.de\/content\/?page_id=9\" class=\"more-link\">Continue reading<span class=\"screen-reader-text\"> &#8220;FBO Donnersberg Adlerbogen (Moltkefelsen)&#8221;<\/span><\/a><\/p>\n","protected":false},"author":6,"featured_media":0,"parent":426,"menu_order":2,"comment_status":"closed","ping_status":"closed","template":"","meta":{"_s2mail":"yes","footnotes":""},"class_list":["post-9","page","type-page","status-publish","hentry"],"_links":{"self":[{"href":"https:\/\/www.pdgfc.de\/content\/index.php?rest_route=\/wp\/v2\/pages\/9","targetHints":{"allow":["GET"]}}],"collection":[{"href":"https:\/\/www.pdgfc.de\/content\/index.php?rest_route=\/wp\/v2\/pages"}],"about":[{"href":"https:\/\/www.pdgfc.de\/content\/index.php?rest_route=\/wp\/v2\/types\/page"}],"author":[{"embeddable":true,"href":"https:\/\/www.pdgfc.de\/content\/index.php?rest_route=\/wp\/v2\/users\/6"}],"replies":[{"embeddable":true,"href":"https:\/\/www.pdgfc.de\/content\/index.php?rest_route=%2Fwp%2Fv2%2Fcomments&post=9"}],"version-history":[{"count":12,"href":"https:\/\/www.pdgfc.de\/content\/index.php?rest_route=\/wp\/v2\/pages\/9\/revisions"}],"predecessor-version":[{"id":2193,"href":"https:\/\/www.pdgfc.de\/content\/index.php?rest_route=\/wp\/v2\/pages\/9\/revisions\/2193"}],"up":[{"embeddable":true,"href":"https:\/\/www.pdgfc.de\/content\/index.php?rest_route=\/wp\/v2\/pages\/426"}],"wp:attachment":[{"href":"https:\/\/www.pdgfc.de\/content\/index.php?rest_route=%2Fwp%2Fv2%2Fmedia&parent=9"}],"curies":[{"name":"wp","href":"https:\/\/api.w.org\/{rel}","templated":true}]}}