{"id":897,"date":"2012-11-01T20:09:04","date_gmt":"2012-11-01T18:09:04","guid":{"rendered":"http:\/\/www.pdgfc.de\/content\/?page_id=897"},"modified":"2021-04-21T16:05:31","modified_gmt":"2021-04-21T14:05:31","slug":"luftrauminfo-stolzenberg","status":"publish","type":"page","link":"https:\/\/www.pdgfc.de\/content\/?page_id=897","title":{"rendered":"Luftrauminfo Stolzenberg"},"content":{"rendered":"<h3>Luftr\u00e4ume:<\/h3>\n<ul>\n<li>0 \u2013 300m AGL (d. h. 300m \u00fcber Grund entsprechend Gel\u00e4ndeprofil): Luftraum G, unkontrolliert, Sichtflug<\/li>\n<li>300m AGL \u2013 FL100 (entspricht ca. 3000m MSL): Luftraum E, Mischbetrieb IFR und VFR. Wolkenabstand 300m vertikal, 1,5 km horizontal, 8 km Sicht in Flugrichtung.<\/li>\n<li>ab FL100 (ca. 3000m MSL): Luftraum C, keine Berechtigung f\u00fcr Gleitschirme<\/li>\n<\/ul>\n<h3>Gefahren:<\/h3>\n<ul>\n<li>Ab Luftraum E ist mit Galaxy-Begegnungen zu rechnen (Ramstein), also Augen offen halten!<\/li>\n<li>Beliebtes Tieffluggebiet<\/li>\n<\/ul>\n<h3>Luftraumbeschr\u00e4nkungen in der N\u00e4he:<\/h3>\n<ul>\n<li>N\u00f6rdlich ungef\u00e4hr ab Obermoschel: Maximale Flugh\u00f6he: 1060m MSL (3500 ft), wegen Luftraum C<\/li>\n<li>\u00d6stlich ungef\u00e4hr ab Kirchheimbolanden: Maximale Flugh\u00f6he: 1370m MSL (4500 ft), wegen Luftraum C<\/li>\n<\/ul>\n<p>Der n\u00f6rdlich gelegene Luftraum C kann westlich umflogen werden. \u00dcber Bad Sobernheim gibt es beispielsweise keine&nbsp; H\u00f6henbeschr\u00e4nkung durch Luftraum C.<\/p>\n<p>Diese Angaben sind ohne Gew\u00e4hr und k\u00f6nnen sich \u00e4ndern. Jeder Gleitschirm- oder Drachenflieger muss sich selber \u00fcber die Flugverbotszonen informieren.<\/p>\n","protected":false},"excerpt":{"rendered":"<p>Luftr\u00e4ume: 0 \u2013 300m AGL (d. h. 300m \u00fcber Grund entsprechend Gel\u00e4ndeprofil): Luftraum G, unkontrolliert, Sichtflug 300m AGL \u2013 FL100 (entspricht ca. 3000m MSL): Luftraum E, Mischbetrieb IFR und VFR. Wolkenabstand 300m vertikal, 1,5 km horizontal, 8 km Sicht in Flugrichtung. ab FL100 (ca. 3000m MSL): Luftraum C, keine Berechtigung f\u00fcr Gleitschirme Gefahren: Ab Luftraum &hellip; <a href=\"https:\/\/www.pdgfc.de\/content\/?page_id=897\" class=\"more-link\">Continue reading<span class=\"screen-reader-text\"> &#8220;Luftrauminfo Stolzenberg&#8221;<\/span><\/a><\/p>\n","protected":false},"author":12,"featured_media":0,"parent":0,"menu_order":0,"comment_status":"closed","ping_status":"closed","template":"","meta":{"_s2mail":"","footnotes":""},"class_list":["post-897","page","type-page","status-publish","hentry"],"_links":{"self":[{"href":"https:\/\/www.pdgfc.de\/content\/index.php?rest_route=\/wp\/v2\/pages\/897","targetHints":{"allow":["GET"]}}],"collection":[{"href":"https:\/\/www.pdgfc.de\/content\/index.php?rest_route=\/wp\/v2\/pages"}],"about":[{"href":"https:\/\/www.pdgfc.de\/content\/index.php?rest_route=\/wp\/v2\/types\/page"}],"author":[{"embeddable":true,"href":"https:\/\/www.pdgfc.de\/content\/index.php?rest_route=\/wp\/v2\/users\/12"}],"replies":[{"embeddable":true,"href":"https:\/\/www.pdgfc.de\/content\/index.php?rest_route=%2Fwp%2Fv2%2Fcomments&post=897"}],"version-history":[{"count":3,"href":"https:\/\/www.pdgfc.de\/content\/index.php?rest_route=\/wp\/v2\/pages\/897\/revisions"}],"predecessor-version":[{"id":2362,"href":"https:\/\/www.pdgfc.de\/content\/index.php?rest_route=\/wp\/v2\/pages\/897\/revisions\/2362"}],"wp:attachment":[{"href":"https:\/\/www.pdgfc.de\/content\/index.php?rest_route=%2Fwp%2Fv2%2Fmedia&parent=897"}],"curies":[{"name":"wp","href":"https:\/\/api.w.org\/{rel}","templated":true}]}}