{"id":8,"date":"2008-06-09T07:25:08","date_gmt":"2008-06-09T05:25:08","guid":{"rendered":"http:\/\/www.pdgfc.de\/content\/?page_id=8"},"modified":"2012-11-01T19:03:54","modified_gmt":"2012-11-01T17:03:54","slug":"allg-infos-donnersberg-moltkefelsen-adlerbogen","status":"publish","type":"page","link":"https:\/\/www.pdgfc.de\/content\/?page_id=8","title":{"rendered":"Zufahrts- und Parkregelung Donnersberg Moltkefelsen (Adlerbogen)"},"content":{"rendered":"<p>Der Zugang zum Startplatz kann ausschlie\u00dflich zu Fu\u00df erfolgen (Beschreibung unten). Deshalb sind Drachenstarts leider nur f\u00fcr diejenigen m\u00f6glich, die bereit sind, ihren Drachen dort hinaufzutragen.<\/p>\n<p>Normalerweise kann man direkt oberhalb des Landeplatzes am Sportplatz parken. (P1 Parkleitsystem Donnersberg)<br \/>\nWenn Fu\u00dfballspiele stattfinden, darf der Parkplatz nicht von Piloten zugestellt werden! In diesem Fall Ausweichparkpl\u00e4tze benutzen und Fahrgemeinschaften bilden.<\/p>\n<p><strong>Fu\u00dfweg zum Moltkefelsen<\/strong><\/p>\n<p>Vom Parkplatz am Sportplatz P1 (<a href=\"http:\/\/goo.gl\/maps\/POiBg\" target=\"_blank\">N49\u00b037&#8217;12&#8221; E007\u00b056&#8242; 59&#8243;<\/a>) zun\u00e4chst in westlicher Richtung gerade hinauf, weiter in westlicher Richtung am Waldrand entlang (rechts Notlandewiese) dann rechts haltend. An der Waldh\u00fctte mit den markanten violetten Grundmauern links-rechts-Kombination, dann am Zaun vom Kloster Ghetsemani hinauf. An der Gabelung den steileren Weg nach oben (Richtung S\u00fcdwest). Diesen Trampelpfad\/Waldweg immer weiter bis zum Startplatz Moltkefelsen.<br \/>\nZeitaufwand mit Gleitschirm ca. 20 min.<\/p>\n<p>&nbsp;<\/p>\n","protected":false},"excerpt":{"rendered":"<p>Der Zugang zum Startplatz kann ausschlie\u00dflich zu Fu\u00df erfolgen (Beschreibung unten). Deshalb sind Drachenstarts leider nur f\u00fcr diejenigen m\u00f6glich, die bereit sind, ihren Drachen dort hinaufzutragen. Normalerweise kann man direkt oberhalb des Landeplatzes am Sportplatz parken. (P1 Parkleitsystem Donnersberg) Wenn Fu\u00dfballspiele stattfinden, darf der Parkplatz nicht von Piloten zugestellt werden! In diesem Fall Ausweichparkpl\u00e4tze benutzen &hellip; <a href=\"https:\/\/www.pdgfc.de\/content\/?page_id=8\" class=\"more-link\">Continue reading<span class=\"screen-reader-text\"> &#8220;Zufahrts- und Parkregelung Donnersberg Moltkefelsen (Adlerbogen)&#8221;<\/span><\/a><\/p>\n","protected":false},"author":6,"featured_media":0,"parent":426,"menu_order":1,"comment_status":"closed","ping_status":"closed","template":"","meta":{"_s2mail":"","footnotes":""},"class_list":["post-8","page","type-page","status-publish","hentry"],"_links":{"self":[{"href":"https:\/\/www.pdgfc.de\/content\/index.php?rest_route=\/wp\/v2\/pages\/8","targetHints":{"allow":["GET"]}}],"collection":[{"href":"https:\/\/www.pdgfc.de\/content\/index.php?rest_route=\/wp\/v2\/pages"}],"about":[{"href":"https:\/\/www.pdgfc.de\/content\/index.php?rest_route=\/wp\/v2\/types\/page"}],"author":[{"embeddable":true,"href":"https:\/\/www.pdgfc.de\/content\/index.php?rest_route=\/wp\/v2\/users\/6"}],"replies":[{"embeddable":true,"href":"https:\/\/www.pdgfc.de\/content\/index.php?rest_route=%2Fwp%2Fv2%2Fcomments&post=8"}],"version-history":[{"count":6,"href":"https:\/\/www.pdgfc.de\/content\/index.php?rest_route=\/wp\/v2\/pages\/8\/revisions"}],"predecessor-version":[{"id":869,"href":"https:\/\/www.pdgfc.de\/content\/index.php?rest_route=\/wp\/v2\/pages\/8\/revisions\/869"}],"up":[{"embeddable":true,"href":"https:\/\/www.pdgfc.de\/content\/index.php?rest_route=\/wp\/v2\/pages\/426"}],"wp:attachment":[{"href":"https:\/\/www.pdgfc.de\/content\/index.php?rest_route=%2Fwp%2Fv2%2Fmedia&parent=8"}],"curies":[{"name":"wp","href":"https:\/\/api.w.org\/{rel}","templated":true}]}}