{"id":613,"date":"2012-05-30T22:30:22","date_gmt":"2012-05-30T20:30:22","guid":{"rendered":"http:\/\/www.pdgfc.de\/content\/?page_id=613"},"modified":"2013-05-10T09:14:44","modified_gmt":"2013-05-10T08:14:44","slug":"eigene-nachricht-veroeffentlichen","status":"publish","type":"page","link":"https:\/\/www.pdgfc.de\/content\/?page_id=613","title":{"rendered":"Eigene Nachricht ver\u00f6ffentlichen"},"content":{"rendered":"<h2>Anleitung zum Ver\u00f6ffentlichen einer eigenen Nachricht<\/h2>\n<p>&#8211; Jedes Vereinsmitglied kann hier Nachrichten ver\u00f6ffentlichen. Du ben\u00f6tigst dazu Benutzername und Passwort. Wenn du das noch nicht hast, solltest du beim Systemadministrator einen <a title=\"Website des pdgfc\" href=\"mailto:joerg.enke@pdgfc.de?subject=Bitte Zugangsdaten zum Ver\u00f6ffentlichen von Beitr\u00e4gen auf pdgfc.de schicken.\">Zugang zum Ver\u00f6ffentlichen von Nachrichten anfordern<\/a><\/p>\n<p>&#8211; Melde dich mit <a title=\"Login\" href=\"https:\/\/www.pdgfc.de\/content\/wp-login.php \">Login<\/a> auf der Seite an.<\/p>\n<p>&#8211; Am oberen Rand gibt es eine schwarze WordPress-Leiste. W\u00e4hle\u00a0<strong>New Post<\/strong>.<\/p>\n<p><a href=\"https:\/\/www.pdgfc.de\/content\/wp-content\/uploads\/2012\/05\/pdgfc_post1.png\"><img loading=\"lazy\" decoding=\"async\" class=\"alignnone size-full wp-image-614\" title=\"pdgfc_post1\" src=\"https:\/\/www.pdgfc.de\/content\/wp-content\/uploads\/2012\/05\/pdgfc_post1.png\" alt=\"New Post\" width=\"586\" height=\"180\" srcset=\"https:\/\/www.pdgfc.de\/content\/wp-content\/uploads\/2012\/05\/pdgfc_post1.png 586w, https:\/\/www.pdgfc.de\/content\/wp-content\/uploads\/2012\/05\/pdgfc_post1-300x92.png 300w, https:\/\/www.pdgfc.de\/content\/wp-content\/uploads\/2012\/05\/pdgfc_post1-500x153.png 500w\" sizes=\"auto, (max-width: 586px) 85vw, 586px\" \/><\/a><\/p>\n<p>&#8211; Jetzt kannst du die Nachricht schreiben. Gib \u00dcberschrift und Text ein. Du kannst ganz einfach Fotos hinzuf\u00fcgen. Ordne den Text einer oder mehreren Kategorien zu. Um den aktuellen Stand zwischenzuspeichern, z. B. weil du sp\u00e4ter weiterschreiben m\u00f6chtest, klicke auf Save Draft. Die Nachricht ist dann noch nicht ver\u00f6ffentlicht. Erst wenn du Publish dr\u00fcckst, wird die Nachricht f\u00fcr alle sichtbar. Die Nachricht kann mit &#8220;Move to Trash&#8221; jederzeit wieder gel\u00f6scht werden.<\/p>\n<p>Jetzt kannst du eigene Nachrichten verfassen!<\/p>\n<p><a href=\"https:\/\/www.pdgfc.de\/content\/wp-content\/uploads\/2012\/05\/pdgfc_post2.png\"><img loading=\"lazy\" decoding=\"async\" class=\"alignnone size-full wp-image-615\" title=\"Neue Nachricht eingeben\" src=\"https:\/\/www.pdgfc.de\/content\/wp-content\/uploads\/2012\/05\/pdgfc_post2.png\" alt=\"\" width=\"1043\" height=\"823\" srcset=\"https:\/\/www.pdgfc.de\/content\/wp-content\/uploads\/2012\/05\/pdgfc_post2.png 1043w, https:\/\/www.pdgfc.de\/content\/wp-content\/uploads\/2012\/05\/pdgfc_post2-300x236.png 300w, https:\/\/www.pdgfc.de\/content\/wp-content\/uploads\/2012\/05\/pdgfc_post2-1024x808.png 1024w, https:\/\/www.pdgfc.de\/content\/wp-content\/uploads\/2012\/05\/pdgfc_post2-380x300.png 380w\" sizes=\"auto, (max-width: 709px) 85vw, (max-width: 909px) 67vw, (max-width: 1362px) 62vw, 840px\" \/><\/a><\/p>\n<p>&#8211; Wenn du Feedback von anderen Leuten zulassen m\u00f6chtest, klicke auf &#8220;Allow Comments&#8221;. Das ist ein H\u00e4kchen am unteren Ende des Bildschirms.<\/p>\n<p><a href=\"https:\/\/www.pdgfc.de\/content\/wp-content\/uploads\/2012\/05\/pdgfc_post3.png\"><img loading=\"lazy\" decoding=\"async\" class=\"alignnone size-full wp-image-616\" title=\"Kommentare zulassen\" src=\"https:\/\/www.pdgfc.de\/content\/wp-content\/uploads\/2012\/05\/pdgfc_post3.png\" alt=\"\" width=\"296\" height=\"102\" \/><\/a><\/p>\n<p>&#8211; Das war&#8217;s! Viel Spa\u00df beim Ver\u00f6ffentlichen!<\/p>\n","protected":false},"excerpt":{"rendered":"<p>Anleitung zum Ver\u00f6ffentlichen einer eigenen Nachricht &#8211; Jedes Vereinsmitglied kann hier Nachrichten ver\u00f6ffentlichen. Du ben\u00f6tigst dazu Benutzername und Passwort. Wenn du das noch nicht hast, solltest du beim Systemadministrator einen Zugang zum Ver\u00f6ffentlichen von Nachrichten anfordern &#8211; Melde dich mit Login auf der Seite an. &#8211; Am oberen Rand gibt es eine schwarze WordPress-Leiste. W\u00e4hle\u00a0New &hellip; <a href=\"https:\/\/www.pdgfc.de\/content\/?page_id=613\" class=\"more-link\">Continue reading<span class=\"screen-reader-text\"> &#8220;Eigene Nachricht ver\u00f6ffentlichen&#8221;<\/span><\/a><\/p>\n","protected":false},"author":12,"featured_media":0,"parent":16,"menu_order":5,"comment_status":"closed","ping_status":"closed","template":"","meta":{"_s2mail":"","footnotes":""},"class_list":["post-613","page","type-page","status-publish","hentry"],"_links":{"self":[{"href":"https:\/\/www.pdgfc.de\/content\/index.php?rest_route=\/wp\/v2\/pages\/613","targetHints":{"allow":["GET"]}}],"collection":[{"href":"https:\/\/www.pdgfc.de\/content\/index.php?rest_route=\/wp\/v2\/pages"}],"about":[{"href":"https:\/\/www.pdgfc.de\/content\/index.php?rest_route=\/wp\/v2\/types\/page"}],"author":[{"embeddable":true,"href":"https:\/\/www.pdgfc.de\/content\/index.php?rest_route=\/wp\/v2\/users\/12"}],"replies":[{"embeddable":true,"href":"https:\/\/www.pdgfc.de\/content\/index.php?rest_route=%2Fwp%2Fv2%2Fcomments&post=613"}],"version-history":[{"count":10,"href":"https:\/\/www.pdgfc.de\/content\/index.php?rest_route=\/wp\/v2\/pages\/613\/revisions"}],"predecessor-version":[{"id":620,"href":"https:\/\/www.pdgfc.de\/content\/index.php?rest_route=\/wp\/v2\/pages\/613\/revisions\/620"}],"up":[{"embeddable":true,"href":"https:\/\/www.pdgfc.de\/content\/index.php?rest_route=\/wp\/v2\/pages\/16"}],"wp:attachment":[{"href":"https:\/\/www.pdgfc.de\/content\/index.php?rest_route=%2Fwp%2Fv2%2Fmedia&parent=613"}],"curies":[{"name":"wp","href":"https:\/\/api.w.org\/{rel}","templated":true}]}}