{"id":6,"date":"2008-06-09T07:27:10","date_gmt":"2008-06-09T05:27:10","guid":{"rendered":"http:\/\/www.pdgfc.de\/content\/?page_id=6"},"modified":"2019-11-08T01:59:18","modified_gmt":"2019-11-07T23:59:18","slug":"landeplatz-donnersberg","status":"publish","type":"page","link":"https:\/\/www.pdgfc.de\/content\/?page_id=6","title":{"rendered":"Landepl\u00e4tze Donnersberg B\u00e4renloch (Rampe)"},"content":{"rendered":"<h3 style=\"margin-bottom: 0cm;\">Gleitschirm-Landeplatz<\/h3>\n<p style=\"margin-bottom: 0cm;\">Der Gleitschirm-Landeplatz befindet sich direkt in Sichtweite von der Rampe (Windsack). Am Landeplatz muss die <a title=\"Zufahrts- und Parkregelungen Donnersberg B\u00e4renloch (Rampe)\" href=\"https:\/\/www.pdgfc.de\/content\/?page_id=35\">Zufahrts- und Parkregelung <\/a>unbedingt eingehalten werden!<\/p>\n<p>Weiter unten auf dieser Seite sind Landeplatz und Landevolte eingezeichnet. Meistens steht der Windsack so wie auf dem Foto. Zeigt der Windsack nach rechts, wird die Landevolte anders herum geflogen.<\/p>\n<h3 style=\"margin-bottom: 0cm;\">Drachen-Landeplatz<\/h3>\n<p style=\"margin-bottom: 0cm;\">Der<span style=\"color: #000000;\"> Drachenlandeplatz <\/span>ist ebenfalls von der Rampe aus sichtbar (siehe unten: Bild). Eine Stromleitung muss \u00fcberflogen werden, also nicht zu tief abfliegen! In der Regel tr\u00e4gt es aber drau\u00dfen im Flachen recht gut, so dass es meistens problemlos reicht.<\/p>\n<p>Viele Drachenpiloten nutzen den Landeplatz des Adlerbogen\/Moltefelsen, da dieser weniger im Lee liegt. Sieher hierzu <a title=\"Bilder Donnersberg Moltkefelsen (Adlerbogen)\" href=\"https:\/\/www.pdgfc.de\/content\/?page_id=10\">Bilder Moltkefelsen<\/a>.<\/p>\n<p><a href=\"https:\/\/www.pdgfc.de\/content\/wp-content\/uploads\/2019\/11\/Donnersberg-Rampe-1440.jpg\"><img loading=\"lazy\" decoding=\"async\" class=\"alignright size-full wp-image-2079\" src=\"https:\/\/www.pdgfc.de\/content\/wp-content\/uploads\/2019\/11\/Donnersberg-Rampe-1440.jpg\" alt=\"\" width=\"1440\" height=\"1080\" srcset=\"https:\/\/www.pdgfc.de\/content\/wp-content\/uploads\/2019\/11\/Donnersberg-Rampe-1440.jpg 1440w, https:\/\/www.pdgfc.de\/content\/wp-content\/uploads\/2019\/11\/Donnersberg-Rampe-1440-300x225.jpg 300w, https:\/\/www.pdgfc.de\/content\/wp-content\/uploads\/2019\/11\/Donnersberg-Rampe-1440-768x576.jpg 768w, https:\/\/www.pdgfc.de\/content\/wp-content\/uploads\/2019\/11\/Donnersberg-Rampe-1440-1024x768.jpg 1024w, https:\/\/www.pdgfc.de\/content\/wp-content\/uploads\/2019\/11\/Donnersberg-Rampe-1440-1200x900.jpg 1200w\" sizes=\"auto, (max-width: 709px) 85vw, (max-width: 909px) 67vw, (max-width: 1362px) 62vw, 840px\" \/><\/a><\/p>\n\n\n<p><\/p>\n\n\n\n<p><\/p>\n\n\n\n<figure class=\"wp-block-image\"><img loading=\"lazy\" decoding=\"async\" width=\"1024\" height=\"733\" src=\"https:\/\/www.pdgfc.de\/content\/wp-content\/uploads\/2019\/11\/Donnersberg-Rampe-Zoom-1024x733.jpg\" alt=\"\" class=\"wp-image-2082\" srcset=\"https:\/\/www.pdgfc.de\/content\/wp-content\/uploads\/2019\/11\/Donnersberg-Rampe-Zoom-1024x733.jpg 1024w, https:\/\/www.pdgfc.de\/content\/wp-content\/uploads\/2019\/11\/Donnersberg-Rampe-Zoom-300x215.jpg 300w, https:\/\/www.pdgfc.de\/content\/wp-content\/uploads\/2019\/11\/Donnersberg-Rampe-Zoom-768x549.jpg 768w, https:\/\/www.pdgfc.de\/content\/wp-content\/uploads\/2019\/11\/Donnersberg-Rampe-Zoom.jpg 1121w\" sizes=\"auto, (max-width: 709px) 85vw, (max-width: 909px) 67vw, (max-width: 1362px) 62vw, 840px\" \/><figcaption>Der Gleitschirmlandeplatz f\u00e4llt am linken Rand ab und kann deshalb nach links nicht ausgeweitet werden. Au\u00dferdem kommt man dann in die N\u00e4he einer Stromleitung. Am hinteren Rand stehen Obstb\u00e4ume. Am rechten Rand ist ein Weg, der mit einem Weidezaun vom Landeplatz abgegrenzt ist. Rechts vom Windsack ist eine weitere (kleinere) Wiese, die zur Landung auch genutzt werden kann. <br>Der Drachenlandeplatz kann nat\u00fcrlich auch von Gleitschirmfliegern genutzt werden. Dies empfiehlt sich vor allem bei stark thermischen Bedingungen und st\u00e4rkerem Wind. Der Drachenplatz ist viel gr\u00f6\u00dfer, flacher und hat am Rand weniger B\u00e4ume.<\/figcaption><\/figure>\n\n\n\n<p><\/p>\n\n\n\n<p><\/p>\n\n\n\n<p><\/p>\n\n\n\n<h3 class=\"wp-block-heading\"><a href=\"https:\/\/www.pdgfc.de\/content\/wp-content\/uploads\/2019\/11\/Donnersberg-Rampe-Zoom.jpg\"><\/a><\/h3>\n","protected":false},"excerpt":{"rendered":"<p>Gleitschirm-Landeplatz Der Gleitschirm-Landeplatz befindet sich direkt in Sichtweite von der Rampe (Windsack). Am Landeplatz muss die Zufahrts- und Parkregelung unbedingt eingehalten werden! Weiter unten auf dieser Seite sind Landeplatz und Landevolte eingezeichnet. Meistens steht der Windsack so wie auf dem Foto. Zeigt der Windsack nach rechts, wird die Landevolte anders herum geflogen. Drachen-Landeplatz Der Drachenlandeplatz &hellip; <a href=\"https:\/\/www.pdgfc.de\/content\/?page_id=6\" class=\"more-link\">Continue reading<span class=\"screen-reader-text\"> &#8220;Landepl\u00e4tze Donnersberg B\u00e4renloch (Rampe)&#8221;<\/span><\/a><\/p>\n","protected":false},"author":6,"featured_media":0,"parent":422,"menu_order":7,"comment_status":"closed","ping_status":"closed","template":"","meta":{"_s2mail":"yes","footnotes":""},"class_list":["post-6","page","type-page","status-publish","hentry"],"_links":{"self":[{"href":"https:\/\/www.pdgfc.de\/content\/index.php?rest_route=\/wp\/v2\/pages\/6","targetHints":{"allow":["GET"]}}],"collection":[{"href":"https:\/\/www.pdgfc.de\/content\/index.php?rest_route=\/wp\/v2\/pages"}],"about":[{"href":"https:\/\/www.pdgfc.de\/content\/index.php?rest_route=\/wp\/v2\/types\/page"}],"author":[{"embeddable":true,"href":"https:\/\/www.pdgfc.de\/content\/index.php?rest_route=\/wp\/v2\/users\/6"}],"replies":[{"embeddable":true,"href":"https:\/\/www.pdgfc.de\/content\/index.php?rest_route=%2Fwp%2Fv2%2Fcomments&post=6"}],"version-history":[{"count":18,"href":"https:\/\/www.pdgfc.de\/content\/index.php?rest_route=\/wp\/v2\/pages\/6\/revisions"}],"predecessor-version":[{"id":2084,"href":"https:\/\/www.pdgfc.de\/content\/index.php?rest_route=\/wp\/v2\/pages\/6\/revisions\/2084"}],"up":[{"embeddable":true,"href":"https:\/\/www.pdgfc.de\/content\/index.php?rest_route=\/wp\/v2\/pages\/422"}],"wp:attachment":[{"href":"https:\/\/www.pdgfc.de\/content\/index.php?rest_route=%2Fwp%2Fv2%2Fmedia&parent=6"}],"curies":[{"name":"wp","href":"https:\/\/api.w.org\/{rel}","templated":true}]}}