{"id":547,"date":"2012-05-25T17:25:07","date_gmt":"2012-05-25T15:25:07","guid":{"rendered":"http:\/\/www.pdgfc.de\/content\/?page_id=547"},"modified":"2025-07-06T22:45:13","modified_gmt":"2025-07-06T20:45:13","slug":"wetter","status":"publish","type":"page","link":"https:\/\/www.pdgfc.de\/content\/?page_id=547","title":{"rendered":"Wetter"},"content":{"rendered":"\n<h2 class=\"wp-block-heading\">Wetterstation Donnersberg B\u00e4renloch (Rampe)<\/h2>\n\n\n\n<p><iframe style=\"width: 580px; height: 250px;\" src=\"https:\/\/widget.holfuy.com\/?station=344&amp;su=km\/h&amp;t=C&amp;lang=de&amp;mode=detailed\" marginwidth=\"1\" marginheight=\"1\" scrolling=\"no\" frameborder=\"0\"><\/iframe><br><iframe style=\"width: 100%; height: 170px;\" src=\"https:\/\/widget.holfuy.com\/?station=344&amp;su=km\/h&amp;t=C&amp;lang=de&amp;mode=average_hourly&amp;avgrows=32\" marginwidth=\"1\" marginheight=\"1\" scrolling=\"no\" frameborder=\"0\"><\/iframe><br><strong>Achtung!<\/strong> Die Windrichtung der Messstation ist nur aussagekr\u00e4ftig, wenn der \u00fcberregionale Wind ungef\u00e4hr aus Nordost kommt. Bei Westwindlagen bildet sich h\u00e4ufig ein Leebereich, in dem der Windanzeiger f\u00e4lschlicherweise Wind aus Nord bis Ost signalisiert.<\/p>\n\n\n\n<h2 class=\"wp-block-heading\">Wetterstation Donnersberg Adlerbogen<\/h2>\n\n\n\n<p><iframe style=\"width: 580px; height: 250px;\" src=\"https:\/\/widget.holfuy.com\/?station=1404&amp;su=km\/h&amp;t=C&amp;lang=de&amp;mode=detailed\" marginwidth=\"1\" marginheight=\"1\" scrolling=\"no\" frameborder=\"0\"><\/iframe><br><iframe style=\"width: 100%; height: 170px;\" src=\"https:\/\/widget.holfuy.com\/?station=1404&amp;su=km\/h&amp;t=C&amp;lang=de&amp;mode=average_hourly&amp;avgrows=32\" marginwidth=\"1\" marginheight=\"1\" scrolling=\"no\" frameborder=\"0\"><\/iframe><\/p>\n\n\n\n<h2 class=\"wp-block-heading\">Wetterstation Stauf der FG Stauf<\/h2>\n\n\n\n<p><iframe style=\"width: 580px; height: 250px;\" src=\"https:\/\/widget.holfuy.com\/?station=325&amp;su=km\/h&amp;t=C&amp;lang=de&amp;mode=detailed\" marginwidth=\"1\" marginheight=\"1\" scrolling=\"no\" frameborder=\"0\"><\/iframe><br><iframe style=\"width: 100%; height: 170px;\" src=\"https:\/\/widget.holfuy.com\/?station=325&amp;su=km\/h&amp;t=C&amp;lang=de&amp;mode=average_hourly&amp;avgrows=32\" marginwidth=\"1\" marginheight=\"1\" scrolling=\"no\" frameborder=\"0\"><\/iframe><\/p>\n\n\n\n<h2 class=\"wp-block-heading\">Wetterstation Steckweiler des Pf\u00e4lzer Gleitschirmfliegerclubs<\/h2>\n\n\n\n<p><iframe style=\"width: 580px; height: 250px;\" src=\"https:\/\/widget.holfuy.com\/?station=228&amp;su=km\/h&amp;t=C&amp;lang=de&amp;mode=detailed\" marginwidth=\"1\" marginheight=\"1\" scrolling=\"no\" frameborder=\"0\"><\/iframe><br><iframe style=\"width: 100%; height: 170px;\" src=\"https:\/\/widget.holfuy.com\/?station=228&amp;su=km\/h&amp;t=C&amp;lang=de&amp;mode=average_hourly&amp;avgrows=32\" marginwidth=\"1\" marginheight=\"1\" scrolling=\"no\" frameborder=\"0\"><\/iframe><\/p>\n\n\n\n<h2 class=\"wp-block-heading\">Wetterstation Startplatz Madenburg<\/h2>\n\n\n\n<p><iframe style=\"width: 580px; height: 250px;\" src=\"https:\/\/widget.holfuy.com\/?station=1719&amp;su=km\/h&amp;t=C&amp;lang=de&amp;mode=detailed\" marginwidth=\"1\" marginheight=\"1\" scrolling=\"no\" frameborder=\"0\"><\/iframe><br><iframe style=\"width: 100%; height: 170px;\" src=\"https:\/\/widget.holfuy.com\/?station=1719&amp;su=km\/h&amp;t=C&amp;lang=de&amp;mode=average_hourly&amp;avgrows=32\" marginwidth=\"1\" marginheight=\"1\" scrolling=\"no\" frameborder=\"0\"><\/iframe><\/p>\n\n\n\n<h2 class=\"wp-block-heading\">Wetterstation Landeplatz Madenburg<\/h2>\n\n\n\n<p><iframe style=\"width: 580px; height: 250px;\" src=\"https:\/\/widget.holfuy.com\/?station=1924&amp;su=km\/h&amp;t=C&amp;lang=de&amp;mode=detailed\" marginwidth=\"1\" marginheight=\"1\" scrolling=\"no\" frameborder=\"0\"><\/iframe><br><iframe style=\"width: 100%; height: 170px;\" src=\"https:\/\/widget.holfuy.com\/?station=1924&amp;su=km\/h&amp;t=C&amp;lang=de&amp;mode=average_hourly&amp;avgrows=32\" marginwidth=\"1\" marginheight=\"1\" scrolling=\"no\" frameborder=\"0\"><\/iframe><\/p>\n\n\n\n<h2 class=\"wp-block-heading\">Wetterlage (www.wetterzentrale.de)<\/h2>\n\n\n\n<p><img loading=\"lazy\" decoding=\"async\" style=\"border: 1px solid #000000;\" src=\"https:\/\/www.wetterzentrale.de\/maps\/DWDEU_0.png\" alt=\"Wetterkarte\" width=\"640\" height=\"480\"><\/p>\n\n\n\n<h2 class=\"wp-block-heading\">Windfinder:<\/h2>\n\n\n\n<script src=\"https:\/\/www.windfinder.com\/widget\/forecast\/js\/donnersberg?unit_wave=m&amp;unit_rain=mm&amp;unit_temperature=c&amp;unit_wind=kmh&amp;days=3&amp;show_day=1&amp;show_waves=0\"><\/script><noscript>&amp;lt;a rel=&#8221;nofollow&#8221; href=&#8221;https:\/\/www.windfinder.com\/forecast\/donnersberg?utm_source=forecast&amp;amp;utm_medium=web&amp;amp;utm_campaign=homepageweather&amp;amp;utm_content=noscript-forecast&#8221;&amp;gt;Wind forecast for Donnersberg&amp;lt;\/a&amp;gt; provided by &amp;lt;a rel=&#8221;nofollow&#8221; href=&#8221;https:\/\/www.windfinder.com?utm_source=forecast&amp;amp;utm_medium=web&amp;amp;utm_campaign=homepageweather&amp;amp;utm_content=noscript-logo&#8221;&amp;gt;windfinder.com&amp;lt;\/a&amp;gt;<\/noscript>\n\n\n\n<h2 class=\"wp-block-heading\">Wind \/ Temperatur (aktuelle Messwerte):<\/h2>\n\n\n\n<figure class=\"wp-block-table\"><table><tbody><tr><td>Ramstein (238m):<\/td><td>Landau (134m):<\/td><td>E\u00dfweiler (505m):<\/td><td>Weinbiet (559m):<\/td><\/tr><tr><td><img decoding=\"async\" src=\"https:\/\/wetterstationen.meteomedia.de\/messnetz\/wettergrafik\/106140.png\" alt=\"Windwerte Ramstein\"><\/td><td><img decoding=\"async\" src=\"https:\/\/wetterstationen.meteomedia.de\/messnetz\/wettergrafik\/097320.png\" alt=\"Windwerte Landau\"><\/td><td><img decoding=\"async\" src=\"http:\/\/wetterstationen.meteomedia.de\/messnetz\/wettergrafik\/106200.png\" alt=\"Windwerte E\u00dfweiler\"><\/td><td><img decoding=\"async\" src=\"http:\/\/wetterstationen.meteomedia.de\/messnetz\/wettergrafik\/107240.png\" alt=\"Windwerte Weinbiet\"><\/td><\/tr><tr><td><a href=\"https:\/\/wetterstationen.meteomedia.de\/?station=106140&amp;wahl=vorhersage\" target=\"_blank\" rel=\"noopener noreferrer\"><img loading=\"lazy\" decoding=\"async\" style=\"margin-bottom: 11px;\" src=\"http:\/\/wetterstationen.meteomedia.de\/messnetz\/logos\/prognose.gif\" alt=\"\" width=\"120\" height=\"13\" border=\"0\"><\/a><\/td><td><a href=\"https:\/\/wetterstationen.meteomedia.de\/?station=097320&amp;wahl=vorhersage\" target=\"_blank\" rel=\"noopener noreferrer\"><img loading=\"lazy\" decoding=\"async\" style=\"margin-bottom: 11px;\" src=\"http:\/\/wetterstationen.meteomedia.de\/messnetz\/logos\/prognose.gif\" alt=\"\" width=\"120\" height=\"13\" border=\"0\"><\/a><\/td><td><a href=\"http:\/\/wetterstationen.meteomedia.de\/station=106200&amp;wahl=vorhersage\" target=\"_blank\" rel=\"noopener noreferrer\"><img loading=\"lazy\" decoding=\"async\" style=\"margin-bottom: 11px;\" src=\"http:\/\/wetterstationen.meteomedia.de\/messnetz\/logos\/prognose.gif\" alt=\"\" width=\"120\" height=\"13\" border=\"0\"><\/a><\/td><td><a href=\"http:\/\/wetterstationen.meteomedia.de\/station=107240&amp;wahl=vorhersage\" target=\"_blank\" rel=\"noopener noreferrer\"><img loading=\"lazy\" decoding=\"async\" style=\"margin-bottom: 11px;\" src=\"http:\/\/wetterstationen.meteomedia.de\/messnetz\/logos\/prognose.gif\" alt=\"\" width=\"120\" height=\"13\" border=\"0\"><\/a><\/td><\/tr><\/tbody><\/table><\/figure>\n\n\n\n<h2 class=\"wp-block-heading\">DHV<\/h2>\n\n\n\n<p><a href=\"https:\/\/www.dhv.de\/wetter\/\" target=\"_blank\" rel=\"noreferrer noopener\">Wetterseite des DHV<\/a><\/p>\n\n\n\n<h2 class=\"wp-block-heading\">Windmodell wetteronline.de<\/h2>\n\n\n\n<p><a href=\"http:\/\/www.wetteronline.de\/profi-wetter?pcid=pc_modell_expert&amp;gid=DL&amp;parameter=uv92&amp;base=14081018&amp;model=gfs\" target=\"_blank\" rel=\"noopener noreferrer\">H\u00f6henwind 1000m<\/a><\/p>\n\n\n\n<p><a href=\"http:\/\/www.wetteronline.de\/profi-wetter?pcid=pc_modell_expert&amp;gid=DL&amp;parameter=uv85&amp;base=14081018&amp;model=gfs\" target=\"_blank\" rel=\"noopener noreferrer\">H\u00f6henwind 1500m<\/a><\/p>\n\n\n\n<h2 class=\"wp-block-heading\">Satellitenbild und Wolken<\/h2>\n\n\n\n<p><iframe sandbox=\"allow-scripts allow-popups allow-popups-to-escape-sandbox\" src=\"https:\/\/widgets.meteox.com\/de-DE\/widgets\/radar\/country\/de\/rain\" style=\"width:100%!important;max-width:600px!important;max-height:600px!important;height:100%!important;padding:0px;border:none!important;box-sizing:border-box!important;\" scrolling=\"no\" frameborder=\"0\"><\/iframe><\/p>\n\n\n\n<h2 class=\"wp-block-heading\">Wetter\u00fcbersicht DGC Siebengebirge<\/h2>\n\n\n\n<p><a title=\"Wetter heute\" href=\"http:\/\/www.dgc-siebengebirge.com\/wetter-heute.htm\" target=\"_blank\" rel=\"noopener noreferrer\">Das Wetter von heute<\/a><br><a title=\"Wetter moren\" href=\"http:\/\/www.dgc-siebengebirge.com\/wetter-morgen.htm\" target=\"_blank\" rel=\"noopener noreferrer\">Das Wetter von morgen<\/a><\/p>\n\n\n\n<h2 class=\"wp-block-heading\">Wetterstation Relais Donnersberg<\/h2>\n\n\n\n<p><a href=\"https:\/\/uwapp.iotxs.de\/dash02.php?devEUI=00e8b2dd25754c00\">https:\/\/uwapp.iotxs.de\/dash02.php?devEUI=00e8b2dd25754c00<\/a><\/p>\n","protected":false},"excerpt":{"rendered":"<p>Wetterstation Donnersberg B\u00e4renloch (Rampe) Achtung! Die Windrichtung der Messstation ist nur aussagekr\u00e4ftig, wenn der \u00fcberregionale Wind ungef\u00e4hr aus Nordost kommt. Bei Westwindlagen bildet sich h\u00e4ufig ein Leebereich, in dem der Windanzeiger f\u00e4lschlicherweise Wind aus Nord bis Ost signalisiert. Wetterstation Donnersberg Adlerbogen Wetterstation Stauf der FG Stauf Wetterstation Steckweiler des Pf\u00e4lzer Gleitschirmfliegerclubs Wetterstation Startplatz Madenburg Wetterstation &hellip; <a href=\"https:\/\/www.pdgfc.de\/content\/?page_id=547\" class=\"more-link\">Continue reading<span class=\"screen-reader-text\"> &#8220;Wetter&#8221;<\/span><\/a><\/p>\n","protected":false},"author":12,"featured_media":0,"parent":0,"menu_order":4,"comment_status":"closed","ping_status":"closed","template":"","meta":{"_s2mail":"yes","footnotes":""},"class_list":["post-547","page","type-page","status-publish","hentry"],"_links":{"self":[{"href":"https:\/\/www.pdgfc.de\/content\/index.php?rest_route=\/wp\/v2\/pages\/547","targetHints":{"allow":["GET"]}}],"collection":[{"href":"https:\/\/www.pdgfc.de\/content\/index.php?rest_route=\/wp\/v2\/pages"}],"about":[{"href":"https:\/\/www.pdgfc.de\/content\/index.php?rest_route=\/wp\/v2\/types\/page"}],"author":[{"embeddable":true,"href":"https:\/\/www.pdgfc.de\/content\/index.php?rest_route=\/wp\/v2\/users\/12"}],"replies":[{"embeddable":true,"href":"https:\/\/www.pdgfc.de\/content\/index.php?rest_route=%2Fwp%2Fv2%2Fcomments&post=547"}],"version-history":[{"count":139,"href":"https:\/\/www.pdgfc.de\/content\/index.php?rest_route=\/wp\/v2\/pages\/547\/revisions"}],"predecessor-version":[{"id":2839,"href":"https:\/\/www.pdgfc.de\/content\/index.php?rest_route=\/wp\/v2\/pages\/547\/revisions\/2839"}],"wp:attachment":[{"href":"https:\/\/www.pdgfc.de\/content\/index.php?rest_route=%2Fwp%2Fv2%2Fmedia&parent=547"}],"curies":[{"name":"wp","href":"https:\/\/api.w.org\/{rel}","templated":true}]}}