{"id":5,"date":"2008-06-05T11:49:33","date_gmt":"2008-06-05T09:49:33","guid":{"rendered":"http:\/\/www.pdgfc.de\/content\/?page_id=5"},"modified":"2021-10-24T11:57:08","modified_gmt":"2021-10-24T09:57:08","slug":"fluggelande","status":"publish","type":"page","link":"https:\/\/www.pdgfc.de\/content\/?page_id=5","title":{"rendered":"Fluggel\u00e4nde"},"content":{"rendered":"\n<h2 class=\"wp-block-heading\"><span style=\"font-family: Arial;\"><a title=\"Donnersberg Rampe\" href=\"https:\/\/www.pdgfc.de\/content\/?page_id=422\">Donnersberg B\u00e4renloch (Rampe)<\/a><\/span><\/h2>\n\n\n\n<p>Bei Nord-Ost bis Ost-Wind l\u00e4dt der Startplatz B\u00e4renloch zu einem Flug ein. Ob es ein kurzer Abgleiter wird oder ein Streckenflug von <a title=\"Neuer Gleitschirm Streckenflugrekord vom Donnersberg\" href=\"https:\/\/www.pdgfc.de\/content\/?p=723\" target=\"_blank\" rel=\"noopener\">\u00fcber 150 km<\/a>, h\u00e4ngt von den Thermik-Bedingungen und den F\u00e4higkeiten des Piloten ab.<\/p>\n\n\n\n<p>Der Start von der Rampe gilt als sehr anspruchsvoll. Erstflieger ben\u00f6tigen eine Einweisung.<\/p>\n\n\n\n<p>Der Startplatz eignet sich f\u00fcr Gleitschirme und Drachen. Sein gr\u00f6\u00dfter Nachteil ist, dass aus Platzgr\u00fcnden nur ein Pilot seinen Gleitschirm auslegen kann.&nbsp; <a title=\"Donnersberg Rampe\" href=\"https:\/\/www.pdgfc.de\/content\/?page_id=422\">(mehr)<\/a><\/p>\n\n\n\n<h2 class=\"wp-block-heading\"><span style=\"font-family: Arial;\"><a href=\"https:\/\/www.pdgfc.de\/content\/?page_id=426\">Donnersberg Adlerbogen (Moltkefelsen)<\/a> <\/span><\/h2>\n\n\n\n<p>Bei S\u00fcdost-Wind ist der Moltkefelsen mit seinem auff\u00e4lligen Adlerbogen der richtige Startplatz am Donnersberg. Hier ist im Allgemeinen weniger los als am B\u00e4renloch. Ein Grund daf\u00fcr ist sicher, dass man einen Gro\u00dfteil des Wegs zum Startplatz zu Fu\u00df laufen muss. Oben erwartet einen sch\u00f6ne Aussicht, ein komfortabler Startplatz und, wenn alles passt, auch ein sch\u00f6ner und langer Flug.&nbsp;<a title=\"Donnersberg Adlerbogen\" href=\"https:\/\/www.pdgfc.de\/content\/?page_id=426\"> (mehr)<\/a><\/p>\n\n\n\n<h2 class=\"wp-block-heading\"><span style=\"font-family: Arial;\"><a title=\"Stolzenberg (Steckweiler)\" href=\"https:\/\/www.pdgfc.de\/content\/?page_id=432\">Stolzenberg (Steckweiler)<\/a><\/span><\/h2>\n\n\n\n<p>Weht der Wind aus S\u00fcdwest, dann kann man am Stolzenberg fliegen. Dieser Flugberg ist mit beschr\u00e4nkenden Auflagen behaftet. Im Hangbereich d\u00fcrfen maximal drei Gleitschirme fliegen, es ist ein B-Schein-Gel\u00e4nde, und nur Vereinsmitglieder d\u00fcrfen fliegen. Zudem sind Fl\u00fcge von Anfang April bis Ende Juni wegen Vogelschutz ganz verboten.<\/p>\n\n\n\n<p>Aber wenn alle Voraussetzungen stimmen, darf man sich \u00fcber ein sch\u00f6nes Fluggel\u00e4nde freuen. Mancher Streckenflug, z. B. Richtung Bingen wurde hier begonnen. Dabei muss man aber unbedingt die Luftraumbeschr\u00e4nkungen im Norden und Osten beachten.&nbsp; <a title=\"Stolzenberg (Steckweiler)\" href=\"https:\/\/www.pdgfc.de\/content\/?page_id=432\">(mehr)<\/a><\/p>\n\n\n\n<h2 class=\"wp-block-heading\"><a title=\"Madenburg (Eschbach)\" href=\"https:\/\/www.pdgfc.de\/content\/?page_id=437\"><span style=\"font-family: Arial;\">Madenburg (Eschbach\/Klingenm\u00fcnster)<\/span><\/a><\/h2>\n\n\n\n<p>Fr\u00fcher war der Start an der Madenburg nur f\u00fcr Drachen freigegeben. Seit 2021 kann dort auch mit Gleitschirmen gestartet werden. Es sind jedoch gewisse Auflagen zu beachten.  <a title=\"Madenburg (Eschbach)\" href=\"https:\/\/www.pdgfc.de\/content\/?page_id=437\">(mehr)<\/a><\/p>\n\n\n\n<h2 class=\"wp-block-heading\"><span style=\"font-family: Arial;\"><a title=\"Hohenberg (Annweiler)\" href=\"https:\/\/www.pdgfc.de\/content\/?page_id=434\">Hohenberg (Annweiler)<\/a><\/span><\/h2>\n\n\n\n<p>Ein Fluggebiet nur f\u00fcr Drachen. Von der Rampe aus geht es bei West- bis Nord-West-Wind in die L\u00fcfte.&nbsp; <a title=\"Hohenberg (Annweiler)\" href=\"https:\/\/www.pdgfc.de\/content\/?page_id=434\">(mehr)<\/a><\/p>\n","protected":false},"excerpt":{"rendered":"<p>Donnersberg B\u00e4renloch (Rampe) Bei Nord-Ost bis Ost-Wind l\u00e4dt der Startplatz B\u00e4renloch zu einem Flug ein. Ob es ein kurzer Abgleiter wird oder ein Streckenflug von \u00fcber 150 km, h\u00e4ngt von den Thermik-Bedingungen und den F\u00e4higkeiten des Piloten ab. Der Start von der Rampe gilt als sehr anspruchsvoll. Erstflieger ben\u00f6tigen eine Einweisung. Der Startplatz eignet sich &hellip; <a href=\"https:\/\/www.pdgfc.de\/content\/?page_id=5\" class=\"more-link\">Continue reading<span class=\"screen-reader-text\"> &#8220;Fluggel\u00e4nde&#8221;<\/span><\/a><\/p>\n","protected":false},"author":6,"featured_media":0,"parent":0,"menu_order":2,"comment_status":"closed","ping_status":"closed","template":"","meta":{"_s2mail":"yes","footnotes":""},"class_list":["post-5","page","type-page","status-publish","hentry"],"_links":{"self":[{"href":"https:\/\/www.pdgfc.de\/content\/index.php?rest_route=\/wp\/v2\/pages\/5","targetHints":{"allow":["GET"]}}],"collection":[{"href":"https:\/\/www.pdgfc.de\/content\/index.php?rest_route=\/wp\/v2\/pages"}],"about":[{"href":"https:\/\/www.pdgfc.de\/content\/index.php?rest_route=\/wp\/v2\/types\/page"}],"author":[{"embeddable":true,"href":"https:\/\/www.pdgfc.de\/content\/index.php?rest_route=\/wp\/v2\/users\/6"}],"replies":[{"embeddable":true,"href":"https:\/\/www.pdgfc.de\/content\/index.php?rest_route=%2Fwp%2Fv2%2Fcomments&post=5"}],"version-history":[{"count":49,"href":"https:\/\/www.pdgfc.de\/content\/index.php?rest_route=\/wp\/v2\/pages\/5\/revisions"}],"predecessor-version":[{"id":2454,"href":"https:\/\/www.pdgfc.de\/content\/index.php?rest_route=\/wp\/v2\/pages\/5\/revisions\/2454"}],"wp:attachment":[{"href":"https:\/\/www.pdgfc.de\/content\/index.php?rest_route=%2Fwp%2Fv2%2Fmedia&parent=5"}],"curies":[{"name":"wp","href":"https:\/\/api.w.org\/{rel}","templated":true}]}}