{"id":432,"date":"2012-05-17T00:36:28","date_gmt":"2012-05-16T22:36:28","guid":{"rendered":"http:\/\/www.pdgfc.de\/content\/?page_id=432"},"modified":"2024-02-02T15:19:40","modified_gmt":"2024-02-02T13:19:40","slug":"stolzenberg-steckweiler","status":"publish","type":"page","link":"https:\/\/www.pdgfc.de\/content\/?page_id=432","title":{"rendered":"Stolzenberg (Steckweiler)"},"content":{"rendered":"\n<figure id=\"AutoNumber4\" class=\"wp-block-table is-style-regular\"><table><tbody><tr><td>Startrichtung<\/td><td>SW<\/td><\/tr><tr><td>Bemerkungen<\/td><td>Nur f\u00fcr Vereinsmitglieder<br>Vor dem Fliegen muss eine Einweisung erfolgen.<\/td><\/tr><tr><td>Flugger\u00e4t<\/td><td>Gleitschirm &amp; Drachen<\/td><\/tr><tr><td>H\u00f6henunterschied<\/td><td>150 m<\/td><\/tr><tr><td>Aktueller Status<\/td><td>siehe Bemerkungen<\/td><\/tr><tr><td>Gel\u00e4ndeinhaber<\/td><td>Haltergemeinschaft Stolzenberg (1. PDGFC e.V.,<br>Pf\u00e4lzer Gleitschirmclub e.V)<\/td><\/tr><\/tbody><\/table><\/figure>\n\n\n\n<blockquote><ul>\n<li><a href=\"https:\/\/www.pdgfc.de\/content\/?page_id=13\">Flugbetriebsordnung<\/a><\/li>\n<li><a href=\"https:\/\/www.pdgfc.de\/content\/?page_id=11\">Allgemeine Informationen<\/a><\/li>\n<li><a href=\"https:\/\/www.pdgfc.de\/content\/?page_id=12\">Zufahrts- und Parkregelung<\/a><\/li>\n<li><a href=\"https:\/\/www.pdgfc.de\/content\/?page_id=15\">Bilder<\/a><\/li>\n<li><a title=\"Luftrauminfo Stolzenberg\" href=\"https:\/\/www.pdgfc.de\/content\/?page_id=897\">Luftrauminfo Stolzenberg<\/a><\/li>\n<\/ul><\/blockquote>\n","protected":false},"excerpt":{"rendered":"<p>Startrichtung SW Bemerkungen Nur f\u00fcr VereinsmitgliederVor dem Fliegen muss eine Einweisung erfolgen. Flugger\u00e4t Gleitschirm &amp; Drachen H\u00f6henunterschied 150 m Aktueller Status siehe Bemerkungen Gel\u00e4ndeinhaber Haltergemeinschaft Stolzenberg (1. PDGFC e.V.,Pf\u00e4lzer Gleitschirmclub e.V) Flugbetriebsordnung Allgemeine Informationen Zufahrts- und Parkregelung Bilder Luftrauminfo Stolzenberg<\/p>\n","protected":false},"author":12,"featured_media":0,"parent":5,"menu_order":4,"comment_status":"closed","ping_status":"closed","template":"","meta":{"_s2mail":"","footnotes":""},"class_list":["post-432","page","type-page","status-publish","hentry"],"_links":{"self":[{"href":"https:\/\/www.pdgfc.de\/content\/index.php?rest_route=\/wp\/v2\/pages\/432","targetHints":{"allow":["GET"]}}],"collection":[{"href":"https:\/\/www.pdgfc.de\/content\/index.php?rest_route=\/wp\/v2\/pages"}],"about":[{"href":"https:\/\/www.pdgfc.de\/content\/index.php?rest_route=\/wp\/v2\/types\/page"}],"author":[{"embeddable":true,"href":"https:\/\/www.pdgfc.de\/content\/index.php?rest_route=\/wp\/v2\/users\/12"}],"replies":[{"embeddable":true,"href":"https:\/\/www.pdgfc.de\/content\/index.php?rest_route=%2Fwp%2Fv2%2Fcomments&post=432"}],"version-history":[{"count":61,"href":"https:\/\/www.pdgfc.de\/content\/index.php?rest_route=\/wp\/v2\/pages\/432\/revisions"}],"predecessor-version":[{"id":2676,"href":"https:\/\/www.pdgfc.de\/content\/index.php?rest_route=\/wp\/v2\/pages\/432\/revisions\/2676"}],"up":[{"embeddable":true,"href":"https:\/\/www.pdgfc.de\/content\/index.php?rest_route=\/wp\/v2\/pages\/5"}],"wp:attachment":[{"href":"https:\/\/www.pdgfc.de\/content\/index.php?rest_route=%2Fwp%2Fv2%2Fmedia&parent=432"}],"curies":[{"name":"wp","href":"https:\/\/api.w.org\/{rel}","templated":true}]}}