{"id":422,"date":"2012-05-17T00:28:02","date_gmt":"2012-05-16T22:28:02","guid":{"rendered":"http:\/\/www.pdgfc.de\/content\/?page_id=422"},"modified":"2021-02-15T08:12:48","modified_gmt":"2021-02-15T06:12:48","slug":"donnersberg-rampe","status":"publish","type":"page","link":"https:\/\/www.pdgfc.de\/content\/?page_id=422","title":{"rendered":"Donnersberg B\u00e4renloch (Rampe)"},"content":{"rendered":"\n<figure id=\"AutoNumber1\" class=\"wp-block-table\"><table><tbody><tr><td>Startrichtung<\/td><td>NO &#8211; O<\/td><\/tr><tr><td>Bemerkung<\/td><td>anspruchsvoller Start nur f\u00fcr ge\u00fcbte Piloten<\/td><\/tr><tr><td>Flugger\u00e4t<\/td><td>Gleitschirm &amp; Drachen<\/td><\/tr><tr><td>H\u00f6henunterschied<\/td><td>200 &#8211; 220 m<\/td><\/tr><tr><td>Status<\/td><td>offen<\/td><\/tr><tr><td>Gel\u00e4ndeinhaber<\/td><td>1. PDGFC<\/td><\/tr><\/tbody><\/table><\/figure>\n\n\n\n<blockquote><ul>\n<li><a title=\"FBO Donnersberg B\u00e4renloch (Rampe)\" href=\"https:\/\/www.pdgfc.de\/content\/?page_id=3\">Flugbetriebsordnung<\/a><\/li>\n<li><a href=\"https:\/\/www.pdgfc.de\/content\/?page_id=33\">Gleitschirm Infos<\/a> und <a href=\"https:\/\/www.pdgfc.de\/content\/?page_id=34\">Drachen Infos<\/a><\/li>\n<li><a href=\"https:\/\/www.pdgfc.de\/content\/?page_id=6\">Landepl\u00e4tze<\/a><\/li>\n<li><a href=\"https:\/\/www.pdgfc.de\/content\/?page_id=35\">Zufahrts- und Parkregelungen<\/a><\/li>\n<li><a href=\"https:\/\/www.pdgfc.de\/content\/?page_id=36\">Luftrauminfo Donnersberg<\/a><\/li>\n<li><a title=\"Verhalten bei Baumlandungen\" href=\"https:\/\/www.pdgfc.de\/content\/wp-download\/Baumlandung_Donnersberg.pdf\" target=\"_blank\" rel=\"noopener\">Verhalten bei Baumlandungen<\/a><\/li>\n<\/ul><\/blockquote>\n","protected":false},"excerpt":{"rendered":"<p>Startrichtung NO &#8211; O Bemerkung anspruchsvoller Start nur f\u00fcr ge\u00fcbte Piloten Flugger\u00e4t Gleitschirm &amp; Drachen H\u00f6henunterschied 200 &#8211; 220 m Status offen Gel\u00e4ndeinhaber 1. PDGFC Flugbetriebsordnung Gleitschirm Infos und Drachen Infos Landepl\u00e4tze Zufahrts- und Parkregelungen Luftrauminfo Donnersberg Verhalten bei Baumlandungen<\/p>\n","protected":false},"author":12,"featured_media":0,"parent":5,"menu_order":1,"comment_status":"closed","ping_status":"closed","template":"","meta":{"_s2mail":"yes","footnotes":""},"class_list":["post-422","page","type-page","status-publish","hentry"],"_links":{"self":[{"href":"https:\/\/www.pdgfc.de\/content\/index.php?rest_route=\/wp\/v2\/pages\/422","targetHints":{"allow":["GET"]}}],"collection":[{"href":"https:\/\/www.pdgfc.de\/content\/index.php?rest_route=\/wp\/v2\/pages"}],"about":[{"href":"https:\/\/www.pdgfc.de\/content\/index.php?rest_route=\/wp\/v2\/types\/page"}],"author":[{"embeddable":true,"href":"https:\/\/www.pdgfc.de\/content\/index.php?rest_route=\/wp\/v2\/users\/12"}],"replies":[{"embeddable":true,"href":"https:\/\/www.pdgfc.de\/content\/index.php?rest_route=%2Fwp%2Fv2%2Fcomments&post=422"}],"version-history":[{"count":24,"href":"https:\/\/www.pdgfc.de\/content\/index.php?rest_route=\/wp\/v2\/pages\/422\/revisions"}],"predecessor-version":[{"id":2298,"href":"https:\/\/www.pdgfc.de\/content\/index.php?rest_route=\/wp\/v2\/pages\/422\/revisions\/2298"}],"up":[{"embeddable":true,"href":"https:\/\/www.pdgfc.de\/content\/index.php?rest_route=\/wp\/v2\/pages\/5"}],"wp:attachment":[{"href":"https:\/\/www.pdgfc.de\/content\/index.php?rest_route=%2Fwp%2Fv2%2Fmedia&parent=422"}],"curies":[{"name":"wp","href":"https:\/\/api.w.org\/{rel}","templated":true}]}}