{"id":36,"date":"2008-06-16T11:39:19","date_gmt":"2008-06-16T09:39:19","guid":{"rendered":"http:\/\/www.pdgfc.de\/content\/?page_id=36"},"modified":"2012-12-30T04:50:16","modified_gmt":"2012-12-30T02:50:16","slug":"luftrauminfo-donnersberg","status":"publish","type":"page","link":"https:\/\/www.pdgfc.de\/content\/?page_id=36","title":{"rendered":"Luftrauminfo Donnersberg"},"content":{"rendered":"<h3>Luftr\u00e4ume:<\/h3>\n<ul>\n<li>0 &#8211; 300m AGL (d. h. 300m \u00fcber Grund entsprechend Gel\u00e4ndeprofil): Luftraum G, unkontrolliert, Sichtflug<\/li>\n<li>\n<p style=\"margin-bottom: 0cm;\">300m AGL &#8211; FL100 (entspricht ca. 3000m MSL): Luftraum E, Mischbetrieb IFR und VFR. <span style=\"color: #000000;\">Wolkenabstand 300m vertikal, 1,5 km horizontal, 8 km Sicht in Flugrichtung.<\/span><\/p>\n<\/li>\n<li><span style=\"color: #000000;\">ab FL100 (ca. 3000m MSL): Luftraum C, keine Berechtigung f\u00fcr Gleitschirme<br \/>\n<\/span><\/li>\n<\/ul>\n<h3 style=\"margin-bottom: 0cm;\">Gefahren:<\/h3>\n<ul>\n<li>Ab Luftraum E ist mit Galaxy-Begegnungen zu rechnen (Ramstein), also Augen offen halten!<\/li>\n<li>Beliebtes Tieffluggebiet<\/li>\n<\/ul>\n<h3>Sperrgebiete\/Kontrollzonen in der N\u00e4he:<\/h3>\n<ul>\n<li><a title=\"Baumholder ED-R 116 und CTR Ramstein\" href=\"https:\/\/www.pdgfc.de\/content\/?p=593\">Flugbeschr\u00e4nkungsgebiet ED-R 116 Baumholder<\/a><\/li>\n<li><a title=\"Baumholder ED-R 116 und CTR Ramstein\" href=\"https:\/\/www.pdgfc.de\/content\/?p=593\">Kontrollzone CTR Ramstein<\/a><\/li>\n<\/ul>\n<p><a href=\"https:\/\/www.pdgfc.de\/content\/wp-content\/uploads\/2012\/12\/icao_donnersberg.jpg\"><img loading=\"lazy\" decoding=\"async\" class=\"alignnone size-full wp-image-946\" title=\"ICAO-Karte Donnersberg\" src=\"https:\/\/www.pdgfc.de\/content\/wp-content\/uploads\/2012\/12\/icao_donnersberg.jpg\" alt=\"\" width=\"800\" height=\"492\" srcset=\"https:\/\/www.pdgfc.de\/content\/wp-content\/uploads\/2012\/12\/icao_donnersberg.jpg 800w, https:\/\/www.pdgfc.de\/content\/wp-content\/uploads\/2012\/12\/icao_donnersberg-300x184.jpg 300w, https:\/\/www.pdgfc.de\/content\/wp-content\/uploads\/2012\/12\/icao_donnersberg-487x300.jpg 487w\" sizes=\"auto, (max-width: 800px) 85vw, 800px\" \/><\/a><\/p>\n","protected":false},"excerpt":{"rendered":"<p>Luftr\u00e4ume: 0 &#8211; 300m AGL (d. h. 300m \u00fcber Grund entsprechend Gel\u00e4ndeprofil): Luftraum G, unkontrolliert, Sichtflug 300m AGL &#8211; FL100 (entspricht ca. 3000m MSL): Luftraum E, Mischbetrieb IFR und VFR. Wolkenabstand 300m vertikal, 1,5 km horizontal, 8 km Sicht in Flugrichtung. ab FL100 (ca. 3000m MSL): Luftraum C, keine Berechtigung f\u00fcr Gleitschirme Gefahren: Ab Luftraum &hellip; <a href=\"https:\/\/www.pdgfc.de\/content\/?page_id=36\" class=\"more-link\">Continue reading<span class=\"screen-reader-text\"> &#8220;Luftrauminfo Donnersberg&#8221;<\/span><\/a><\/p>\n","protected":false},"author":6,"featured_media":0,"parent":422,"menu_order":4,"comment_status":"closed","ping_status":"closed","template":"","meta":{"_s2mail":"","footnotes":""},"class_list":["post-36","page","type-page","status-publish","hentry"],"_links":{"self":[{"href":"https:\/\/www.pdgfc.de\/content\/index.php?rest_route=\/wp\/v2\/pages\/36","targetHints":{"allow":["GET"]}}],"collection":[{"href":"https:\/\/www.pdgfc.de\/content\/index.php?rest_route=\/wp\/v2\/pages"}],"about":[{"href":"https:\/\/www.pdgfc.de\/content\/index.php?rest_route=\/wp\/v2\/types\/page"}],"author":[{"embeddable":true,"href":"https:\/\/www.pdgfc.de\/content\/index.php?rest_route=\/wp\/v2\/users\/6"}],"replies":[{"embeddable":true,"href":"https:\/\/www.pdgfc.de\/content\/index.php?rest_route=%2Fwp%2Fv2%2Fcomments&post=36"}],"version-history":[{"count":11,"href":"https:\/\/www.pdgfc.de\/content\/index.php?rest_route=\/wp\/v2\/pages\/36\/revisions"}],"predecessor-version":[{"id":660,"href":"https:\/\/www.pdgfc.de\/content\/index.php?rest_route=\/wp\/v2\/pages\/36\/revisions\/660"}],"up":[{"embeddable":true,"href":"https:\/\/www.pdgfc.de\/content\/index.php?rest_route=\/wp\/v2\/pages\/422"}],"wp:attachment":[{"href":"https:\/\/www.pdgfc.de\/content\/index.php?rest_route=%2Fwp%2Fv2%2Fmedia&parent=36"}],"curies":[{"name":"wp","href":"https:\/\/api.w.org\/{rel}","templated":true}]}}