{"id":35,"date":"2008-06-16T11:34:13","date_gmt":"2008-06-16T09:34:13","guid":{"rendered":"http:\/\/www.pdgfc.de\/content\/?page_id=35"},"modified":"2025-04-29T11:07:32","modified_gmt":"2025-04-29T09:07:32","slug":"zufahrts-und-parkregelungen","status":"publish","type":"page","link":"https:\/\/www.pdgfc.de\/content\/?page_id=35","title":{"rendered":"Zufahrts- und Parkregelung Donnersberg B\u00e4renloch (Rampe)"},"content":{"rendered":"\n<p>Da der Startplatz nur zu Fu\u00df oder mit dem Auto (und die letzten Meter zu Fu\u00df) zu erreichen ist, empfiehlt es sich, Fahrgemeinschaften zu bilden. Oft trifft man sich bei Parkplatz P7 an der Kindertagesst\u00e4tte Dannenfels. <\/p>\n\n\n\n<h2 class=\"wp-block-heading\">Parken am Startplatz<\/h2>\n\n\n\n<figure class=\"wp-block-image size-large\"><a href=\"https:\/\/www.pdgfc.de\/content\/wp-content\/uploads\/2025\/04\/Rampe_Anfahrt1.jpg\"><img loading=\"lazy\" decoding=\"async\" width=\"1024\" height=\"719\" src=\"https:\/\/www.pdgfc.de\/content\/wp-content\/uploads\/2025\/04\/Rampe_Anfahrt1-1024x719.jpg\" alt=\"\" class=\"wp-image-2803\" srcset=\"https:\/\/www.pdgfc.de\/content\/wp-content\/uploads\/2025\/04\/Rampe_Anfahrt1-1024x719.jpg 1024w, https:\/\/www.pdgfc.de\/content\/wp-content\/uploads\/2025\/04\/Rampe_Anfahrt1-300x211.jpg 300w, https:\/\/www.pdgfc.de\/content\/wp-content\/uploads\/2025\/04\/Rampe_Anfahrt1-768x540.jpg 768w, https:\/\/www.pdgfc.de\/content\/wp-content\/uploads\/2025\/04\/Rampe_Anfahrt1-1200x843.jpg 1200w, https:\/\/www.pdgfc.de\/content\/wp-content\/uploads\/2025\/04\/Rampe_Anfahrt1.jpg 1214w\" sizes=\"auto, (max-width: 709px) 85vw, (max-width: 909px) 67vw, (max-width: 1362px) 62vw, 840px\" \/><\/a><\/figure>\n\n\n\n<p>Die Zufahrt erfolgt \u00fcber Bastenhaus. Das letzte St\u00fcck auf der K 51 vom Gipfel hinunter (nach dem Links-Abbiegen) ist eine Einbahnstra\u00dfe.<\/p>\n\n\n\n<figure class=\"wp-block-image size-full\"><a href=\"https:\/\/www.pdgfc.de\/content\/wp-content\/uploads\/2025\/04\/Rampe_Anfahrt2.jpg\"><img loading=\"lazy\" decoding=\"async\" width=\"880\" height=\"709\" src=\"https:\/\/www.pdgfc.de\/content\/wp-content\/uploads\/2025\/04\/Rampe_Anfahrt2.jpg\" alt=\"\" class=\"wp-image-2804\" srcset=\"https:\/\/www.pdgfc.de\/content\/wp-content\/uploads\/2025\/04\/Rampe_Anfahrt2.jpg 880w, https:\/\/www.pdgfc.de\/content\/wp-content\/uploads\/2025\/04\/Rampe_Anfahrt2-300x242.jpg 300w, https:\/\/www.pdgfc.de\/content\/wp-content\/uploads\/2025\/04\/Rampe_Anfahrt2-768x619.jpg 768w\" sizes=\"auto, (max-width: 709px) 85vw, (max-width: 909px) 67vw, (max-width: 1362px) 62vw, 840px\" \/><\/a><\/figure>\n\n\n\n<p>Von der K51 geht ein kleiner Waldweg ab. Geparkt werden kann in dem Dreieck, das auf der Karte markiert ist. Es muss so geparkt werden, dass die Durchfahrt frei bleibt.<\/p>\n\n\n\n<figure class=\"wp-block-image size-large\"><a href=\"https:\/\/www.pdgfc.de\/content\/wp-content\/uploads\/2025\/04\/ParkplatzNO.jpg\"><img loading=\"lazy\" decoding=\"async\" width=\"1024\" height=\"736\" src=\"https:\/\/www.pdgfc.de\/content\/wp-content\/uploads\/2025\/04\/ParkplatzNO-1024x736.jpg\" alt=\"\" class=\"wp-image-2805\" srcset=\"https:\/\/www.pdgfc.de\/content\/wp-content\/uploads\/2025\/04\/ParkplatzNO-1024x736.jpg 1024w, https:\/\/www.pdgfc.de\/content\/wp-content\/uploads\/2025\/04\/ParkplatzNO-300x216.jpg 300w, https:\/\/www.pdgfc.de\/content\/wp-content\/uploads\/2025\/04\/ParkplatzNO-768x552.jpg 768w, https:\/\/www.pdgfc.de\/content\/wp-content\/uploads\/2025\/04\/ParkplatzNO-1536x1104.jpg 1536w, https:\/\/www.pdgfc.de\/content\/wp-content\/uploads\/2025\/04\/ParkplatzNO-1200x863.jpg 1200w, https:\/\/www.pdgfc.de\/content\/wp-content\/uploads\/2025\/04\/ParkplatzNO.jpg 2048w\" sizes=\"auto, (max-width: 709px) 85vw, (max-width: 909px) 67vw, (max-width: 1362px) 62vw, 840px\" \/><\/a><\/figure>\n\n\n\n<p>Der Rest des Weges zum Startplatz erfolgt zu Fu\u00df (bergab).\u00a0Auch Drachen m\u00fcssen ab hier getragen werden.<\/p>\n\n\n\n<p>Unterwegs kann man entscheiden, ob man zum oberen oder unteren Bereich der Rampe gehen m\u00f6chte. <\/p>\n\n\n\n<figure class=\"wp-block-image size-large\"><a href=\"https:\/\/www.pdgfc.de\/content\/wp-content\/uploads\/2025\/04\/Rampe_Fusweg.jpg\"><img loading=\"lazy\" decoding=\"async\" width=\"1024\" height=\"852\" src=\"https:\/\/www.pdgfc.de\/content\/wp-content\/uploads\/2025\/04\/Rampe_Fusweg-1024x852.jpg\" alt=\"\" class=\"wp-image-2807\" srcset=\"https:\/\/www.pdgfc.de\/content\/wp-content\/uploads\/2025\/04\/Rampe_Fusweg-1024x852.jpg 1024w, https:\/\/www.pdgfc.de\/content\/wp-content\/uploads\/2025\/04\/Rampe_Fusweg-300x250.jpg 300w, https:\/\/www.pdgfc.de\/content\/wp-content\/uploads\/2025\/04\/Rampe_Fusweg-768x639.jpg 768w, https:\/\/www.pdgfc.de\/content\/wp-content\/uploads\/2025\/04\/Rampe_Fusweg-1200x999.jpg 1200w, https:\/\/www.pdgfc.de\/content\/wp-content\/uploads\/2025\/04\/Rampe_Fusweg.jpg 1269w\" sizes=\"auto, (max-width: 709px) 85vw, (max-width: 909px) 67vw, (max-width: 1362px) 62vw, 840px\" \/><\/a><\/figure>\n\n\n\n<p><\/p>\n\n\n\n<h2 class=\"wp-block-heading\">Parken beim Landeplatz<\/h2>\n\n\n\n<p>Am Gleitschirm-Landeplatz selber darf nicht geparkt werden. Kurzzeitiges Halten und Mitnehmen von Fliegern und Fliegerinnen ist erlaubt.<\/p>\n\n\n\n<p>Um in der N\u00e4he des Landeplatzes zu parken, bietet sich der Parkplatz P7 bei der Kindertagesst\u00e4tte an. Dort trifft man sich oft f\u00fcr Fahrgemeinschaften. Die eigenen Parkpl\u00e4tze der Kita sollen w\u00e4hrend der \u00d6ffnungszeiten (Mo-Fr, 7-16 Uhr) nicht genutzt werden. An Wochenenden und an Feiertagen ist das kein Problem. Nicht weit entfernt ist auch der Parkplatz P6.<\/p>\n\n\n\n<figure class=\"wp-block-image size-large\"><a href=\"https:\/\/www.pdgfc.de\/content\/wp-content\/uploads\/2025\/04\/Dannenfels_Parken1.jpg\"><img loading=\"lazy\" decoding=\"async\" width=\"1024\" height=\"575\" src=\"https:\/\/www.pdgfc.de\/content\/wp-content\/uploads\/2025\/04\/Dannenfels_Parken1-1024x575.jpg\" alt=\"\" class=\"wp-image-2808\" srcset=\"https:\/\/www.pdgfc.de\/content\/wp-content\/uploads\/2025\/04\/Dannenfels_Parken1-1024x575.jpg 1024w, https:\/\/www.pdgfc.de\/content\/wp-content\/uploads\/2025\/04\/Dannenfels_Parken1-300x169.jpg 300w, https:\/\/www.pdgfc.de\/content\/wp-content\/uploads\/2025\/04\/Dannenfels_Parken1-768x431.jpg 768w, https:\/\/www.pdgfc.de\/content\/wp-content\/uploads\/2025\/04\/Dannenfels_Parken1-1200x674.jpg 1200w, https:\/\/www.pdgfc.de\/content\/wp-content\/uploads\/2025\/04\/Dannenfels_Parken1.jpg 1515w\" sizes=\"auto, (max-width: 709px) 85vw, (max-width: 909px) 67vw, (max-width: 1362px) 62vw, 840px\" \/><\/a><\/figure>\n\n\n\n<p>Einige Autos k\u00f6nnen auch in der N\u00e4he des Landeplatzes am Rand der L 394 in Parkbuchten parken.<\/p>\n\n\n\n<p>Eine weitere Parkm\u00f6glichkeit ist der recht gro\u00dfe Parkplatz in Bastenhaus.<\/p>\n\n\n\n<figure class=\"wp-block-image size-large\"><a href=\"https:\/\/www.pdgfc.de\/content\/wp-content\/uploads\/2025\/04\/Dannenfels_Parken2.jpg\"><img loading=\"lazy\" decoding=\"async\" width=\"1024\" height=\"735\" src=\"https:\/\/www.pdgfc.de\/content\/wp-content\/uploads\/2025\/04\/Dannenfels_Parken2-1024x735.jpg\" alt=\"\" class=\"wp-image-2809\" srcset=\"https:\/\/www.pdgfc.de\/content\/wp-content\/uploads\/2025\/04\/Dannenfels_Parken2-1024x735.jpg 1024w, https:\/\/www.pdgfc.de\/content\/wp-content\/uploads\/2025\/04\/Dannenfels_Parken2-300x215.jpg 300w, https:\/\/www.pdgfc.de\/content\/wp-content\/uploads\/2025\/04\/Dannenfels_Parken2-768x551.jpg 768w, https:\/\/www.pdgfc.de\/content\/wp-content\/uploads\/2025\/04\/Dannenfels_Parken2-1200x862.jpg 1200w, https:\/\/www.pdgfc.de\/content\/wp-content\/uploads\/2025\/04\/Dannenfels_Parken2.jpg 1294w\" sizes=\"auto, (max-width: 709px) 85vw, (max-width: 909px) 67vw, (max-width: 1362px) 62vw, 840px\" \/><\/a><\/figure>\n\n\n\n<p>Und nat\u00fcrlich kann auch der gro\u00dfe Parkplatz am Donnersberg-Gipfel verwendet werden. <\/p>\n\n\n\n<p><\/p>\n\n\n\n<p><\/p>\n","protected":false},"excerpt":{"rendered":"<p>Da der Startplatz nur zu Fu\u00df oder mit dem Auto (und die letzten Meter zu Fu\u00df) zu erreichen ist, empfiehlt es sich, Fahrgemeinschaften zu bilden. Oft trifft man sich bei Parkplatz P7 an der Kindertagesst\u00e4tte Dannenfels. Parken am Startplatz Die Zufahrt erfolgt \u00fcber Bastenhaus. Das letzte St\u00fcck auf der K 51 vom Gipfel hinunter (nach &hellip; <a href=\"https:\/\/www.pdgfc.de\/content\/?page_id=35\" class=\"more-link\">Continue reading<span class=\"screen-reader-text\"> &#8220;Zufahrts- und Parkregelung Donnersberg B\u00e4renloch (Rampe)&#8221;<\/span><\/a><\/p>\n","protected":false},"author":6,"featured_media":0,"parent":422,"menu_order":6,"comment_status":"closed","ping_status":"closed","template":"","meta":{"_s2mail":"","footnotes":""},"class_list":["post-35","page","type-page","status-publish","hentry"],"_links":{"self":[{"href":"https:\/\/www.pdgfc.de\/content\/index.php?rest_route=\/wp\/v2\/pages\/35","targetHints":{"allow":["GET"]}}],"collection":[{"href":"https:\/\/www.pdgfc.de\/content\/index.php?rest_route=\/wp\/v2\/pages"}],"about":[{"href":"https:\/\/www.pdgfc.de\/content\/index.php?rest_route=\/wp\/v2\/types\/page"}],"author":[{"embeddable":true,"href":"https:\/\/www.pdgfc.de\/content\/index.php?rest_route=\/wp\/v2\/users\/6"}],"replies":[{"embeddable":true,"href":"https:\/\/www.pdgfc.de\/content\/index.php?rest_route=%2Fwp%2Fv2%2Fcomments&post=35"}],"version-history":[{"count":9,"href":"https:\/\/www.pdgfc.de\/content\/index.php?rest_route=\/wp\/v2\/pages\/35\/revisions"}],"predecessor-version":[{"id":2812,"href":"https:\/\/www.pdgfc.de\/content\/index.php?rest_route=\/wp\/v2\/pages\/35\/revisions\/2812"}],"up":[{"embeddable":true,"href":"https:\/\/www.pdgfc.de\/content\/index.php?rest_route=\/wp\/v2\/pages\/422"}],"wp:attachment":[{"href":"https:\/\/www.pdgfc.de\/content\/index.php?rest_route=%2Fwp%2Fv2%2Fmedia&parent=35"}],"curies":[{"name":"wp","href":"https:\/\/api.w.org\/{rel}","templated":true}]}}