{"id":320,"date":"2012-05-15T21:30:00","date_gmt":"2012-05-15T19:30:00","guid":{"rendered":"http:\/\/www.pdgfc.de\/content\/?page_id=320"},"modified":"2026-01-10T20:04:15","modified_gmt":"2026-01-10T18:04:15","slug":"mitgliedschaft","status":"publish","type":"page","link":"https:\/\/www.pdgfc.de\/content\/?page_id=320","title":{"rendered":"Mitgliedschaft"},"content":{"rendered":"\n<p class=\"has-medium-font-size\">Warum sollte ich Mitglied werden?<\/p>\n\n\n\n<p>Wer als Nichtmitglied an einem unserer Fluggebiete fliegen m\u00f6chte, ist als Gast willkommen, soweit die Flugordnung das zul\u00e4sst. Wer die Gel\u00e4nde oft nutzt, sollte \u00fcber eine Mitgliedschaft nachdenken, um den Verein beim Erhalt der Fluggebiete zu unterst\u00fctzen.<br>Bei gr\u00f6\u00dferem Andrang haben Vereinsmitglieder Vorrang vor Gastfliegern. Einige Fluggebiete (z. B. <a href=\"https:\/\/www.pdgfc.de\/content\/?page_id=432\">Steckweiler<\/a>) sind aufgrund der Auflagen ausschlie\u00dflich Vereinsmitgliedern vorbehalten und deshalb f\u00fcr G\u00e4ste nicht nutzbar. Eine Auflistung aller Vorteile steht weiter unten auf dieser Seite.<\/p>\n\n\n\n<p class=\"has-medium-font-size\">Wie werde ich Mitglied?<\/p>\n\n\n\n<p>Um dem Verein beizutreten, ist folgendes Formular auszuf\u00fcllen:<\/p>\n\n\n\n<p><strong><a href=\"https:\/\/www.pdgfc.de\/content\/wp-content\/uploads\/2026\/01\/Aufnahmeantrag_PDGFC.pdf\" data-type=\"attachment\" data-id=\"3861\">Anmeldeantrag<\/a><\/strong> (pdf)<\/p>\n\n\n\n<p>Dieses Formular wird ausgef\u00fcllt und per E-Mail oder per Post an den Kassenwart geschickt. Die Kontaktdaten stehen im Anmeldeformular.<\/p>\n\n\n\n<p>Der Mitgliedsbeitrag betr\u00e4gt 36\u20ac pro Jahr. Sch\u00fcler und Studenten zahlen die H\u00e4lfte. Passive Mitglieder, die den Flugsport nicht (oder nicht mehr) selber aus\u00fcben, zahlen 15\u20ac. Die Mitgliedschaft beim DHV \u00fcber den 1. PDGFC ist m\u00f6glich und ist deutlich g\u00fcnstiger als die direkte Mitgliedschaft beim DHV. Der nachtr\u00e4gliche Wechsel der DHV-Mitgliedschaft zum 1. PDGFC ist m\u00f6glich. N\u00e4here Infos zu den Mitgliedsbeitr\u00e4gen stehen im Anmeldeformular.<\/p>\n\n\n\n<p class=\"has-medium-font-size\">Vorteile f\u00fcr Mitglieder<\/p>\n\n\n\n<ul class=\"wp-block-list\">\n<li>Nutzung der vereinseigenen <a href=\"https:\/\/www.pdgfc.de\/content\/?page_id=5\">Fluggel\u00e4nde<\/a><\/li>\n\n\n\n<li>Nutzung der Fluggebiete befreundeter Vereine<\/li>\n\n\n\n<li>Einladung zu Veranstaltungen, z. B. Vortr\u00e4gen<\/li>\n\n\n\n<li>J\u00e4hrlicher Vereinsausflug (wetterabh\u00e4ngig)<\/li>\n\n\n\n<li>Einladung zum Weihnachtsessen<\/li>\n\n\n\n<li>F\u00f6rderung von Sicherheitstrainings <\/li>\n\n\n\n<li>G\u00fcnstiger Mitgliedsbeitrag (36\u20ac j\u00e4hrlich)<\/li>\n\n\n\n<li>Erm\u00e4\u00dfigung f\u00fcr Sch\u00fcler\/Studenten\/Auszubildende<\/li>\n\n\n\n<li>Keine Aufnahmegeb\u00fchr<\/li>\n\n\n\n<li>Verg\u00fcnstigter DHV-Mitgliedsbeitrag (33\u20ac g\u00fcnstiger!)<\/li>\n\n\n\n<li>Gemeinsame Aktionen, zusammen Fliegen gehen<\/li>\n\n\n\n<li>F\u00f6rderung des Flugsports in einem gemeinn\u00fctzigen Verein<\/li>\n\n\n\n<li>Erschlie\u00dfung neuer Fluggebiete und Pflege vorhandener Gel\u00e4nde<\/li>\n<\/ul>\n\n\n\n<p>Auf diese Vorteile gibt es keine Gew\u00e4hr, da nicht alle Arten von Veranstaltungen jedes Jahr stattfinden, z. B. kann der Vereinsausflug wetterbedingt ausfallen oder das Weihnachtsessen wegen Corona.<\/p>\n\n\n\n<p class=\"has-medium-font-size\">K\u00fcndigung der Mitgliedschaft<\/p>\n\n\n\n<p>Um aus dem 1. PDGFC auszutreten, gen\u00fcgt eine einfache E-Mail an <a href=\"mailto:verein@pdgfc.de\">verein@pdgfc.de<\/a> mit dem entsprechenden Inhalt. Du erh\u00e4ltst daraufhin zeitnah eine Best\u00e4tigung der K\u00fcndigung.<br>Die K\u00fcndigung wird jeweils zum Jahresende wirksam.  Sie muss bis zum 31.10. bei uns eingehen. (Also: K\u00fcndigungsfrist 2 Monate zum Jahresende)<\/p>\n\n\n\n<p>Wer auch im DHV Mitglied ist, sollte auch mitteilen, ob die Mitgliedschaft im DHV weiter bestehen bleiben soll, gek\u00fcndigt werden soll oder zuk\u00fcnftig \u00fcber einen anderen Verein weiterlaufen soll. Es ist auch m\u00f6glich, nur die DHV-Mitgliedschaft zu k\u00fcndigen und weiter im 1. PDGFC zu bleiben oder umgekehrt.<\/p>\n\n\n\n<p class=\"has-medium-font-size\">Kombinierte Mitgliedschaft DHV und 1. PDGFC<\/p>\n\n\n\n<p>Wer bereits im 1. PDGFC Mitglied ist und die Mitgliedschaft des DHV nachtr\u00e4glich \u00fcber den 1. PDGFC laufen lassen m\u00f6chte, kann das problemlos machen. Hierzu gen\u00fcgt eine einfache E-Mail an <a href=\"mailto:verein@pdgfc.de\">verein@pdgfc.de<\/a> . Wir k\u00fcmmern uns um alles. Dies geht auch im laufenden Jahr. <br>Auch der Wechsel der Kombi-Mitgliedschaft von einem anderen Verein zum 1. PDGFC oder umgekehrt ist m\u00f6glich. <\/p>\n\n\n\n<p>Die kombinierte Mitgliedschaft kann jederzeit wieder aufgel\u00f6st werden und in zwei getrennte Mitgliedschaften \u00fcbergehen (was aber 29\u20ac im Jahr teurer ist und deshalb nicht sinnvoll ist). <\/p>\n\n\n\n<p>Bei allen \u00c4nderungsw\u00fcnschen einfach eine E-Mail an die oben genannte Adresse schicken. Per Post geht nat\u00fcrlich auch, wer das will. <\/p>\n\n\n\n<p><\/p>\n","protected":false},"excerpt":{"rendered":"<p>Warum sollte ich Mitglied werden? Wer als Nichtmitglied an einem unserer Fluggebiete fliegen m\u00f6chte, ist als Gast willkommen, soweit die Flugordnung das zul\u00e4sst. Wer die Gel\u00e4nde oft nutzt, sollte \u00fcber eine Mitgliedschaft nachdenken, um den Verein beim Erhalt der Fluggebiete zu unterst\u00fctzen.Bei gr\u00f6\u00dferem Andrang haben Vereinsmitglieder Vorrang vor Gastfliegern. Einige Fluggebiete (z. B. Steckweiler) sind &hellip; <a href=\"https:\/\/www.pdgfc.de\/content\/?page_id=320\" class=\"more-link\">Continue reading<span class=\"screen-reader-text\"> &#8220;Mitgliedschaft&#8221;<\/span><\/a><\/p>\n","protected":false},"author":12,"featured_media":0,"parent":16,"menu_order":3,"comment_status":"closed","ping_status":"closed","template":"","meta":{"_s2mail":"yes","footnotes":""},"class_list":["post-320","page","type-page","status-publish","hentry"],"_links":{"self":[{"href":"https:\/\/www.pdgfc.de\/content\/index.php?rest_route=\/wp\/v2\/pages\/320","targetHints":{"allow":["GET"]}}],"collection":[{"href":"https:\/\/www.pdgfc.de\/content\/index.php?rest_route=\/wp\/v2\/pages"}],"about":[{"href":"https:\/\/www.pdgfc.de\/content\/index.php?rest_route=\/wp\/v2\/types\/page"}],"author":[{"embeddable":true,"href":"https:\/\/www.pdgfc.de\/content\/index.php?rest_route=\/wp\/v2\/users\/12"}],"replies":[{"embeddable":true,"href":"https:\/\/www.pdgfc.de\/content\/index.php?rest_route=%2Fwp%2Fv2%2Fcomments&post=320"}],"version-history":[{"count":53,"href":"https:\/\/www.pdgfc.de\/content\/index.php?rest_route=\/wp\/v2\/pages\/320\/revisions"}],"predecessor-version":[{"id":3864,"href":"https:\/\/www.pdgfc.de\/content\/index.php?rest_route=\/wp\/v2\/pages\/320\/revisions\/3864"}],"up":[{"embeddable":true,"href":"https:\/\/www.pdgfc.de\/content\/index.php?rest_route=\/wp\/v2\/pages\/16"}],"wp:attachment":[{"href":"https:\/\/www.pdgfc.de\/content\/index.php?rest_route=%2Fwp%2Fv2%2Fmedia&parent=320"}],"curies":[{"name":"wp","href":"https:\/\/api.w.org\/{rel}","templated":true}]}}