{"id":32,"date":"2008-06-10T11:18:34","date_gmt":"2008-06-10T09:18:34","guid":{"rendered":"http:\/\/www.pdgfc.de\/content\/?page_id=32"},"modified":"2026-01-23T17:44:01","modified_gmt":"2026-01-23T15:44:01","slug":"start-und-landeplatz-madenburg","status":"publish","type":"page","link":"https:\/\/www.pdgfc.de\/content\/?page_id=32","title":{"rendered":"Start- und Landeplatz Madenburg"},"content":{"rendered":"\n<figure class=\"wp-block-image size-large\"><a href=\"https:\/\/www.pdgfc.de\/content\/wp-content\/uploads\/2021\/07\/20210722_202355-scaled.jpg\"><img loading=\"lazy\" decoding=\"async\" width=\"1024\" height=\"768\" src=\"https:\/\/www.pdgfc.de\/content\/wp-content\/uploads\/2021\/07\/20210722_202355-1024x768.jpg\" alt=\"\" class=\"wp-image-2417\" srcset=\"https:\/\/www.pdgfc.de\/content\/wp-content\/uploads\/2021\/07\/20210722_202355-1024x768.jpg 1024w, https:\/\/www.pdgfc.de\/content\/wp-content\/uploads\/2021\/07\/20210722_202355-300x225.jpg 300w, https:\/\/www.pdgfc.de\/content\/wp-content\/uploads\/2021\/07\/20210722_202355-768x576.jpg 768w, https:\/\/www.pdgfc.de\/content\/wp-content\/uploads\/2021\/07\/20210722_202355-1536x1152.jpg 1536w, https:\/\/www.pdgfc.de\/content\/wp-content\/uploads\/2021\/07\/20210722_202355-2048x1536.jpg 2048w, https:\/\/www.pdgfc.de\/content\/wp-content\/uploads\/2021\/07\/20210722_202355-1200x900.jpg 1200w\" sizes=\"auto, (max-width: 709px) 85vw, (max-width: 909px) 67vw, (max-width: 1362px) 62vw, 840px\" \/><\/a><\/figure>\n\n\n<h2><strong>Startplatz<\/strong><\/h2>\n<p>Am Start gibt es zwei Winds\u00e4cke (links und rechts vom Startplatz), eine Wetterstationen und eine Rampe. Es gibt dort bislang keine Infotafel.<\/p>\n<p>Es ist eine Einweisung erforderlich. Siehe hierzu die FBO.<\/p>\n<p>Der Zugang zum Startplatz ist durch ein abschlie\u00dfbares Tor gesichert. F\u00fcr das Vorh\u00e4ngeschloss ben\u00f6tigt man einen Code.\u00a0Bei der Einweisung wird die Schlosskombination mitgeteilt. Die Kombination kann sich gelegentlich immer mal wieder \u00e4ndern, deshalb bekommt man ein Update auf folgende Arten:\u00a0<\/p>\n<ul>\n<li>F\u00fcr Gastflieger steht der Code in der E-Mail, die bei der Buchung der Tagesmitgliedschaft verschickt wird.<\/li>\n<li>F\u00fcr Vereinsmitglieder steht der Code auf der Website im internen Bereich.<\/li>\n<li>Ansonsten: Fliegerkollegen oder eine einweisungsberechtigte Person fragen oder E-Mail schicken an: <a href=\"mailto:verein@pdgfc.de\">verein@pdgfc.de<\/a><\/li>\n<\/ul>\n<h2><strong>Landeplatz<\/strong><\/h2>\n<p>Die Landung muss auf dem vorgesehenen Landeplatz erfolgen. Der Landeplatz ist gro\u00df genug und steigt nach Norden hin leicht an. Der Landeplatz ist in den Bildern unten gr\u00fcn markiert.<\/p>\n<p>Es gibt am nord-\u00f6stlichen Ende des Landeplatzes einen Windsack.<\/p>\n<p>Die Felder \u00f6stlich und westlich des Landeplatzes sind Weinberge mit Metallstangen. Hier ist eine Landung nicht m\u00f6glich! Im Notfall kann weiter s\u00fcdlich des Landeplatzes landen, insbesondere bei Ostwind. Dort ist eine ungem\u00e4hte Wiese.<\/p>\n\n\n<figure class=\"wp-block-image size-large\"><a href=\"https:\/\/www.pdgfc.de\/content\/wp-content\/uploads\/2021\/02\/Image1.jpg\"><img loading=\"lazy\" decoding=\"async\" width=\"1024\" height=\"542\" src=\"https:\/\/www.pdgfc.de\/content\/wp-content\/uploads\/2021\/02\/Image1-1024x542.jpg\" alt=\"\" class=\"wp-image-2252\" srcset=\"https:\/\/www.pdgfc.de\/content\/wp-content\/uploads\/2021\/02\/Image1-1024x542.jpg 1024w, https:\/\/www.pdgfc.de\/content\/wp-content\/uploads\/2021\/02\/Image1-300x159.jpg 300w, https:\/\/www.pdgfc.de\/content\/wp-content\/uploads\/2021\/02\/Image1-768x407.jpg 768w, https:\/\/www.pdgfc.de\/content\/wp-content\/uploads\/2021\/02\/Image1-1536x813.jpg 1536w, https:\/\/www.pdgfc.de\/content\/wp-content\/uploads\/2021\/02\/Image1-2048x1085.jpg 2048w, https:\/\/www.pdgfc.de\/content\/wp-content\/uploads\/2021\/02\/Image1-1200x635.jpg 1200w\" sizes=\"auto, (max-width: 709px) 85vw, (max-width: 909px) 67vw, (max-width: 1362px) 62vw, 840px\" \/><\/a><figcaption class=\"wp-element-caption\">Blickrichtung Westen auf Startplatz, Landeplatz und Madenburg.<\/figcaption><\/figure>\n\n\n\n<p><\/p>\n\n\n\n<figure class=\"wp-block-image size-large\"><a href=\"https:\/\/www.pdgfc.de\/content\/wp-content\/uploads\/2021\/02\/Landeplatz.jpg\"><img loading=\"lazy\" decoding=\"async\" width=\"1024\" height=\"539\" src=\"https:\/\/www.pdgfc.de\/content\/wp-content\/uploads\/2021\/02\/Landeplatz-1024x539.jpg\" alt=\"\" class=\"wp-image-2253\" srcset=\"https:\/\/www.pdgfc.de\/content\/wp-content\/uploads\/2021\/02\/Landeplatz-1024x539.jpg 1024w, https:\/\/www.pdgfc.de\/content\/wp-content\/uploads\/2021\/02\/Landeplatz-300x158.jpg 300w, https:\/\/www.pdgfc.de\/content\/wp-content\/uploads\/2021\/02\/Landeplatz-768x404.jpg 768w, https:\/\/www.pdgfc.de\/content\/wp-content\/uploads\/2021\/02\/Landeplatz-1536x809.jpg 1536w, https:\/\/www.pdgfc.de\/content\/wp-content\/uploads\/2021\/02\/Landeplatz-2048x1078.jpg 2048w, https:\/\/www.pdgfc.de\/content\/wp-content\/uploads\/2021\/02\/Landeplatz-1200x632.jpg 1200w\" sizes=\"auto, (max-width: 709px) 85vw, (max-width: 909px) 67vw, (max-width: 1362px) 62vw, 840px\" \/><\/a><figcaption class=\"wp-element-caption\">Blickrichtung Norden auf den Landeplatz<\/figcaption><\/figure>\n\n\n\n<p><\/p>\n\n\n\n<p>Vom Landeplatz aus gibt es verschiedene <a href=\"https:\/\/www.pdgfc.de\/content\/?page_id=2264\" data-type=\"page\" data-id=\"2264\">Fu\u00dfwege zum Startplatz oder zu den Parkpl\u00e4tzen<\/a>.<\/p>\n\n\n\n<h6 class=\"wp-block-heading\">Zur\u00fcck zur \u00dcbersicht: <a href=\"https:\/\/www.pdgfc.de\/content\/?page_id=437\" data-type=\"page\" data-id=\"437\">Infos zur Madenburg<\/a><\/h6>\n","protected":false},"excerpt":{"rendered":"<p>Startplatz Am Start gibt es zwei Winds\u00e4cke (links und rechts vom Startplatz), eine Wetterstationen und eine Rampe. Es gibt dort bislang keine Infotafel. Es ist eine Einweisung erforderlich. Siehe hierzu die FBO. Der Zugang zum Startplatz ist durch ein abschlie\u00dfbares Tor gesichert. F\u00fcr das Vorh\u00e4ngeschloss ben\u00f6tigt man einen Code.\u00a0Bei der Einweisung wird die Schlosskombination mitgeteilt. &hellip; <a href=\"https:\/\/www.pdgfc.de\/content\/?page_id=32\" class=\"more-link\">Continue reading<span class=\"screen-reader-text\"> &#8220;Start- und Landeplatz Madenburg&#8221;<\/span><\/a><\/p>\n","protected":false},"author":6,"featured_media":0,"parent":437,"menu_order":1,"comment_status":"closed","ping_status":"closed","template":"","meta":{"_s2mail":"","footnotes":""},"class_list":["post-32","page","type-page","status-publish","hentry"],"_links":{"self":[{"href":"https:\/\/www.pdgfc.de\/content\/index.php?rest_route=\/wp\/v2\/pages\/32","targetHints":{"allow":["GET"]}}],"collection":[{"href":"https:\/\/www.pdgfc.de\/content\/index.php?rest_route=\/wp\/v2\/pages"}],"about":[{"href":"https:\/\/www.pdgfc.de\/content\/index.php?rest_route=\/wp\/v2\/types\/page"}],"author":[{"embeddable":true,"href":"https:\/\/www.pdgfc.de\/content\/index.php?rest_route=\/wp\/v2\/users\/6"}],"replies":[{"embeddable":true,"href":"https:\/\/www.pdgfc.de\/content\/index.php?rest_route=%2Fwp%2Fv2%2Fcomments&post=32"}],"version-history":[{"count":21,"href":"https:\/\/www.pdgfc.de\/content\/index.php?rest_route=\/wp\/v2\/pages\/32\/revisions"}],"predecessor-version":[{"id":3876,"href":"https:\/\/www.pdgfc.de\/content\/index.php?rest_route=\/wp\/v2\/pages\/32\/revisions\/3876"}],"up":[{"embeddable":true,"href":"https:\/\/www.pdgfc.de\/content\/index.php?rest_route=\/wp\/v2\/pages\/437"}],"wp:attachment":[{"href":"https:\/\/www.pdgfc.de\/content\/index.php?rest_route=%2Fwp%2Fv2%2Fmedia&parent=32"}],"curies":[{"name":"wp","href":"https:\/\/api.w.org\/{rel}","templated":true}]}}