{"id":30,"date":"2008-06-10T07:25:27","date_gmt":"2008-06-10T05:25:27","guid":{"rendered":"http:\/\/www.pdgfc.de\/content\/?page_id=30"},"modified":"2016-03-09T03:54:08","modified_gmt":"2016-03-09T01:54:08","slug":"start-und-landeplatz-hohenberg","status":"publish","type":"page","link":"https:\/\/www.pdgfc.de\/content\/?page_id=30","title":{"rendered":"Start und Landeplatz Hohenberg"},"content":{"rendered":"<p><strong>Startplatz:<\/strong><br \/>\nStartrichtung ist W-NW. Der H\u00f6henunterschied zur Landewiese betr\u00e4gt 240m. Der Startplatz liegt in 532m \u00fcber NN.<\/p>\n<p>Der Start ist ein Rampenstart &#8211; und nicht ganz ohne! Der Start sollte deshalb keinesfalls ohne erfahrene Starthelfer vom Verein versucht werden.<\/p>\n<p>Der Aufbau der Drachen ist nur sehr beengt auf der Felsnase und zwischen den B\u00e4umen m\u00f6glich. Alle m\u00fcssen sich sch\u00f6n nacheinander einordnen. Wer vorne als erster aufbaut fliegt auch zuerst. Langes Taktieren nach dem Aufbauen und auf der Rampe ist somit nicht angesagt. Jeder m\u00f6chte heute noch fliegen.<\/p>\n<p>Wenn alles passt, hei\u00dft es kr\u00e4ftig laufen, um sch\u00f6n mit Fahrt \u00fcber die B\u00e4ume weg zu kommen. Dann steht einem sch\u00f6nen Flug, evtl. auch \u00fcber die Burg Trifels nichts mehr im Weg.<\/p>\n<p style=\"text-align: center;\"><a href=\"https:\/\/www.pdgfc.de\/content\/wp-bilder\/FotosHohenberg\/hohenberg_start_1.jpg\"><img loading=\"lazy\" decoding=\"async\" src=\"https:\/\/www.pdgfc.de\/content\/wp-bilder\/FotosHohenberg\/t_hohenberg_start_1.jpg\" alt=\"hohenberg_start_1.jpg\" width=\"400\" height=\"533\" border=\"0\" \/><\/a><\/p>\n<p><strong>Landeplatz:<\/strong><\/p>\n<p>Der Landeplatz befindet sich am S\u00fcd\u00f6stlichen Ortsrand von Annweiler, im sogenannten Burgenviertel.<\/p>\n<p><strong>Zufahrt:<\/strong><\/p>\n<p>Am besten \u00fcber die B10 kommend, von Landau her bei Annweiler-Gr\u00e4fenhausen abfahren.<br \/>\nDie Stra\u00dfe macht dann nach ca. 200m eine Rechtskurve nach Annweiler rein. Hier geht es aber geradeaus hoch in den Burgenring.<br \/>\nWer aus Richtung Pirmasens \u00fcber die B10 kommt, f\u00e4hrt am besten an Annweiler vorbei und die Abfahrt Albersweiler-Queichhambach raus. Dann durch Queichhambach durch bis an die Hauptstra\u00dfe. Dort links hoch fahren in den Burgenring.<br \/>\nAchtung im Burgenring sind 30km vorgeschrieben. Es wird geblitzt!<br \/>\nWenn Ihr den Berg ca. 400m hochgefahren seid, seht Ihr links einen schmalen Weg hochgehen. Einfahrt nur f\u00fcr landwirtschaftlichen Verkehr. Sucht Euch an der Stra\u00dfe einen Parkplatz und geht diesen Weg hoch, nach 100m seht Ihr den Windsack. Vereinbart vorab einen Termin mit einem PDGFC-Mitglied, zwecks Einweisung.<\/p>\n<p>Unsere Landewiese befindet sich direkt gegen\u00fcber dem Windsack und f\u00e4llt gegen NO hin ab. Es mu\u00df also gegen SW die leicht ansteigende Wiese hoch gelandet werden.<br \/>\nSollte die Windrichtung dies nicht zulassen, kann am gegen\u00fcber liegenden Hang gelandet werden.<\/p>\n<p style=\"text-align: center;\"><a href=\"https:\/\/www.pdgfc.de\/content\/wp-bilder\/FotosHohenberg\/hohenberg_land_1.jpg\"><img loading=\"lazy\" decoding=\"async\" src=\"https:\/\/www.pdgfc.de\/content\/wp-bilder\/FotosHohenberg\/t_hohenberg_land_1.jpg\" alt=\"hohenberg_land_1.jpg\" width=\"400\" height=\"300\" border=\"0\" \/><\/a><br \/>\nLandeplatz am Hohenberg<\/p>\n<p>&nbsp;<\/p>\n<hr \/>\n<p>&nbsp;<\/p>\n<p style=\"text-align: center;\">Rampe am Hohenberg<\/p>\n<p style=\"text-align: center;\"><a href=\"https:\/\/www.pdgfc.de\/content\/wp-bilder\/FotosHohenberg\/hohenberg_start_2.jpg\"><img loading=\"lazy\" decoding=\"async\" src=\"https:\/\/www.pdgfc.de\/content\/wp-bilder\/FotosHohenberg\/t_hohenberg_start_2.jpg\" alt=\"hohenberg_start_2.jpg\" width=\"400\" height=\"300\" border=\"0\" \/><\/a><\/p>\n<p style=\"text-align: center;\">Blick vom Startplatz<\/p>\n<p style=\"text-align: center;\">\n<p style=\"text-align: center;\"><a href=\"https:\/\/www.pdgfc.de\/content\/wp-bilder\/FotosHohenberg\/hohenberg_start_3.jpg\"><img loading=\"lazy\" decoding=\"async\" src=\"https:\/\/www.pdgfc.de\/content\/wp-bilder\/FotosHohenberg\/t_hohenberg_start_3.jpg\" alt=\"hohenberg_start_3.jpg\" width=\"400\" height=\"580\" border=\"0\" \/><\/a><\/p>\n<p style=\"text-align: center;\">Beengtes Aufbauen<\/p>\n<p style=\"text-align: center;\">\n<p style=\"text-align: center;\"><a href=\"https:\/\/www.pdgfc.de\/content\/wp-bilder\/FotosHohenberg\/hohenberg_start_4.jpg\"><img loading=\"lazy\" decoding=\"async\" src=\"https:\/\/www.pdgfc.de\/content\/wp-bilder\/FotosHohenberg\/t_hohenberg_start_4.jpg\" alt=\"hohenberg_start_4.jpg\" width=\"400\" height=\"300\" border=\"0\" \/><\/a><br \/>\nRampenansicht von unten<\/p>\n<p>&nbsp;<\/p>\n","protected":false},"excerpt":{"rendered":"<p>Startplatz: Startrichtung ist W-NW. Der H\u00f6henunterschied zur Landewiese betr\u00e4gt 240m. Der Startplatz liegt in 532m \u00fcber NN. Der Start ist ein Rampenstart &#8211; und nicht ganz ohne! Der Start sollte deshalb keinesfalls ohne erfahrene Starthelfer vom Verein versucht werden. Der Aufbau der Drachen ist nur sehr beengt auf der Felsnase und zwischen den B\u00e4umen m\u00f6glich. &hellip; <a href=\"https:\/\/www.pdgfc.de\/content\/?page_id=30\" class=\"more-link\">Continue reading<span class=\"screen-reader-text\"> &#8220;Start und Landeplatz Hohenberg&#8221;<\/span><\/a><\/p>\n","protected":false},"author":6,"featured_media":0,"parent":434,"menu_order":1,"comment_status":"closed","ping_status":"closed","template":"","meta":{"_s2mail":"","footnotes":""},"class_list":["post-30","page","type-page","status-publish","hentry"],"_links":{"self":[{"href":"https:\/\/www.pdgfc.de\/content\/index.php?rest_route=\/wp\/v2\/pages\/30","targetHints":{"allow":["GET"]}}],"collection":[{"href":"https:\/\/www.pdgfc.de\/content\/index.php?rest_route=\/wp\/v2\/pages"}],"about":[{"href":"https:\/\/www.pdgfc.de\/content\/index.php?rest_route=\/wp\/v2\/types\/page"}],"author":[{"embeddable":true,"href":"https:\/\/www.pdgfc.de\/content\/index.php?rest_route=\/wp\/v2\/users\/6"}],"replies":[{"embeddable":true,"href":"https:\/\/www.pdgfc.de\/content\/index.php?rest_route=%2Fwp%2Fv2%2Fcomments&post=30"}],"version-history":[{"count":5,"href":"https:\/\/www.pdgfc.de\/content\/index.php?rest_route=\/wp\/v2\/pages\/30\/revisions"}],"predecessor-version":[{"id":1544,"href":"https:\/\/www.pdgfc.de\/content\/index.php?rest_route=\/wp\/v2\/pages\/30\/revisions\/1544"}],"up":[{"embeddable":true,"href":"https:\/\/www.pdgfc.de\/content\/index.php?rest_route=\/wp\/v2\/pages\/434"}],"wp:attachment":[{"href":"https:\/\/www.pdgfc.de\/content\/index.php?rest_route=%2Fwp%2Fv2%2Fmedia&parent=30"}],"curies":[{"name":"wp","href":"https:\/\/api.w.org\/{rel}","templated":true}]}}