{"id":3,"date":"2008-06-05T11:04:44","date_gmt":"2008-06-05T09:04:44","guid":{"rendered":"http:\/\/www.pdgfc.de\/content\/?page_id=3"},"modified":"2026-02-02T19:50:08","modified_gmt":"2026-02-02T17:50:08","slug":"startplatz-barenloch-no-rampe","status":"publish","type":"page","link":"https:\/\/www.pdgfc.de\/content\/?page_id=3","title":{"rendered":"FBO Donnersberg B\u00e4renloch (Rampe)"},"content":{"rendered":"<h2><\/h2>\n<ol>\n<li>Voraussetzungen f\u00fcr das Fliegen am Donnersberg sind g\u00fcltige <strong>Pilotenlizenz<\/strong> und <strong>Versicherungsnachweis<\/strong>, sowie eine <strong>vorschriftsm\u00e4\u00dfige Ausr\u00fcstung<\/strong>.<\/li>\n<li><strong>Erstflieger<\/strong> m\u00fcssen sich mit einem Vereinsmitglied (z. B. Liste unten) in Verbindung setzen. Wer aufgrund von Unwissenheit oder mangelhafter Ger\u00e4tebeherrschung einen Rettungseinsatz hervorruft oder den Baumbestand sch\u00e4digt, schadet den Interessen derer, die dieses tolle Fluggebiet erm\u00f6glicht haben. Dasselbe gilt f\u00fcr die Nichteinhaltung der <a title=\"Zufahrts- und Parkregelungen\" href=\"https:\/\/www.pdgfc.de\/content\/?page_id=35\" target=\"_self\" rel=\"noopener noreferrer\">Zufahrts- und Parkregelungen<\/a>.<\/li>\n<li>Das Mitf\u00fchren einer <strong>Bandschlinge<\/strong>, <strong>Sicherungskarabiner<\/strong> und <strong>Rettungsschnur<\/strong> ist Pflicht. Wir empfehlen die Lekt\u00fcre <a title=\"Verhalten bei Baumlandungen\" href=\"https:\/\/www.pdgfc.de\/content\/wp-download\/Baumlandung_Donnersberg.pdf\" target=\"_blank\" rel=\"noopener noreferrer\">Verhalten bei Baumlandungen<\/a> auf unserer Homepage.<\/li>\n<li>Jeder Pilot muss sich an jedem Flugtag in das <strong>Flugbuch<\/strong> (unter der Rampe) eintragen. Dieses m\u00fcssen wir am Jahresende bei der Landespflege vorlegen.<\/li>\n<li>Drachen- und Gleitschirmstarts finden in der Regel im Wechsel statt.<\/li>\n<li><strong>Bei starkem Flugbetrieb<\/strong> hat jeder Gleitschirmpilot max. 2 Startversuche (bei normalen Startbedingungen). Danach haben die nachfolgenden Piloten Vorrang. W\u00e4hrend 3 \u2013 4 Piloten komplett startfertig sind (d. h. ausnahmslos komplett eingeh\u00e4ngt, Helm\/Handschuhe\/Kamera parat) helfen die 3 n\u00e4chsten Piloten beim Auslegen des Schirms. Nach jedem Start r\u00fcckt logischerweise einer nach, usw.<br \/>\nWer wegen mangelnder Startvorbereitung oder Unsicherheit Verz\u00f6gerungen verursacht, muss damit rechnen, sich wieder hinten anstellen zu m\u00fcssen.<br \/>\nF\u00fcr <strong>Gastflieger<\/strong> wird keine Geb\u00fchr erhoben. Bei starkem Andrang bitten wir jedoch um Verst\u00e4ndnis, dass Vereinsmitglieder des 1. PDGFC Vorrang vor Gastfliegern haben. Jedes Vereinsmitglied ist berechtigt, f\u00fcr die Umsetzung zu sorgen. In der Regel starten dann G\u00e4ste und Mitglieder im Wechsel.<\/li>\n<li>Am <a title=\"Landeplatz\" href=\"https:\/\/www.pdgfc.de\/content\/?page_id=6\" target=\"_self\" rel=\"noopener noreferrer\">Landeplatz<\/a> darf nicht geparkt werden. Auch das Abholen sollte nach M\u00f6glichkeit oben an der Stra\u00dfe stattfinden.<\/li>\n<li>Wer Sch\u00e4den irgendwelcher Art anrichtet, ist verpflichtet, den\u00a0<a title=\"Kontakt\" href=\"https:\/\/www.pdgfc.de\/content\/?page_id=328\">Gel\u00e4ndewart<\/a> zu informieren.<\/li>\n<\/ol>\n<p>Happy Landings!!<\/p>\n<p>Gleitschirmpiloten:<\/p>\n<p>Georg Kreber, 0151-54854636<br \/>\nMarcus Brand, 0170-4117816<br \/>\nAndreas Dumke, 0173-3056675<br \/>\nHolger Tupath, 0160-90710775<br \/>\nMartin Queck, 0160-7147313<br \/>\nJ\u00f6rg Enke, 0178-1899960<\/p>\n<p>Drachenpiloten:<br \/>\nWinfried Oswald 0177-8661798<\/p>\n","protected":false},"excerpt":{"rendered":"<p>Voraussetzungen f\u00fcr das Fliegen am Donnersberg sind g\u00fcltige Pilotenlizenz und Versicherungsnachweis, sowie eine vorschriftsm\u00e4\u00dfige Ausr\u00fcstung. Erstflieger m\u00fcssen sich mit einem Vereinsmitglied (z. B. Liste unten) in Verbindung setzen. Wer aufgrund von Unwissenheit oder mangelhafter Ger\u00e4tebeherrschung einen Rettungseinsatz hervorruft oder den Baumbestand sch\u00e4digt, schadet den Interessen derer, die dieses tolle Fluggebiet erm\u00f6glicht haben. Dasselbe gilt f\u00fcr &hellip; <a href=\"https:\/\/www.pdgfc.de\/content\/?page_id=3\" class=\"more-link\">Continue reading<span class=\"screen-reader-text\"> &#8220;FBO Donnersberg B\u00e4renloch (Rampe)&#8221;<\/span><\/a><\/p>\n","protected":false},"author":6,"featured_media":0,"parent":422,"menu_order":3,"comment_status":"closed","ping_status":"closed","template":"","meta":{"_s2mail":"yes","footnotes":""},"class_list":["post-3","page","type-page","status-publish","hentry"],"_links":{"self":[{"href":"https:\/\/www.pdgfc.de\/content\/index.php?rest_route=\/wp\/v2\/pages\/3","targetHints":{"allow":["GET"]}}],"collection":[{"href":"https:\/\/www.pdgfc.de\/content\/index.php?rest_route=\/wp\/v2\/pages"}],"about":[{"href":"https:\/\/www.pdgfc.de\/content\/index.php?rest_route=\/wp\/v2\/types\/page"}],"author":[{"embeddable":true,"href":"https:\/\/www.pdgfc.de\/content\/index.php?rest_route=\/wp\/v2\/users\/6"}],"replies":[{"embeddable":true,"href":"https:\/\/www.pdgfc.de\/content\/index.php?rest_route=%2Fwp%2Fv2%2Fcomments&post=3"}],"version-history":[{"count":22,"href":"https:\/\/www.pdgfc.de\/content\/index.php?rest_route=\/wp\/v2\/pages\/3\/revisions"}],"predecessor-version":[{"id":3892,"href":"https:\/\/www.pdgfc.de\/content\/index.php?rest_route=\/wp\/v2\/pages\/3\/revisions\/3892"}],"up":[{"embeddable":true,"href":"https:\/\/www.pdgfc.de\/content\/index.php?rest_route=\/wp\/v2\/pages\/422"}],"wp:attachment":[{"href":"https:\/\/www.pdgfc.de\/content\/index.php?rest_route=%2Fwp%2Fv2%2Fmedia&parent=3"}],"curies":[{"name":"wp","href":"https:\/\/api.w.org\/{rel}","templated":true}]}}