{"id":2875,"date":"2025-07-11T02:11:27","date_gmt":"2025-07-11T00:11:27","guid":{"rendered":"https:\/\/www.pdgfc.de\/content\/?page_id=2875"},"modified":"2026-02-02T19:42:50","modified_gmt":"2026-02-02T17:42:50","slug":"gasteregelung-madenburg","status":"publish","type":"page","link":"https:\/\/www.pdgfc.de\/content\/?page_id=2875","title":{"rendered":"G\u00e4steregelung Madenburg"},"content":{"rendered":"\n<ul class=\"wp-block-list\">\n<li><a href=\"https:\/\/www.pdgfc.de\/content\/?page_id=437\" data-type=\"page\" data-id=\"437\">Informiere dich \u00fcber das Fluggebiet<\/a>, auch den Start- und Landeplatz.<\/li>\n\n\n\n<li>Wenn du hier zum ersten Mal fliegst, ben\u00f6tigst du eine Einweisung. Nach der Einweisung wird dir eine Einweisungskarte ausgeh\u00e4ndigt. Diese musst du bei Fl\u00fcgen immer dabei haben und auf Wunsch vorzeigen. Ohne Einweisungskarte darfst du hier nicht fliegen!<\/li>\n\n\n\n<li>Die Anzahl der Gastflieger ist auf 5 Personen pro Tag beschr\u00e4nkt.<\/li>\n\n\n\n<li>Die Buchung erfolgt \u00fcber einen Kalender. Vorher musst du dich auf dieser Website registrieren bzw. anmelden. (Siehe unten.)<\/li>\n\n\n\n<li>Du erh\u00e4ltst nach der Buchung eine E-Mail. <\/li>\n\n\n\n<li>Die Tagesmitgliedschaft kostet 5 \u20ac. Die Bezahlung erfolgt per \u00dcberweisung vor dem Flug. Dass die \u00dcberweisung meist erst nach dem Flug ankommt, ist kein Problem. Die Details zur \u00dcberweisung stehen in der E-Mail, die du bekommst.<\/li>\n\n\n\n<li>Bitte buche nur ein Ticket, wenn du auch wirklich fliegen gehst. Sonst nimmst du einem anderen Flieger den Platz weg. <\/li>\n\n\n\n<li>Auf dem Ticket steht: 10 bis 22 Uhr. Das gibt nicht die Zeit an, in der du fliegen darfst. Du darfst ganzt\u00e4gig zu den zul\u00e4ssigen Uhrzeiten fliegen (siehe hierzu auch die <a href=\"https:\/\/www.pdgfc.de\/content\/?page_id=31\" data-type=\"page\" data-id=\"31\">Flugbetriebsordnung<\/a>).<\/li>\n\n\n\n<li>Wenn das Wetter am geplanten Tag nicht passt und du nicht fliegen kannst, brauchst du nicht zu bezahlen. Dann kannst du die Buchung stornieren oder dir die Tagesmitgliedschaft f\u00fcr n\u00e4chstes Mal anrechnen lassen. <\/li>\n\n\n\n<li>Eine Stornierung ist nur bis zum Flugtag morgens um 10 Uhr m\u00f6glich, danach nicht mehr. Nach erfolgreicher Stornierung muss keine Geb\u00fchr f\u00fcr die Tagesmitgliedschaft entrichtet werden. Wenn du schon \u00fcberwiesen hast, wird der Betrag f\u00fcr das n\u00e4chste Mal gutgeschrieben. Details stehen in der E-Mail, die du bei der Buchung bekommst.<\/li>\n<\/ul>\n\n\n\n<h2 class=\"wp-block-heading\">Registrierung\/Anmeldung<\/h2>\n\n\n\n<p>Als erstes musst du dich <a href=\"https:\/\/www.pdgfc.de\/content\/wp-login.php?action=register\">auf dieser Website registrieren<\/a>. Das geht ganz einfach. Du musst nur eine E-Mail und ein Passwort eingeben. Du solltest danach aber noch im Datenbereich deinen Namen eintragen, damit wir deine \u00dcberweisung dir zuordnen k\u00f6nnen. <\/p>\n\n\n\n<p>Wenn du dich schon einmal registriert hast, musst du dich nur <a href=\"https:\/\/www.pdgfc.de\/content\/wp-login.php\">anmelden<\/a>.<\/p>\n\n\n\n<h2 class=\"wp-block-heading\">Kalender<\/h2>\n\n\n\n<p>Auf der Seite  <a href=\"https:\/\/www.pdgfc.de\/content\/?page_id=2791\" data-type=\"page\" data-id=\"2791\">Tagesmitgliedschaft Madenburg<\/a> kannst du dir mit dem Kalender einen Tag aussuchen, an dem du fliegen gehen m\u00f6chtest. Im Kalender kannst du ein Ticket (Tagesmitgliedschaft) buchen, das den ganzen Tag g\u00fcltig ist. Die Buchung geht fr\u00fchestens 3 Tage vor dem Flugtag ab 10 Uhr und sp\u00e4testens an dem Tag selber (Uhrzeit egal).<\/p>\n\n\n\n<p>Die \u00dcbersicht der bisherigen Buchungen wird unter <a href=\"https:\/\/www.pdgfc.de\/content\/?page_id=2795\" data-type=\"page\" data-id=\"2795\">Meine Buchungen<\/a> angezeigt. Hier k\u00f6nnen gebuchte Tickets auch storniert werden, aber nur vor dem gebuchten Tag.<\/p>\n\n\n\n<p>Bei der Buchung kannst du die Kommentarfunktion nutzen. Die Infos dort kommen bei uns an.<\/p>\n\n\n\n<h2 class=\"wp-block-heading\">Auf geht&#8217;s zur Burch!<\/h2>\n\n\n\n<p>Wenn die Bank-\u00dcberweisung get\u00e4tigt ist, geht es am Flugtag zur Madenburg. Denk dran, deine Einweisungskarte mitzunehmen, da du wahrscheinlich darauf angesprochen wirst, falls du noch nicht allen bekannt bist.<\/p>\n","protected":false},"excerpt":{"rendered":"<p>Registrierung\/Anmeldung Als erstes musst du dich auf dieser Website registrieren. Das geht ganz einfach. Du musst nur eine E-Mail und ein Passwort eingeben. Du solltest danach aber noch im Datenbereich deinen Namen eintragen, damit wir deine \u00dcberweisung dir zuordnen k\u00f6nnen. Wenn du dich schon einmal registriert hast, musst du dich nur anmelden. Kalender Auf der &hellip; <a href=\"https:\/\/www.pdgfc.de\/content\/?page_id=2875\" class=\"more-link\">Continue reading<span class=\"screen-reader-text\"> &#8220;G\u00e4steregelung Madenburg&#8221;<\/span><\/a><\/p>\n","protected":false},"author":12,"featured_media":0,"parent":0,"menu_order":0,"comment_status":"closed","ping_status":"closed","template":"","meta":{"_s2mail":"","footnotes":""},"class_list":["post-2875","page","type-page","status-publish","hentry"],"_links":{"self":[{"href":"https:\/\/www.pdgfc.de\/content\/index.php?rest_route=\/wp\/v2\/pages\/2875","targetHints":{"allow":["GET"]}}],"collection":[{"href":"https:\/\/www.pdgfc.de\/content\/index.php?rest_route=\/wp\/v2\/pages"}],"about":[{"href":"https:\/\/www.pdgfc.de\/content\/index.php?rest_route=\/wp\/v2\/types\/page"}],"author":[{"embeddable":true,"href":"https:\/\/www.pdgfc.de\/content\/index.php?rest_route=\/wp\/v2\/users\/12"}],"replies":[{"embeddable":true,"href":"https:\/\/www.pdgfc.de\/content\/index.php?rest_route=%2Fwp%2Fv2%2Fcomments&post=2875"}],"version-history":[{"count":11,"href":"https:\/\/www.pdgfc.de\/content\/index.php?rest_route=\/wp\/v2\/pages\/2875\/revisions"}],"predecessor-version":[{"id":3871,"href":"https:\/\/www.pdgfc.de\/content\/index.php?rest_route=\/wp\/v2\/pages\/2875\/revisions\/3871"}],"wp:attachment":[{"href":"https:\/\/www.pdgfc.de\/content\/index.php?rest_route=%2Fwp%2Fv2%2Fmedia&parent=2875"}],"curies":[{"name":"wp","href":"https:\/\/api.w.org\/{rel}","templated":true}]}}