{"id":2872,"date":"2025-07-11T03:01:47","date_gmt":"2025-07-11T01:01:47","guid":{"rendered":"https:\/\/www.pdgfc.de\/content\/?page_id=2872"},"modified":"2025-08-06T20:39:02","modified_gmt":"2025-08-06T18:39:02","slug":"gasteregelung","status":"publish","type":"page","link":"https:\/\/www.pdgfc.de\/content\/?page_id=2872","title":{"rendered":"G\u00e4steregelung"},"content":{"rendered":"<p>Du bist kein Vereinsmitglied und m\u00f6chtest an unseren Fluggebieten fliegen?<\/p>\n\n\n<h3 class=\"wp-block-heading\">Donnersberg B\u00e4renloch (Rampe)<\/h3>\n\n\n\n<ul class=\"wp-block-list\">\n<li>Informiere dich \u00fcber das <a href=\"https:\/\/www.pdgfc.de\/content\/?page_id=422\" data-type=\"page\" data-id=\"422\">Fluggebiet Donnersberg B\u00e4renloch<\/a>.<\/li>\n\n\n\n<li>Wenn du hier zum ersten Mal fliegst, ben\u00f6tigst du eine m\u00fcndliche Einweisung.<\/li>\n\n\n\n<li>Es fallen keine Geb\u00fchren an.<\/li>\n<\/ul>\n\n\n\n<h3 class=\"wp-block-heading\">Donnersberg Adlerbogen<\/h3>\n\n\n\n<ul class=\"wp-block-list\">\n<li>Informiere dich \u00fcber das <a href=\"https:\/\/www.pdgfc.de\/content\/?page_id=426\" data-type=\"page\" data-id=\"426\">Fluggebiet Donnersberg Adlerbogen<\/a>.<\/li>\n\n\n\n<li>Wenn du hier zum ersten Mal fliegst, ben\u00f6tigst du eine m\u00fcndliche Einweisung.<\/li>\n\n\n\n<li>Es fallen keine Geb\u00fchren an.<\/li>\n<\/ul>\n\n\n\n<h3 class=\"wp-block-heading\">Madenburg<\/h3>\n\n\n\n<p>Es gibt eine eigene Seite zur <a href=\"https:\/\/www.pdgfc.de\/content\/?page_id=2875\" data-type=\"page\" data-id=\"2875\">G\u00e4steregelung an der Madenburg<\/a> mit allen n\u00f6tigen Informationen. <\/p>\n\n\n\n<h3 class=\"wp-block-heading\">Steckweiler<\/h3>\n\n\n\n<p>Von beh\u00f6rdlicher Seite ist das Fluggebiet nur f\u00fcr Vereinsmitglieder des 1. Pf\u00e4lzer Drachen- und Gleitschirmfliegerclub e. V. (1. PDGFC) und der Pf\u00e4lzer Gleitschirmflieger e. V. zugelassen. Deshalb gibt es hier keine offizielle G\u00e4steregelung.<\/p>\n\n\n\n<p><\/p>\n","protected":false},"excerpt":{"rendered":"<p>Du bist kein Vereinsmitglied und m\u00f6chtest an unseren Fluggebieten fliegen? Donnersberg B\u00e4renloch (Rampe) Donnersberg Adlerbogen Madenburg Es gibt eine eigene Seite zur G\u00e4steregelung an der Madenburg mit allen n\u00f6tigen Informationen. Steckweiler Von beh\u00f6rdlicher Seite ist das Fluggebiet nur f\u00fcr Vereinsmitglieder des 1. Pf\u00e4lzer Drachen- und Gleitschirmfliegerclub e. V. (1. PDGFC) und der Pf\u00e4lzer Gleitschirmflieger e. &hellip; <a href=\"https:\/\/www.pdgfc.de\/content\/?page_id=2872\" class=\"more-link\">Continue reading<span class=\"screen-reader-text\"> &#8220;G\u00e4steregelung&#8221;<\/span><\/a><\/p>\n","protected":false},"author":12,"featured_media":0,"parent":0,"menu_order":0,"comment_status":"closed","ping_status":"closed","template":"","meta":{"_s2mail":"","footnotes":""},"class_list":["post-2872","page","type-page","status-publish","hentry"],"_links":{"self":[{"href":"https:\/\/www.pdgfc.de\/content\/index.php?rest_route=\/wp\/v2\/pages\/2872","targetHints":{"allow":["GET"]}}],"collection":[{"href":"https:\/\/www.pdgfc.de\/content\/index.php?rest_route=\/wp\/v2\/pages"}],"about":[{"href":"https:\/\/www.pdgfc.de\/content\/index.php?rest_route=\/wp\/v2\/types\/page"}],"author":[{"embeddable":true,"href":"https:\/\/www.pdgfc.de\/content\/index.php?rest_route=\/wp\/v2\/users\/12"}],"replies":[{"embeddable":true,"href":"https:\/\/www.pdgfc.de\/content\/index.php?rest_route=%2Fwp%2Fv2%2Fcomments&post=2872"}],"version-history":[{"count":5,"href":"https:\/\/www.pdgfc.de\/content\/index.php?rest_route=\/wp\/v2\/pages\/2872\/revisions"}],"predecessor-version":[{"id":3081,"href":"https:\/\/www.pdgfc.de\/content\/index.php?rest_route=\/wp\/v2\/pages\/2872\/revisions\/3081"}],"wp:attachment":[{"href":"https:\/\/www.pdgfc.de\/content\/index.php?rest_route=%2Fwp%2Fv2%2Fmedia&parent=2872"}],"curies":[{"name":"wp","href":"https:\/\/api.w.org\/{rel}","templated":true}]}}