{"id":2630,"date":"2023-12-21T14:53:20","date_gmt":"2023-12-21T12:53:20","guid":{"rendered":"https:\/\/www.pdgfc.de\/content\/?p=2630"},"modified":"2026-01-29T18:16:20","modified_gmt":"2026-01-29T16:16:20","slug":"xc-vereinsmitglieder-hall-of-fame","status":"publish","type":"page","link":"https:\/\/www.pdgfc.de\/content\/?page_id=2630","title":{"rendered":"XC Vereinsmitglieder &#8211; Hall of Fame"},"content":{"rendered":"\n<p>Es sind hier nur Fl\u00fcge von Vereinsmitgliedern des 1.PDGFC ber\u00fccksichtigt die im DHV XC hochgeladen wurden &#8211; der Pilot kann aber nat\u00fcrlich auch noch in anderen Vereinen Mitglied sein.<\/p>\n\n\n\n<p>Die Strecke muss am Donnersberg gestartet worden sein.<\/p>\n\n\n\n<p>Das Flugger\u00e4t oder die Klasse spielt keine Rolle &#8211; Drachen haben es leichter den besten Einzelflug abzuliefern, Gleitschirme eher die beste Summe von drei Fl\u00fcgen.<\/p>\n\n\n\n<h2 class=\"wp-block-heading\">2025<\/h2>\n\n\n\n<p>Weiteste Strecke Einzelflug:<\/p>\n\n\n\n<figure class=\"wp-block-image size-large\"><a href=\"https:\/\/www.pdgfc.de\/content\/wp-content\/uploads\/2026\/01\/grafik-2.png\"><img loading=\"lazy\" decoding=\"async\" width=\"1024\" height=\"109\" src=\"https:\/\/www.pdgfc.de\/content\/wp-content\/uploads\/2026\/01\/grafik-2-1024x109.png\" alt=\"\" class=\"wp-image-3885\" srcset=\"https:\/\/www.pdgfc.de\/content\/wp-content\/uploads\/2026\/01\/grafik-2-1024x109.png 1024w, https:\/\/www.pdgfc.de\/content\/wp-content\/uploads\/2026\/01\/grafik-2-300x32.png 300w, https:\/\/www.pdgfc.de\/content\/wp-content\/uploads\/2026\/01\/grafik-2-768x82.png 768w, https:\/\/www.pdgfc.de\/content\/wp-content\/uploads\/2026\/01\/grafik-2-1536x163.png 1536w, https:\/\/www.pdgfc.de\/content\/wp-content\/uploads\/2026\/01\/grafik-2-1200x128.png 1200w, https:\/\/www.pdgfc.de\/content\/wp-content\/uploads\/2026\/01\/grafik-2.png 1598w\" sizes=\"auto, (max-width: 709px) 85vw, (max-width: 909px) 67vw, (max-width: 1362px) 62vw, 840px\" \/><\/a><\/figure>\n\n\n\n<p>Weiteste Strecke Summe 3 Fl\u00fcge:<\/p>\n\n\n\n<figure class=\"wp-block-image size-large\"><a href=\"https:\/\/www.pdgfc.de\/content\/wp-content\/uploads\/2026\/01\/grafik-1.png\"><img loading=\"lazy\" decoding=\"async\" width=\"1024\" height=\"86\" src=\"https:\/\/www.pdgfc.de\/content\/wp-content\/uploads\/2026\/01\/grafik-1-1024x86.png\" alt=\"\" class=\"wp-image-3883\" srcset=\"https:\/\/www.pdgfc.de\/content\/wp-content\/uploads\/2026\/01\/grafik-1-1024x86.png 1024w, https:\/\/www.pdgfc.de\/content\/wp-content\/uploads\/2026\/01\/grafik-1-300x25.png 300w, https:\/\/www.pdgfc.de\/content\/wp-content\/uploads\/2026\/01\/grafik-1-768x65.png 768w, https:\/\/www.pdgfc.de\/content\/wp-content\/uploads\/2026\/01\/grafik-1-1536x130.png 1536w, https:\/\/www.pdgfc.de\/content\/wp-content\/uploads\/2026\/01\/grafik-1-1200x101.png 1200w, https:\/\/www.pdgfc.de\/content\/wp-content\/uploads\/2026\/01\/grafik-1.png 1634w\" sizes=\"auto, (max-width: 709px) 85vw, (max-width: 909px) 67vw, (max-width: 1362px) 62vw, 840px\" \/><\/a><\/figure>\n\n\n\n<h2 class=\"wp-block-heading\">2024<\/h2>\n\n\n\n<p>Weiteste Strecke Einzelflug:<\/p>\n\n\n\n<figure class=\"wp-block-image size-large\"><a href=\"https:\/\/www.pdgfc.de\/content\/wp-content\/uploads\/2025\/01\/grafik.png\"><img loading=\"lazy\" decoding=\"async\" width=\"1024\" height=\"140\" src=\"https:\/\/www.pdgfc.de\/content\/wp-content\/uploads\/2025\/01\/grafik-1024x140.png\" alt=\"\" class=\"wp-image-2765\" srcset=\"https:\/\/www.pdgfc.de\/content\/wp-content\/uploads\/2025\/01\/grafik-1024x140.png 1024w, https:\/\/www.pdgfc.de\/content\/wp-content\/uploads\/2025\/01\/grafik-300x41.png 300w, https:\/\/www.pdgfc.de\/content\/wp-content\/uploads\/2025\/01\/grafik-768x105.png 768w, https:\/\/www.pdgfc.de\/content\/wp-content\/uploads\/2025\/01\/grafik-1536x209.png 1536w, https:\/\/www.pdgfc.de\/content\/wp-content\/uploads\/2025\/01\/grafik-1200x163.png 1200w, https:\/\/www.pdgfc.de\/content\/wp-content\/uploads\/2025\/01\/grafik.png 1813w\" sizes=\"auto, (max-width: 709px) 85vw, (max-width: 909px) 67vw, (max-width: 1362px) 62vw, 840px\" \/><\/a><\/figure>\n\n\n\n<p>Weiteste Strecke Summe 3 Fl\u00fcge:<\/p>\n\n\n\n<figure class=\"wp-block-image size-large\"><a href=\"https:\/\/www.pdgfc.de\/content\/wp-content\/uploads\/2025\/01\/grafik-1.png\"><img loading=\"lazy\" decoding=\"async\" width=\"1024\" height=\"147\" src=\"https:\/\/www.pdgfc.de\/content\/wp-content\/uploads\/2025\/01\/grafik-1-1024x147.png\" alt=\"\" class=\"wp-image-2767\" srcset=\"https:\/\/www.pdgfc.de\/content\/wp-content\/uploads\/2025\/01\/grafik-1-1024x147.png 1024w, https:\/\/www.pdgfc.de\/content\/wp-content\/uploads\/2025\/01\/grafik-1-300x43.png 300w, https:\/\/www.pdgfc.de\/content\/wp-content\/uploads\/2025\/01\/grafik-1-768x111.png 768w, https:\/\/www.pdgfc.de\/content\/wp-content\/uploads\/2025\/01\/grafik-1-1536x221.png 1536w, https:\/\/www.pdgfc.de\/content\/wp-content\/uploads\/2025\/01\/grafik-1-1200x173.png 1200w, https:\/\/www.pdgfc.de\/content\/wp-content\/uploads\/2025\/01\/grafik-1.png 1820w\" sizes=\"auto, (max-width: 709px) 85vw, (max-width: 909px) 67vw, (max-width: 1362px) 62vw, 840px\" \/><\/a><\/figure>\n\n\n\n<h2 class=\"wp-block-heading\">2023<\/h2>\n\n\n\n<p>Weiteste Strecke Einzelflug:<\/p>\n\n\n\n<figure class=\"wp-block-image size-large is-resized\"><a href=\"https:\/\/www.pdgfc.de\/content\/wp-content\/uploads\/2023\/12\/grafik-3.png\"><img loading=\"lazy\" decoding=\"async\" width=\"1024\" height=\"83\" src=\"https:\/\/www.pdgfc.de\/content\/wp-content\/uploads\/2023\/12\/grafik-3-1024x83.png\" alt=\"\" class=\"wp-image-2636\" style=\"aspect-ratio:12.337349397590362;width:957px;height:auto\" srcset=\"https:\/\/www.pdgfc.de\/content\/wp-content\/uploads\/2023\/12\/grafik-3-1024x83.png 1024w, https:\/\/www.pdgfc.de\/content\/wp-content\/uploads\/2023\/12\/grafik-3-300x24.png 300w, https:\/\/www.pdgfc.de\/content\/wp-content\/uploads\/2023\/12\/grafik-3-768x62.png 768w, https:\/\/www.pdgfc.de\/content\/wp-content\/uploads\/2023\/12\/grafik-3-1200x98.png 1200w, https:\/\/www.pdgfc.de\/content\/wp-content\/uploads\/2023\/12\/grafik-3.png 1278w\" sizes=\"auto, (max-width: 709px) 85vw, (max-width: 909px) 67vw, (max-width: 1362px) 62vw, 840px\" \/><\/a><\/figure>\n\n\n\n<p>Weiteste Strecke Summe 3 Fl\u00fcge:<\/p>\n\n\n\n<figure class=\"wp-block-image size-large is-resized\"><a href=\"https:\/\/www.pdgfc.de\/content\/wp-content\/uploads\/2023\/12\/grafik-2.png\"><img loading=\"lazy\" decoding=\"async\" width=\"1024\" height=\"149\" src=\"https:\/\/www.pdgfc.de\/content\/wp-content\/uploads\/2023\/12\/grafik-2-1024x149.png\" alt=\"\" class=\"wp-image-2635\" style=\"aspect-ratio:6.87248322147651;width:958px;height:auto\" srcset=\"https:\/\/www.pdgfc.de\/content\/wp-content\/uploads\/2023\/12\/grafik-2-1024x149.png 1024w, https:\/\/www.pdgfc.de\/content\/wp-content\/uploads\/2023\/12\/grafik-2-300x44.png 300w, https:\/\/www.pdgfc.de\/content\/wp-content\/uploads\/2023\/12\/grafik-2-768x112.png 768w, https:\/\/www.pdgfc.de\/content\/wp-content\/uploads\/2023\/12\/grafik-2.png 1190w\" sizes=\"auto, (max-width: 709px) 85vw, (max-width: 909px) 67vw, (max-width: 1362px) 62vw, 840px\" \/><\/a><\/figure>\n\n\n\n<h2 class=\"wp-block-heading\">2022<\/h2>\n\n\n\n<p>Weiteste Strecke Einzelflug:<\/p>\n\n\n\n<figure class=\"wp-block-image size-large is-resized\"><a href=\"https:\/\/www.pdgfc.de\/content\/wp-content\/uploads\/2023\/12\/grafik-6.png\"><img loading=\"lazy\" decoding=\"async\" width=\"1024\" height=\"66\" src=\"https:\/\/www.pdgfc.de\/content\/wp-content\/uploads\/2023\/12\/grafik-6-1024x66.png\" alt=\"\" class=\"wp-image-2641\" style=\"aspect-ratio:15.515151515151516;width:959px;height:auto\" srcset=\"https:\/\/www.pdgfc.de\/content\/wp-content\/uploads\/2023\/12\/grafik-6-1024x66.png 1024w, https:\/\/www.pdgfc.de\/content\/wp-content\/uploads\/2023\/12\/grafik-6-300x19.png 300w, https:\/\/www.pdgfc.de\/content\/wp-content\/uploads\/2023\/12\/grafik-6-768x49.png 768w, https:\/\/www.pdgfc.de\/content\/wp-content\/uploads\/2023\/12\/grafik-6-1200x77.png 1200w, https:\/\/www.pdgfc.de\/content\/wp-content\/uploads\/2023\/12\/grafik-6.png 1309w\" sizes=\"auto, (max-width: 709px) 85vw, (max-width: 909px) 67vw, (max-width: 1362px) 62vw, 840px\" \/><\/a><\/figure>\n\n\n\n<p><\/p>\n\n\n\n<p>Weiteste Strecke Summe 3 Fl\u00fcge:<br><\/p>\n\n\n\n<figure class=\"wp-block-image size-large is-resized\"><a href=\"https:\/\/www.pdgfc.de\/content\/wp-content\/uploads\/2023\/12\/grafik-7.png\"><img loading=\"lazy\" decoding=\"async\" width=\"1024\" height=\"143\" src=\"https:\/\/www.pdgfc.de\/content\/wp-content\/uploads\/2023\/12\/grafik-7-1024x143.png\" alt=\"\" class=\"wp-image-2642\" style=\"aspect-ratio:7.160839160839161;width:946px;height:auto\" srcset=\"https:\/\/www.pdgfc.de\/content\/wp-content\/uploads\/2023\/12\/grafik-7-1024x143.png 1024w, https:\/\/www.pdgfc.de\/content\/wp-content\/uploads\/2023\/12\/grafik-7-300x42.png 300w, https:\/\/www.pdgfc.de\/content\/wp-content\/uploads\/2023\/12\/grafik-7-768x107.png 768w, https:\/\/www.pdgfc.de\/content\/wp-content\/uploads\/2023\/12\/grafik-7-1200x167.png 1200w, https:\/\/www.pdgfc.de\/content\/wp-content\/uploads\/2023\/12\/grafik-7.png 1300w\" sizes=\"auto, (max-width: 709px) 85vw, (max-width: 909px) 67vw, (max-width: 1362px) 62vw, 840px\" \/><\/a><\/figure>\n\n\n\n<p><\/p>\n\n\n\n<h2 class=\"wp-block-heading\">2021<\/h2>\n\n\n\n<p>Weiteste Strecke Einzelflug:<\/p>\n\n\n\n<figure class=\"wp-block-image size-large is-resized\"><a href=\"https:\/\/www.pdgfc.de\/content\/wp-content\/uploads\/2023\/12\/grafik-8.png\"><img loading=\"lazy\" decoding=\"async\" width=\"1024\" height=\"98\" src=\"https:\/\/www.pdgfc.de\/content\/wp-content\/uploads\/2023\/12\/grafik-8-1024x98.png\" alt=\"\" class=\"wp-image-2643\" style=\"aspect-ratio:10.448979591836734;width:943px;height:auto\" srcset=\"https:\/\/www.pdgfc.de\/content\/wp-content\/uploads\/2023\/12\/grafik-8-1024x98.png 1024w, https:\/\/www.pdgfc.de\/content\/wp-content\/uploads\/2023\/12\/grafik-8-300x29.png 300w, https:\/\/www.pdgfc.de\/content\/wp-content\/uploads\/2023\/12\/grafik-8-768x73.png 768w, https:\/\/www.pdgfc.de\/content\/wp-content\/uploads\/2023\/12\/grafik-8-1200x115.png 1200w, https:\/\/www.pdgfc.de\/content\/wp-content\/uploads\/2023\/12\/grafik-8.png 1297w\" sizes=\"auto, (max-width: 709px) 85vw, (max-width: 909px) 67vw, (max-width: 1362px) 62vw, 840px\" \/><\/a><\/figure>\n\n\n\n<p><br>Weiteste Strecke Summe 3 Fl\u00fcge:<\/p>\n\n\n\n<figure class=\"wp-block-image size-large is-resized\"><a href=\"https:\/\/www.pdgfc.de\/content\/wp-content\/uploads\/2023\/12\/grafik-9.png\"><img loading=\"lazy\" decoding=\"async\" width=\"1024\" height=\"135\" src=\"https:\/\/www.pdgfc.de\/content\/wp-content\/uploads\/2023\/12\/grafik-9-1024x135.png\" alt=\"\" class=\"wp-image-2645\" style=\"aspect-ratio:7.5851851851851855;width:941px;height:auto\" srcset=\"https:\/\/www.pdgfc.de\/content\/wp-content\/uploads\/2023\/12\/grafik-9-1024x135.png 1024w, https:\/\/www.pdgfc.de\/content\/wp-content\/uploads\/2023\/12\/grafik-9-300x40.png 300w, https:\/\/www.pdgfc.de\/content\/wp-content\/uploads\/2023\/12\/grafik-9-768x101.png 768w, https:\/\/www.pdgfc.de\/content\/wp-content\/uploads\/2023\/12\/grafik-9-1200x158.png 1200w, https:\/\/www.pdgfc.de\/content\/wp-content\/uploads\/2023\/12\/grafik-9.png 1282w\" sizes=\"auto, (max-width: 709px) 85vw, (max-width: 909px) 67vw, (max-width: 1362px) 62vw, 840px\" \/><\/a><\/figure>\n","protected":false},"excerpt":{"rendered":"<p>Es sind hier nur Fl\u00fcge von Vereinsmitgliedern des 1.PDGFC ber\u00fccksichtigt die im DHV XC hochgeladen wurden &#8211; der Pilot kann aber nat\u00fcrlich auch noch in anderen Vereinen Mitglied sein. Die Strecke muss am Donnersberg gestartet worden sein. Das Flugger\u00e4t oder die Klasse spielt keine Rolle &#8211; Drachen haben es leichter den besten Einzelflug abzuliefern, Gleitschirme &hellip; <a href=\"https:\/\/www.pdgfc.de\/content\/?page_id=2630\" class=\"more-link\">Continue reading<span class=\"screen-reader-text\"> &#8220;XC Vereinsmitglieder &#8211; Hall of Fame&#8221;<\/span><\/a><\/p>\n","protected":false},"author":10,"featured_media":0,"parent":16,"menu_order":5,"comment_status":"open","ping_status":"closed","template":"","meta":{"_s2mail":"","footnotes":""},"class_list":["post-2630","page","type-page","status-publish","hentry"],"_links":{"self":[{"href":"https:\/\/www.pdgfc.de\/content\/index.php?rest_route=\/wp\/v2\/pages\/2630","targetHints":{"allow":["GET"]}}],"collection":[{"href":"https:\/\/www.pdgfc.de\/content\/index.php?rest_route=\/wp\/v2\/pages"}],"about":[{"href":"https:\/\/www.pdgfc.de\/content\/index.php?rest_route=\/wp\/v2\/types\/page"}],"author":[{"embeddable":true,"href":"https:\/\/www.pdgfc.de\/content\/index.php?rest_route=\/wp\/v2\/users\/10"}],"replies":[{"embeddable":true,"href":"https:\/\/www.pdgfc.de\/content\/index.php?rest_route=%2Fwp%2Fv2%2Fcomments&post=2630"}],"version-history":[{"count":10,"href":"https:\/\/www.pdgfc.de\/content\/index.php?rest_route=\/wp\/v2\/pages\/2630\/revisions"}],"predecessor-version":[{"id":3886,"href":"https:\/\/www.pdgfc.de\/content\/index.php?rest_route=\/wp\/v2\/pages\/2630\/revisions\/3886"}],"up":[{"embeddable":true,"href":"https:\/\/www.pdgfc.de\/content\/index.php?rest_route=\/wp\/v2\/pages\/16"}],"wp:attachment":[{"href":"https:\/\/www.pdgfc.de\/content\/index.php?rest_route=%2Fwp%2Fv2%2Fmedia&parent=2630"}],"curies":[{"name":"wp","href":"https:\/\/api.w.org\/{rel}","templated":true}]}}