{"id":2264,"date":"2021-02-15T01:31:19","date_gmt":"2021-02-14T23:31:19","guid":{"rendered":"http:\/\/www.pdgfc.de\/content\/?page_id=2264"},"modified":"2025-07-06T23:06:07","modified_gmt":"2025-07-06T21:06:07","slug":"madenburg-parken-und-wege","status":"publish","type":"page","link":"https:\/\/www.pdgfc.de\/content\/?page_id=2264","title":{"rendered":"Madenburg Parken und Wege"},"content":{"rendered":"\n<p>Hier eine \u00dcbersicht aller Parkpl\u00e4tze. Zum Vergr\u00f6\u00dfern einfach auf das Bild klicken.<\/p>\n\n\n\n<figure class=\"wp-block-image size-large\"><a href=\"https:\/\/www.pdgfc.de\/content\/wp-content\/uploads\/2021\/02\/Image1.jpg\"><img loading=\"lazy\" decoding=\"async\" width=\"1024\" height=\"542\" src=\"https:\/\/www.pdgfc.de\/content\/wp-content\/uploads\/2021\/02\/Image1-1024x542.jpg\" alt=\"\" class=\"wp-image-2252\" srcset=\"https:\/\/www.pdgfc.de\/content\/wp-content\/uploads\/2021\/02\/Image1-1024x542.jpg 1024w, https:\/\/www.pdgfc.de\/content\/wp-content\/uploads\/2021\/02\/Image1-300x159.jpg 300w, https:\/\/www.pdgfc.de\/content\/wp-content\/uploads\/2021\/02\/Image1-768x407.jpg 768w, https:\/\/www.pdgfc.de\/content\/wp-content\/uploads\/2021\/02\/Image1-1536x813.jpg 1536w, https:\/\/www.pdgfc.de\/content\/wp-content\/uploads\/2021\/02\/Image1-2048x1085.jpg 2048w, https:\/\/www.pdgfc.de\/content\/wp-content\/uploads\/2021\/02\/Image1-1200x635.jpg 1200w\" sizes=\"auto, (max-width: 709px) 85vw, (max-width: 909px) 67vw, (max-width: 1362px) 62vw, 840px\" \/><\/a><figcaption class=\"wp-element-caption\">Madenburg Start- und Landeplatz, Naturschutzgebiet und Parkpl\u00e4tze<\/figcaption><\/figure>\n\n\n\n<p>Um zur Madenburg zu kommen, kann der offizielle Madenburgparkplatz genutzt werden (im oberen Bild rechts oben). Ab dort muss man noch 1,1 km (ca. 15 Minuten) laufen.<\/p>\n\n\n\n<p>Mit dem Auto darf nur bis zum Madenburgparkplatz gefahren werden. Eine Fahrt direkt zur Burg ist nicht gestattet! <\/p>\n\n\n\n<p>Ab dem Parkplatz gibt es zwei Wege, die jeweils als Einbahnstra\u00dfe gekennzeichnet sind (eine nach oben, eine nach unten). Welchen Weg man zu Fu\u00df nimmt, ist ziemlich egal, weil sie ungef\u00e4hr gleich lang sind und oben wieder zusammenf\u00fchren.<\/p>\n\n\n\n<figure class=\"wp-block-image size-large\"><a href=\"https:\/\/www.pdgfc.de\/content\/wp-content\/uploads\/2021\/02\/Image5.jpg\"><img loading=\"lazy\" decoding=\"async\" width=\"1024\" height=\"554\" src=\"https:\/\/www.pdgfc.de\/content\/wp-content\/uploads\/2021\/02\/Image5-1024x554.jpg\" alt=\"\" class=\"wp-image-2267\" srcset=\"https:\/\/www.pdgfc.de\/content\/wp-content\/uploads\/2021\/02\/Image5-1024x554.jpg 1024w, https:\/\/www.pdgfc.de\/content\/wp-content\/uploads\/2021\/02\/Image5-300x162.jpg 300w, https:\/\/www.pdgfc.de\/content\/wp-content\/uploads\/2021\/02\/Image5-768x416.jpg 768w, https:\/\/www.pdgfc.de\/content\/wp-content\/uploads\/2021\/02\/Image5-1200x649.jpg 1200w, https:\/\/www.pdgfc.de\/content\/wp-content\/uploads\/2021\/02\/Image5.jpg 1384w\" sizes=\"auto, (max-width: 709px) 85vw, (max-width: 909px) 67vw, (max-width: 1362px) 62vw, 840px\" \/><\/a><figcaption class=\"wp-element-caption\">Offizieller Madenburgparkplatz (rechts). Fu\u00dfweg zur Madenburg (links). Dauer 15 Minuten<\/figcaption><\/figure>\n\n\n\n<p><\/p>\n\n\n\n<p>Wenn man am Landeplatz steht, ist der Fu\u00dfweg zur Burg oder zum Madenburgparkplatz relativ weit und dauert ca. 50-60 Minuten. <\/p>\n\n\n\n<p>Vom Landeplatz aus kann man folgenden Fu\u00dfweg nach oben nehmen:<\/p>\n\n\n\n<figure class=\"wp-block-image size-large\"><a href=\"https:\/\/www.pdgfc.de\/content\/wp-content\/uploads\/2021\/02\/Image4.jpg\"><img loading=\"lazy\" decoding=\"async\" width=\"1024\" height=\"528\" src=\"https:\/\/www.pdgfc.de\/content\/wp-content\/uploads\/2021\/02\/Image4-1024x528.jpg\" alt=\"\" class=\"wp-image-2265\" srcset=\"https:\/\/www.pdgfc.de\/content\/wp-content\/uploads\/2021\/02\/Image4-1024x528.jpg 1024w, https:\/\/www.pdgfc.de\/content\/wp-content\/uploads\/2021\/02\/Image4-300x155.jpg 300w, https:\/\/www.pdgfc.de\/content\/wp-content\/uploads\/2021\/02\/Image4-768x396.jpg 768w, https:\/\/www.pdgfc.de\/content\/wp-content\/uploads\/2021\/02\/Image4-1536x792.jpg 1536w, https:\/\/www.pdgfc.de\/content\/wp-content\/uploads\/2021\/02\/Image4-2048x1056.jpg 2048w, https:\/\/www.pdgfc.de\/content\/wp-content\/uploads\/2021\/02\/Image4-1200x619.jpg 1200w\" sizes=\"auto, (max-width: 709px) 85vw, (max-width: 909px) 67vw, (max-width: 1362px) 62vw, 840px\" \/><\/a><figcaption class=\"wp-element-caption\">Der Fu\u00dfweg vom Landeplatz zum Startplatz ist orange eingezeichnet. Dauer: 50-60 Minuten<\/figcaption><\/figure>\n\n\n\n<p>Alternativ kann man an der Kaiserbacher M\u00fchle parken und von dort nach oben laufen. <\/p>\n\n\n\n<figure class=\"wp-block-image size-large\"><a href=\"https:\/\/www.pdgfc.de\/content\/wp-content\/uploads\/2021\/02\/Image6.jpg\"><img loading=\"lazy\" decoding=\"async\" width=\"1024\" height=\"610\" src=\"https:\/\/www.pdgfc.de\/content\/wp-content\/uploads\/2021\/02\/Image6-1024x610.jpg\" alt=\"\" class=\"wp-image-2266\" srcset=\"https:\/\/www.pdgfc.de\/content\/wp-content\/uploads\/2021\/02\/Image6-1024x610.jpg 1024w, https:\/\/www.pdgfc.de\/content\/wp-content\/uploads\/2021\/02\/Image6-300x179.jpg 300w, https:\/\/www.pdgfc.de\/content\/wp-content\/uploads\/2021\/02\/Image6-768x458.jpg 768w, https:\/\/www.pdgfc.de\/content\/wp-content\/uploads\/2021\/02\/Image6-1536x915.jpg 1536w, https:\/\/www.pdgfc.de\/content\/wp-content\/uploads\/2021\/02\/Image6-2048x1220.jpg 2048w, https:\/\/www.pdgfc.de\/content\/wp-content\/uploads\/2021\/02\/Image6-1200x715.jpg 1200w\" sizes=\"auto, (max-width: 709px) 85vw, (max-width: 909px) 67vw, (max-width: 1362px) 62vw, 840px\" \/><\/a><figcaption class=\"wp-element-caption\">Parkplatz Kaiserbacher M\u00fchle und Fu\u00dfweg zum Startplatz. Dauer: 45-55 Minuten<\/figcaption><\/figure>\n\n\n\n<p><\/p>\n\n\n\n<p><\/p>\n\n\n\n<p>Man kann auch am Sportplatz in Eschbach parken. Hier gibt es einen direkten Weg nach oben (rot) oder einen etwas l\u00e4ngeren (orange).<\/p>\n\n\n\n<figure class=\"wp-block-image size-large\"><a href=\"https:\/\/www.pdgfc.de\/content\/wp-content\/uploads\/2021\/02\/Image7b.jpg\"><img loading=\"lazy\" decoding=\"async\" width=\"1024\" height=\"534\" src=\"https:\/\/www.pdgfc.de\/content\/wp-content\/uploads\/2021\/02\/Image7b-1024x534.jpg\" alt=\"\" class=\"wp-image-2269\" srcset=\"https:\/\/www.pdgfc.de\/content\/wp-content\/uploads\/2021\/02\/Image7b-1024x534.jpg 1024w, https:\/\/www.pdgfc.de\/content\/wp-content\/uploads\/2021\/02\/Image7b-300x156.jpg 300w, https:\/\/www.pdgfc.de\/content\/wp-content\/uploads\/2021\/02\/Image7b-768x400.jpg 768w, https:\/\/www.pdgfc.de\/content\/wp-content\/uploads\/2021\/02\/Image7b-1536x801.jpg 1536w, https:\/\/www.pdgfc.de\/content\/wp-content\/uploads\/2021\/02\/Image7b-2048x1068.jpg 2048w, https:\/\/www.pdgfc.de\/content\/wp-content\/uploads\/2021\/02\/Image7b-1200x626.jpg 1200w\" sizes=\"auto, (max-width: 709px) 85vw, (max-width: 909px) 67vw, (max-width: 1362px) 62vw, 840px\" \/><\/a><figcaption class=\"wp-element-caption\">Zwei Wege vom Sportplatz nach oben<\/figcaption><\/figure>\n\n\n\n<p><\/p>\n\n\n\n<h6 class=\"wp-block-heading\">Zur\u00fcck zur \u00dcbersicht: <a href=\"https:\/\/www.pdgfc.de\/content\/?page_id=437\" data-type=\"page\" data-id=\"437\">Infos zur Madenburg<\/a><\/h6>\n","protected":false},"excerpt":{"rendered":"<p>Hier eine \u00dcbersicht aller Parkpl\u00e4tze. Zum Vergr\u00f6\u00dfern einfach auf das Bild klicken. Um zur Madenburg zu kommen, kann der offizielle Madenburgparkplatz genutzt werden (im oberen Bild rechts oben). Ab dort muss man noch 1,1 km (ca. 15 Minuten) laufen. Mit dem Auto darf nur bis zum Madenburgparkplatz gefahren werden. Eine Fahrt direkt zur Burg ist &hellip; <a href=\"https:\/\/www.pdgfc.de\/content\/?page_id=2264\" class=\"more-link\">Continue reading<span class=\"screen-reader-text\"> &#8220;Madenburg Parken und Wege&#8221;<\/span><\/a><\/p>\n","protected":false},"author":12,"featured_media":0,"parent":0,"menu_order":0,"comment_status":"closed","ping_status":"closed","template":"","meta":{"_s2mail":"","footnotes":""},"class_list":["post-2264","page","type-page","status-publish","hentry"],"_links":{"self":[{"href":"https:\/\/www.pdgfc.de\/content\/index.php?rest_route=\/wp\/v2\/pages\/2264","targetHints":{"allow":["GET"]}}],"collection":[{"href":"https:\/\/www.pdgfc.de\/content\/index.php?rest_route=\/wp\/v2\/pages"}],"about":[{"href":"https:\/\/www.pdgfc.de\/content\/index.php?rest_route=\/wp\/v2\/types\/page"}],"author":[{"embeddable":true,"href":"https:\/\/www.pdgfc.de\/content\/index.php?rest_route=\/wp\/v2\/users\/12"}],"replies":[{"embeddable":true,"href":"https:\/\/www.pdgfc.de\/content\/index.php?rest_route=%2Fwp%2Fv2%2Fcomments&post=2264"}],"version-history":[{"count":9,"href":"https:\/\/www.pdgfc.de\/content\/index.php?rest_route=\/wp\/v2\/pages\/2264\/revisions"}],"predecessor-version":[{"id":2852,"href":"https:\/\/www.pdgfc.de\/content\/index.php?rest_route=\/wp\/v2\/pages\/2264\/revisions\/2852"}],"wp:attachment":[{"href":"https:\/\/www.pdgfc.de\/content\/index.php?rest_route=%2Fwp%2Fv2%2Fmedia&parent=2264"}],"curies":[{"name":"wp","href":"https:\/\/api.w.org\/{rel}","templated":true}]}}