{"id":2152,"date":"2020-04-25T14:54:55","date_gmt":"2020-04-25T12:54:55","guid":{"rendered":"http:\/\/www.pdgfc.de\/content\/?page_id=2152"},"modified":"2021-07-19T10:11:24","modified_gmt":"2021-07-19T08:11:24","slug":"mitgliedschaft","status":"publish","type":"page","link":"https:\/\/www.pdgfc.de\/content\/?page_id=2152","title":{"rendered":"Mitgliedschaft &#8211; aktuelle Information"},"content":{"rendered":"\n<p>Der Verein hat ein maximales Kontingent von neuen Mitgliedschaften vorgesehen, das inzwischen erreicht wurde. <\/p>\n\n\n\n<p>Wer sein Interesse an einer Mitgliedschaft bekunden m\u00f6chte, sobald dies m\u00f6glich ist, kann eine E-Mail an <a href=\"mailto:verein@pdgfc.de\">verein@pdgfc.de<\/a> schicken und sich f\u00fcr die Mitgliedschaft vormerken lassen. <\/p>\n","protected":false},"excerpt":{"rendered":"<p>Der Verein hat ein maximales Kontingent von neuen Mitgliedschaften vorgesehen, das inzwischen erreicht wurde. Wer sein Interesse an einer Mitgliedschaft bekunden m\u00f6chte, sobald dies m\u00f6glich ist, kann eine E-Mail an verein@pdgfc.de schicken und sich f\u00fcr die Mitgliedschaft vormerken lassen.<\/p>\n","protected":false},"author":12,"featured_media":0,"parent":0,"menu_order":0,"comment_status":"closed","ping_status":"closed","template":"","meta":{"_s2mail":"","footnotes":""},"class_list":["post-2152","page","type-page","status-publish","hentry"],"_links":{"self":[{"href":"https:\/\/www.pdgfc.de\/content\/index.php?rest_route=\/wp\/v2\/pages\/2152","targetHints":{"allow":["GET"]}}],"collection":[{"href":"https:\/\/www.pdgfc.de\/content\/index.php?rest_route=\/wp\/v2\/pages"}],"about":[{"href":"https:\/\/www.pdgfc.de\/content\/index.php?rest_route=\/wp\/v2\/types\/page"}],"author":[{"embeddable":true,"href":"https:\/\/www.pdgfc.de\/content\/index.php?rest_route=\/wp\/v2\/users\/12"}],"replies":[{"embeddable":true,"href":"https:\/\/www.pdgfc.de\/content\/index.php?rest_route=%2Fwp%2Fv2%2Fcomments&post=2152"}],"version-history":[{"count":7,"href":"https:\/\/www.pdgfc.de\/content\/index.php?rest_route=\/wp\/v2\/pages\/2152\/revisions"}],"predecessor-version":[{"id":2405,"href":"https:\/\/www.pdgfc.de\/content\/index.php?rest_route=\/wp\/v2\/pages\/2152\/revisions\/2405"}],"wp:attachment":[{"href":"https:\/\/www.pdgfc.de\/content\/index.php?rest_route=%2Fwp%2Fv2%2Fmedia&parent=2152"}],"curies":[{"name":"wp","href":"https:\/\/api.w.org\/{rel}","templated":true}]}}