{"id":2,"date":"2008-06-05T10:24:14","date_gmt":"2008-06-05T08:24:14","guid":{"rendered":"http:\/\/www.pdgfc.de\/content\/?page_id=2"},"modified":"2025-07-11T03:04:14","modified_gmt":"2025-07-11T01:04:14","slug":"about","status":"publish","type":"page","link":"https:\/\/www.pdgfc.de\/content\/?page_id=2","title":{"rendered":"Vereinsinfo"},"content":{"rendered":"<h2><strong>1. Pf\u00e4lzer Drachen- und Gleitschirmflieger Club e. V.<\/strong><\/h2>\n<p><a href=\"https:\/\/www.pdgfc.de\/content\/wp-content\/uploads\/2019\/04\/PDGFC2019.png\"><img loading=\"lazy\" decoding=\"async\" class=\"alignright wp-image-1973 \" src=\"https:\/\/www.pdgfc.de\/content\/wp-content\/uploads\/2019\/04\/PDGFC2019.png\" alt=\"\" width=\"272\" height=\"189\" srcset=\"https:\/\/www.pdgfc.de\/content\/wp-content\/uploads\/2019\/04\/PDGFC2019.png 1057w, https:\/\/www.pdgfc.de\/content\/wp-content\/uploads\/2019\/04\/PDGFC2019-300x208.png 300w, https:\/\/www.pdgfc.de\/content\/wp-content\/uploads\/2019\/04\/PDGFC2019-768x532.png 768w, https:\/\/www.pdgfc.de\/content\/wp-content\/uploads\/2019\/04\/PDGFC2019-1024x709.png 1024w, https:\/\/www.pdgfc.de\/content\/wp-content\/uploads\/2019\/04\/PDGFC2019-433x300.png 433w\" sizes=\"auto, (max-width: 272px) 85vw, 272px\" \/><\/a>Der 1. PDGFC ist eine Gemeinschaft von Drachen- und Gleitschirmfliegern. Der Verein unterh\u00e4lt <a title=\"Fluggel\u00e4nde\" href=\"https:\/\/www.pdgfc.de\/content\/?page_id=5\">Fluggel\u00e4nde<\/a> am Donnersberg, in Steckweiler, an der Madenburg und dem Hohenberg. Einige dieser Gel\u00e4nde sind Haltergemeinschaften mit anderen Vereinen.<\/p>\n<p>Der Verein besteht aus 100 Mitgliedern (Stand 01.01.2024).<\/p>\n<p>Normalerweise findet einmal im Jahr eine Clubfahrt statt, meistens in die Alpen. Es gibt eine inoffizielle Vereinsmeisterschaft mit der Pr\u00e4mierung der besten Fl\u00fcge des Jahres.<\/p>\n<p>Mitglied werden k\u00f6nnen alle Freunde des Flugsports. Das sind aktive und inaktive Drachen- und Gleitschirmflieger, aber auch Nichtflieger.<\/p>\n","protected":false},"excerpt":{"rendered":"<p>1. Pf\u00e4lzer Drachen- und Gleitschirmflieger Club e. V. Der 1. PDGFC ist eine Gemeinschaft von Drachen- und Gleitschirmfliegern. Der Verein unterh\u00e4lt Fluggel\u00e4nde am Donnersberg, in Steckweiler, an der Madenburg und dem Hohenberg. Einige dieser Gel\u00e4nde sind Haltergemeinschaften mit anderen Vereinen. Der Verein besteht aus 100 Mitgliedern (Stand 01.01.2024). Normalerweise findet einmal im Jahr eine Clubfahrt &hellip; <a href=\"https:\/\/www.pdgfc.de\/content\/?page_id=2\" class=\"more-link\">Continue reading<span class=\"screen-reader-text\"> &#8220;Vereinsinfo&#8221;<\/span><\/a><\/p>\n","protected":false},"author":6,"featured_media":0,"parent":16,"menu_order":1,"comment_status":"closed","ping_status":"closed","template":"","meta":{"_s2mail":"yes","footnotes":""},"class_list":["post-2","page","type-page","status-publish","hentry"],"_links":{"self":[{"href":"https:\/\/www.pdgfc.de\/content\/index.php?rest_route=\/wp\/v2\/pages\/2","targetHints":{"allow":["GET"]}}],"collection":[{"href":"https:\/\/www.pdgfc.de\/content\/index.php?rest_route=\/wp\/v2\/pages"}],"about":[{"href":"https:\/\/www.pdgfc.de\/content\/index.php?rest_route=\/wp\/v2\/types\/page"}],"author":[{"embeddable":true,"href":"https:\/\/www.pdgfc.de\/content\/index.php?rest_route=\/wp\/v2\/users\/6"}],"replies":[{"embeddable":true,"href":"https:\/\/www.pdgfc.de\/content\/index.php?rest_route=%2Fwp%2Fv2%2Fcomments&post=2"}],"version-history":[{"count":63,"href":"https:\/\/www.pdgfc.de\/content\/index.php?rest_route=\/wp\/v2\/pages\/2\/revisions"}],"predecessor-version":[{"id":3057,"href":"https:\/\/www.pdgfc.de\/content\/index.php?rest_route=\/wp\/v2\/pages\/2\/revisions\/3057"}],"up":[{"embeddable":true,"href":"https:\/\/www.pdgfc.de\/content\/index.php?rest_route=\/wp\/v2\/pages\/16"}],"wp:attachment":[{"href":"https:\/\/www.pdgfc.de\/content\/index.php?rest_route=%2Fwp%2Fv2%2Fmedia&parent=2"}],"curies":[{"name":"wp","href":"https:\/\/api.w.org\/{rel}","templated":true}]}}