{"id":16,"date":"2008-06-09T09:15:04","date_gmt":"2008-06-09T07:15:04","guid":{"rendered":"http:\/\/www.pdgfc.de\/content\/?page_id=16"},"modified":"2023-12-21T17:41:05","modified_gmt":"2023-12-21T15:41:05","slug":"verein","status":"publish","type":"page","link":"https:\/\/www.pdgfc.de\/content\/?page_id=16","title":{"rendered":"Verein"},"content":{"rendered":"<h3>Vereinsinfo<\/h3>\n<p><a title=\"Vereinsinfo\" href=\"https:\/\/www.pdgfc.de\/content\/?page_id=2\">Informationen \u00fcber den 1. PDGFC<\/a><\/p>\n<h3>Vorstand und Kontaktpersonen<\/h3>\n<p><a title=\"Kontakt\" href=\"https:\/\/www.pdgfc.de\/content\/?page_id=328\">Kontaktpersonen bei Fragen zu Verein oder Fluggebieten<\/a><\/p>\n<h3>Mitgliedschaft<\/h3>\n<p><a title=\"Mitgliedschaft\" href=\"https:\/\/www.pdgfc.de\/content\/?page_id=320\">Ich m\u00f6chte Mitglied beim 1. PDGFC werden!<\/a><\/p>\n<h3>Internes<\/h3>\n<p><a title=\"Internes\" href=\"https:\/\/www.pdgfc.de\/content\/?page_id=363\">Vereinssatzung und Liste aller Vereinsmitglieder <\/a>(Passwort gesch\u00fctzt)<\/p>\n<h3>Eigene Nachricht ver\u00f6ffentliche<\/h3>\n<p><a title=\"Eigene Nachricht ver\u00f6ffentlichen\" href=\"https:\/\/www.pdgfc.de\/content\/?page_id=613\">Anleitung, wie man eine eigene Nachricht ver\u00f6ffentlicht, die auf der Titelseite angezeigt wird.<\/a><\/p>\n\n\n<h3 class=\"wp-block-heading\">Hall of Fame<\/h3>\n\n\n\n<p><a href=\"https:\/\/www.pdgfc.de\/content\/?page_id=2630\">Hall of Fame <\/a><\/p>\n","protected":false},"excerpt":{"rendered":"<p>Vereinsinfo Informationen \u00fcber den 1. PDGFC Vorstand und Kontaktpersonen Kontaktpersonen bei Fragen zu Verein oder Fluggebieten Mitgliedschaft Ich m\u00f6chte Mitglied beim 1. PDGFC werden! Internes Vereinssatzung und Liste aller Vereinsmitglieder (Passwort gesch\u00fctzt) Eigene Nachricht ver\u00f6ffentliche Anleitung, wie man eine eigene Nachricht ver\u00f6ffentlicht, die auf der Titelseite angezeigt wird. Hall of Fame Hall of Fame<\/p>\n","protected":false},"author":6,"featured_media":0,"parent":0,"menu_order":1,"comment_status":"closed","ping_status":"closed","template":"","meta":{"_s2mail":"","footnotes":""},"class_list":["post-16","page","type-page","status-publish","hentry"],"_links":{"self":[{"href":"https:\/\/www.pdgfc.de\/content\/index.php?rest_route=\/wp\/v2\/pages\/16","targetHints":{"allow":["GET"]}}],"collection":[{"href":"https:\/\/www.pdgfc.de\/content\/index.php?rest_route=\/wp\/v2\/pages"}],"about":[{"href":"https:\/\/www.pdgfc.de\/content\/index.php?rest_route=\/wp\/v2\/types\/page"}],"author":[{"embeddable":true,"href":"https:\/\/www.pdgfc.de\/content\/index.php?rest_route=\/wp\/v2\/users\/6"}],"replies":[{"embeddable":true,"href":"https:\/\/www.pdgfc.de\/content\/index.php?rest_route=%2Fwp%2Fv2%2Fcomments&post=16"}],"version-history":[{"count":30,"href":"https:\/\/www.pdgfc.de\/content\/index.php?rest_route=\/wp\/v2\/pages\/16\/revisions"}],"predecessor-version":[{"id":2650,"href":"https:\/\/www.pdgfc.de\/content\/index.php?rest_route=\/wp\/v2\/pages\/16\/revisions\/2650"}],"wp:attachment":[{"href":"https:\/\/www.pdgfc.de\/content\/index.php?rest_route=%2Fwp%2Fv2%2Fmedia&parent=16"}],"curies":[{"name":"wp","href":"https:\/\/api.w.org\/{rel}","templated":true}]}}