{"id":1355,"date":"2014-08-10T23:37:55","date_gmt":"2014-08-10T21:37:55","guid":{"rendered":"http:\/\/www.pdgfc.de\/content\/?page_id=1355"},"modified":"2016-01-12T15:14:25","modified_gmt":"2016-01-12T13:14:25","slug":"wind-messstation-neu-starten","status":"publish","type":"page","link":"https:\/\/www.pdgfc.de\/content\/?page_id=1355","title":{"rendered":"Wind-Messstation neu starten"},"content":{"rendered":"<p>Wenn f\u00fcr mehr als einen Tag trotz sonnigem Wetter und Wind keine neuen Werte auf der Webseite angezeigt werden, kann man davon ausgehen das die Station &#8220;abgest\u00fcrzt&#8221; ist.<\/p>\n<p>Ein Neustart ist leider nur manuell vor Ort m\u00f6glich und funktioniert wie folgt:<\/p>\n<p>1. Eine Schlitz Schraubendreher 5mm wird ben\u00f6tigt&#8230; es ist hoffentlich einer im Kasten mit dem Flugbuch. Die Sendestation befindet sich auf der R\u00fcckseite des Baumes an dessen Spitze auch der Windsensor befestigt ist.<br \/>\n2. Den Kasten vom Baum abnehmen und mit der R\u00fcckseite nach unten ablegen.<br \/>\n3. Die 4 Kunststoffschrauben l\u00f6sen &#8211; bitte nicht abrutschen sonst sind die ruck zuck &#8220;rund&#8221; gedreht. Die Schrauben k\u00f6nnen nicht rausfallen.<br \/>\n<a href=\"https:\/\/www.pdgfc.de\/content\/wp-content\/uploads\/2014\/08\/IMG_1567s.jpg\"><img loading=\"lazy\" decoding=\"async\" class=\"alignnone size-full wp-image-1357\" src=\"https:\/\/www.pdgfc.de\/content\/wp-content\/uploads\/2014\/08\/IMG_1567s.jpg\" alt=\"IMG_1567s\" width=\"600\" height=\"800\" srcset=\"https:\/\/www.pdgfc.de\/content\/wp-content\/uploads\/2014\/08\/IMG_1567s.jpg 600w, https:\/\/www.pdgfc.de\/content\/wp-content\/uploads\/2014\/08\/IMG_1567s-225x300.jpg 225w\" sizes=\"auto, (max-width: 600px) 85vw, 600px\" \/><\/a><br \/>\n4. Den Deckel vorsichtig abnehmen. Das Kabel zu roten LED im Decke abziehen. Den Deckel weg legen. Das Handy ist rechts im Geh\u00e4use.Die Verbindungskabel sind lang genug das das Handy so drehen kann das die Tastatur bedeint werden kann. Aber bitte aufpassen das man nichts sonst aus dem K\u00e4stchen zerrt&#8230;<br \/>\n5. Das Handy ausschalten durch langen Druck auf den roten Knopf.<br \/>\n6. Das Handy wieder einschalten durch langen Druck auf den roten Knopf.<br \/>\n7. Ca. 30 Sekunden warten. Mit Druck auf den mittlern &#8220;Joystick-Knopf&#8221; das Hauptmen\u00fc aufrufen und dann auf das gelbe &#8220;Ordnersymbol&#8221; navigieren. Mit Druck auf den mittlern &#8220;Joystick-Knopf&#8221; den Ordner \u00f6ffnen.<br \/>\n<a href=\"https:\/\/www.pdgfc.de\/content\/wp-content\/uploads\/2014\/08\/IMG_1570s.jpg\"><img loading=\"lazy\" decoding=\"async\" class=\"alignnone size-full wp-image-1360\" src=\"https:\/\/www.pdgfc.de\/content\/wp-content\/uploads\/2014\/08\/IMG_1570s.jpg\" alt=\"IMG_1570s\" width=\"600\" height=\"800\" srcset=\"https:\/\/www.pdgfc.de\/content\/wp-content\/uploads\/2014\/08\/IMG_1570s.jpg 600w, https:\/\/www.pdgfc.de\/content\/wp-content\/uploads\/2014\/08\/IMG_1570s-225x300.jpg 225w\" sizes=\"auto, (max-width: 600px) 85vw, 600px\" \/><\/a><br \/>\n8. Den Men\u00fcpunkt &#8220;Anwendungen&#8221; anw\u00e4hlen und \u00f6ffnen. <a href=\"https:\/\/www.pdgfc.de\/content\/wp-content\/uploads\/2014\/08\/IMG_1572s.jpg\"><img loading=\"lazy\" decoding=\"async\" class=\"alignnone size-full wp-image-1362\" src=\"https:\/\/www.pdgfc.de\/content\/wp-content\/uploads\/2014\/08\/IMG_1572s.jpg\" alt=\"IMG_1572s\" width=\"600\" height=\"800\" srcset=\"https:\/\/www.pdgfc.de\/content\/wp-content\/uploads\/2014\/08\/IMG_1572s.jpg 600w, https:\/\/www.pdgfc.de\/content\/wp-content\/uploads\/2014\/08\/IMG_1572s-225x300.jpg 225w\" sizes=\"auto, (max-width: 600px) 85vw, 600px\" \/><\/a><br \/>\n9. Den Menupunkt &#8220;Windstation&#8221; ausw\u00e4hlen und \u00f6ffnen.<br \/>\n<a href=\"https:\/\/www.pdgfc.de\/content\/wp-content\/uploads\/2014\/08\/IMG_1573s.jpg\"><img loading=\"lazy\" decoding=\"async\" class=\"alignnone size-full wp-image-1364\" src=\"https:\/\/www.pdgfc.de\/content\/wp-content\/uploads\/2014\/08\/IMG_1573s.jpg\" alt=\"IMG_1573s\" width=\"600\" height=\"800\" srcset=\"https:\/\/www.pdgfc.de\/content\/wp-content\/uploads\/2014\/08\/IMG_1573s.jpg 600w, https:\/\/www.pdgfc.de\/content\/wp-content\/uploads\/2014\/08\/IMG_1573s-225x300.jpg 225w\" sizes=\"auto, (max-width: 600px) 85vw, 600px\" \/><\/a><br \/>\n10. Die Sicherheitsabfrage zum Kabel mit &#8220;Ja&#8221; best\u00e4tigen. Dazu den Knopf direkt unter dem &#8220;Ja&#8221; (mit den drei kleinen Noppen) bet\u00e4tigen. <a href=\"https:\/\/www.pdgfc.de\/content\/wp-content\/uploads\/2014\/08\/IMG_1574s.jpg\"><img loading=\"lazy\" decoding=\"async\" class=\"alignnone size-full wp-image-1366\" src=\"https:\/\/www.pdgfc.de\/content\/wp-content\/uploads\/2014\/08\/IMG_1574s.jpg\" alt=\"IMG_1574s\" width=\"600\" height=\"800\" srcset=\"https:\/\/www.pdgfc.de\/content\/wp-content\/uploads\/2014\/08\/IMG_1574s.jpg 600w, https:\/\/www.pdgfc.de\/content\/wp-content\/uploads\/2014\/08\/IMG_1574s-225x300.jpg 225w\" sizes=\"auto, (max-width: 600px) 85vw, 600px\" \/><\/a><br \/>\n11. Die Nutzung des Internet f\u00fcr die Sitzung mit &#8220;OK&#8221; best\u00e4tigen. Dazu den Knopf direkt unter dem &#8220;OK&#8221; (mit den drei kleinen Noppen) bet\u00e4tigen.<br \/>\n<a href=\"https:\/\/www.pdgfc.de\/content\/wp-content\/uploads\/2014\/08\/IMG_1575s.jpg\"><img loading=\"lazy\" decoding=\"async\" class=\"alignnone size-full wp-image-1368\" src=\"https:\/\/www.pdgfc.de\/content\/wp-content\/uploads\/2014\/08\/IMG_1575s.jpg\" alt=\"IMG_1575s\" width=\"600\" height=\"800\" srcset=\"https:\/\/www.pdgfc.de\/content\/wp-content\/uploads\/2014\/08\/IMG_1575s.jpg 600w, https:\/\/www.pdgfc.de\/content\/wp-content\/uploads\/2014\/08\/IMG_1575s-225x300.jpg 225w\" sizes=\"auto, (max-width: 600px) 85vw, 600px\" \/><\/a><br \/>\n12. Der Bildschirm wird f\u00fcr einige Sekunden schwarz&#8230; nach sp\u00e4testens 30 Sekunden sollten die ersten Werte im Display angezeigt werden.<br \/>\n13. Das Handy wieder neben dem Akku verstauen. Dabei aufpassen das keine Tasten gedr\u00fcckt werden oder das Datenkabel versehentlich abgezogen wird.<br \/>\n14. Den Deckel vorsichtig wieder aufsetzen und vorher das Kabel f\u00fcr die LED wieder anschlie\u00dfen! Das braune Kabel muss zu der Seite mit dem schwarzen Punkt zeigen &#8211; sonst funktioniert es nicht! Die LED muss nach ca. 10 Sekunden anfange alle 2,5 Sekunden einmal kurz zu blinken. Kabel ggf. umgekehrt anstecken, wenn das nicht pasiert. Unbedingt kontrollieren das keine Kabel eingeklemmt werden wenn der Deckel aufgesetzt wird!<br \/>\n15. Die Schraube wieder zudrehen. NICHT ZU FEST ANZIEHEN! Der Deckel darf zwar kein Spiel mehr haben oder wackeln aber auf keinen Fall die Schrauben zudreschen&#8230;<br \/>\n16. Station wieder am Baum befestigen und Schraubendreher beim Flugbuch verstauen.<br \/>\n17. Falls Smartphone vorhanden: Kontrollieren ob Daten gesendet werden, also die Seite im Internet abrufen. Wenn etwas Wind ist ,sollte sich nach 5 Minuten etwas getan haben&#8230;<br \/>\n18. Geschafft! Vielen Dank f\u00fcr den Neustart &#8211; die Fliegerkollegen werden es dir danken!<\/p>\n","protected":false},"excerpt":{"rendered":"<p>Wenn f\u00fcr mehr als einen Tag trotz sonnigem Wetter und Wind keine neuen Werte auf der Webseite angezeigt werden, kann man davon ausgehen das die Station &#8220;abgest\u00fcrzt&#8221; ist. Ein Neustart ist leider nur manuell vor Ort m\u00f6glich und funktioniert wie folgt: 1. Eine Schlitz Schraubendreher 5mm wird ben\u00f6tigt&#8230; es ist hoffentlich einer im Kasten mit &hellip; <a href=\"https:\/\/www.pdgfc.de\/content\/?page_id=1355\" class=\"more-link\">Continue reading<span class=\"screen-reader-text\"> &#8220;Wind-Messstation neu starten&#8221;<\/span><\/a><\/p>\n","protected":false},"author":10,"featured_media":0,"parent":0,"menu_order":0,"comment_status":"closed","ping_status":"closed","template":"","meta":{"_s2mail":"yes","footnotes":""},"class_list":["post-1355","page","type-page","status-publish","hentry"],"_links":{"self":[{"href":"https:\/\/www.pdgfc.de\/content\/index.php?rest_route=\/wp\/v2\/pages\/1355","targetHints":{"allow":["GET"]}}],"collection":[{"href":"https:\/\/www.pdgfc.de\/content\/index.php?rest_route=\/wp\/v2\/pages"}],"about":[{"href":"https:\/\/www.pdgfc.de\/content\/index.php?rest_route=\/wp\/v2\/types\/page"}],"author":[{"embeddable":true,"href":"https:\/\/www.pdgfc.de\/content\/index.php?rest_route=\/wp\/v2\/users\/10"}],"replies":[{"embeddable":true,"href":"https:\/\/www.pdgfc.de\/content\/index.php?rest_route=%2Fwp%2Fv2%2Fcomments&post=1355"}],"version-history":[{"count":9,"href":"https:\/\/www.pdgfc.de\/content\/index.php?rest_route=\/wp\/v2\/pages\/1355\/revisions"}],"predecessor-version":[{"id":1528,"href":"https:\/\/www.pdgfc.de\/content\/index.php?rest_route=\/wp\/v2\/pages\/1355\/revisions\/1528"}],"wp:attachment":[{"href":"https:\/\/www.pdgfc.de\/content\/index.php?rest_route=%2Fwp%2Fv2%2Fmedia&parent=1355"}],"curies":[{"name":"wp","href":"https:\/\/api.w.org\/{rel}","templated":true}]}}