{"id":13,"date":"2008-06-09T07:26:21","date_gmt":"2008-06-09T05:26:21","guid":{"rendered":"http:\/\/www.pdgfc.de\/content\/?page_id=13"},"modified":"2024-02-02T15:22:03","modified_gmt":"2024-02-02T13:22:03","slug":"fbo-stolzenberg-steckweiler","status":"publish","type":"page","link":"https:\/\/www.pdgfc.de\/content\/?page_id=13","title":{"rendered":"FBO Stolzenberg (Steckweiler)"},"content":{"rendered":"<ul>\n<li>In Startrichtung links vom Startplatz ist ein <span style=\"color: #000000;\"><strong>Modellfluggel\u00e4nde<\/strong>. Bei gleichzeitigem Flugbetrieb ist deshalb der Hangbereich links vom Startplatz zu meiden. Bisher haben wir ein gutes Verh\u00e4ltnis zu den Modellfliegern. Bitte sorgt durch euer Verhalten daf\u00fcr, dass das auch so bleibt!<\/span><\/li>\n<li>Maximal 3 Piloten d\u00fcrfen gleichzeitig in Hangn\u00e4he fliegen, daher darf das Fluggebiet <strong><span style=\"color: #000000;\">nur von Mitgliedern der Haltergemeinschaft <\/span><\/strong><span style=\"color: #000000;\">genutzt werden.<\/span><strong><span style=\"color: #000000;\"><br \/>\n<\/span><\/strong><\/li>\n<li><span style=\"color: #000000;\">Der Stol<\/span><span style=\"color: #000000;\">zenberg ist ein<\/span><strong><span style=\"color: #000000;\"> B-Schein-Gel\u00e4nde. <\/span><\/strong><span style=\"color: #000000;\">Ausbildungsfl\u00fcge und Fl\u00fcge f\u00fcr Piloten mit beschr\u00e4nktem Luftfahrerschein (A-Schein) sind nicht gestattet.<\/span><strong><span style=\"color: #000000;\"><br \/>\n<\/span><\/strong><\/li>\n<li>Die <a href=\"https:\/\/www.pdgfc.de\/content\/?page_id=12\">Zufahrts- und Parkregelungen<\/a> ist zu beachten.<\/li>\n<li>Vor dem ersten Flug muss eine m\u00fcndliche Einweisung erfolgen.<\/li>\n<\/ul>\n<p style=\"margin-bottom: 0cm;\"><strong>Ansprechpartner: <\/strong>Georg Kreber, 0151-54854636<\/p>\n","protected":false},"excerpt":{"rendered":"<p>In Startrichtung links vom Startplatz ist ein Modellfluggel\u00e4nde. Bei gleichzeitigem Flugbetrieb ist deshalb der Hangbereich links vom Startplatz zu meiden. Bisher haben wir ein gutes Verh\u00e4ltnis zu den Modellfliegern. Bitte sorgt durch euer Verhalten daf\u00fcr, dass das auch so bleibt! Maximal 3 Piloten d\u00fcrfen gleichzeitig in Hangn\u00e4he fliegen, daher darf das Fluggebiet nur von Mitgliedern &hellip; <a href=\"https:\/\/www.pdgfc.de\/content\/?page_id=13\" class=\"more-link\">Continue reading<span class=\"screen-reader-text\"> &#8220;FBO Stolzenberg (Steckweiler)&#8221;<\/span><\/a><\/p>\n","protected":false},"author":6,"featured_media":0,"parent":432,"menu_order":2,"comment_status":"closed","ping_status":"closed","template":"","meta":{"_s2mail":"","footnotes":""},"class_list":["post-13","page","type-page","status-publish","hentry"],"_links":{"self":[{"href":"https:\/\/www.pdgfc.de\/content\/index.php?rest_route=\/wp\/v2\/pages\/13","targetHints":{"allow":["GET"]}}],"collection":[{"href":"https:\/\/www.pdgfc.de\/content\/index.php?rest_route=\/wp\/v2\/pages"}],"about":[{"href":"https:\/\/www.pdgfc.de\/content\/index.php?rest_route=\/wp\/v2\/types\/page"}],"author":[{"embeddable":true,"href":"https:\/\/www.pdgfc.de\/content\/index.php?rest_route=\/wp\/v2\/users\/6"}],"replies":[{"embeddable":true,"href":"https:\/\/www.pdgfc.de\/content\/index.php?rest_route=%2Fwp%2Fv2%2Fcomments&post=13"}],"version-history":[{"count":13,"href":"https:\/\/www.pdgfc.de\/content\/index.php?rest_route=\/wp\/v2\/pages\/13\/revisions"}],"predecessor-version":[{"id":2677,"href":"https:\/\/www.pdgfc.de\/content\/index.php?rest_route=\/wp\/v2\/pages\/13\/revisions\/2677"}],"up":[{"embeddable":true,"href":"https:\/\/www.pdgfc.de\/content\/index.php?rest_route=\/wp\/v2\/pages\/432"}],"wp:attachment":[{"href":"https:\/\/www.pdgfc.de\/content\/index.php?rest_route=%2Fwp%2Fv2%2Fmedia&parent=13"}],"curies":[{"name":"wp","href":"https:\/\/api.w.org\/{rel}","templated":true}]}}