{"id":11,"date":"2008-06-09T07:24:41","date_gmt":"2008-06-09T05:24:41","guid":{"rendered":"http:\/\/www.pdgfc.de\/content\/?page_id=11"},"modified":"2021-05-19T15:41:29","modified_gmt":"2021-05-19T13:41:29","slug":"allg-informationen-stolzenberg-steckweiler","status":"publish","type":"page","link":"https:\/\/www.pdgfc.de\/content\/?page_id=11","title":{"rendered":"Allgemeine Infos Stolzenberg (Steckweiler)"},"content":{"rendered":"<h3>Gefahren<\/h3>\n<p style=\"margin-bottom: 0cm;\">Der Wind wird stark komprimiert, daher <span style=\"margin-bottom: 0cm;\">ab 25 km\/h \u00fcberregionalem Wind meist zu stark. Es kann kr<\/span>\u00e4ftige thermische Einlagen geben. Bei Seitenwind ist es teilweise gef\u00e4hrlich turbulent.<\/p>\n","protected":false},"excerpt":{"rendered":"<p>Gefahren Der Wind wird stark komprimiert, daher ab 25 km\/h \u00fcberregionalem Wind meist zu stark. Es kann kr\u00e4ftige thermische Einlagen geben. Bei Seitenwind ist es teilweise gef\u00e4hrlich turbulent.<\/p>\n","protected":false},"author":6,"featured_media":0,"parent":432,"menu_order":0,"comment_status":"closed","ping_status":"closed","template":"","meta":{"_s2mail":"","footnotes":""},"class_list":["post-11","page","type-page","status-publish","hentry"],"_links":{"self":[{"href":"https:\/\/www.pdgfc.de\/content\/index.php?rest_route=\/wp\/v2\/pages\/11","targetHints":{"allow":["GET"]}}],"collection":[{"href":"https:\/\/www.pdgfc.de\/content\/index.php?rest_route=\/wp\/v2\/pages"}],"about":[{"href":"https:\/\/www.pdgfc.de\/content\/index.php?rest_route=\/wp\/v2\/types\/page"}],"author":[{"embeddable":true,"href":"https:\/\/www.pdgfc.de\/content\/index.php?rest_route=\/wp\/v2\/users\/6"}],"replies":[{"embeddable":true,"href":"https:\/\/www.pdgfc.de\/content\/index.php?rest_route=%2Fwp%2Fv2%2Fcomments&post=11"}],"version-history":[{"count":7,"href":"https:\/\/www.pdgfc.de\/content\/index.php?rest_route=\/wp\/v2\/pages\/11\/revisions"}],"predecessor-version":[{"id":2389,"href":"https:\/\/www.pdgfc.de\/content\/index.php?rest_route=\/wp\/v2\/pages\/11\/revisions\/2389"}],"up":[{"embeddable":true,"href":"https:\/\/www.pdgfc.de\/content\/index.php?rest_route=\/wp\/v2\/pages\/432"}],"wp:attachment":[{"href":"https:\/\/www.pdgfc.de\/content\/index.php?rest_route=%2Fwp%2Fv2%2Fmedia&parent=11"}],"curies":[{"name":"wp","href":"https:\/\/api.w.org\/{rel}","templated":true}]}}